{"id":226048,"date":"2026-01-27T08:00:32","date_gmt":"2026-01-27T07:00:32","guid":{"rendered":"https:\/\/www.tendenzeshabbychic.it\/prodotto\/nuvole-di-stoffa-peinture-3-bouteilles-shabby-27x35\/"},"modified":"2026-01-27T08:00:32","modified_gmt":"2026-01-27T07:00:32","slug":"nuvole-di-stoffa-peinture-3-bouteilles-shabby-27x35","status":"publish","type":"product","link":"https:\/\/www.tendenzeshabbychic.it\/fr\/produit\/nuvole-di-stoffa-peinture-3-bouteilles-shabby-27x35\/","title":{"rendered":"Nuvole di Stoffa peinture 3 bouteilles Shabby 27&#215;35"},"content":{"rendered":"<p>Un d\u00e9tail qui rend la pi\u00e8ce plus \u00ab\u00a0maison\u00a0\u00bb en un instant : cette peinture sur toile Nuvole di Stoffa (Nuages d&rsquo;\u00e9toffe) pr\u00e9sente une impression \u00e0 effet aquarelle doux avec <strong>trois bouteilles<\/strong> en verre aux reflets vert-gris, des <strong>bouchons<\/strong> et des n\u0153uds de couleur poudre, agr\u00e9ment\u00e9s d&rsquo;une touche de <strong>dentelle<\/strong>. Au premier plan, un bouquet de <strong>roses roses<\/strong> cr\u00e9e de la profondeur et une atmosph\u00e8re proven\u00e7ale romantique. Le fond en bois clair, l\u00e9g\u00e8rement us\u00e9, renforce le style Shabby Chic. <strong>Pr\u00eat \u00e0 \u00eatre accroch\u00e9<\/strong>, id\u00e9al pour les murs nus ou une petite galerie.  <\/p>\n<ul>\n<li>Impression romantique \u00e0 effet aquarelle<\/li>\n<li>D\u00e9tails shabby : li\u00e8ge, n\u0153uds et dentelle<\/li>\n<li>Couleurs pastel faciles \u00e0 assortir<\/li>\n<li>Format polyvalent 27&#215;35<\/li>\n<li>Pr\u00eat \u00e0 \u00eatre accroch\u00e9, z\u00e9ro stress<\/li>\n<\/ul>\n","protected":false},"excerpt":{"rendered":"<p>Tableau <strong>sur toile<\/strong> Shabby Chic, <strong>pr\u00eat \u00e0 \u00eatre accroch\u00e9<\/strong>, avec une impression d&rsquo;effet <strong>aquarelle<\/strong> dans des tons poudr\u00e9s et cr\u00e8me. La sc\u00e8ne repr\u00e9sente <strong>trois bouteilles en verre<\/strong> avec des bouchons, des n\u0153uds et un d\u00e9tail <strong>en dentelle<\/strong>, encadr\u00e9s par des <strong>roses roses<\/strong> et des feuilles vertes sur un fond de bois clair \u00e0 l&rsquo;aspect us\u00e9. Parfait pour donner une touche romantique et d\u00e9licate \u00e0 un hall d&rsquo;entr\u00e9e, un salon ou une chambre \u00e0 coucher.  <\/p>\n<p><strong>Dimensions<\/strong><br \/>\nDimensions <strong>27 x 0 x 35 cm<\/strong><\/p>\n","protected":false},"featured_media":226046,"comment_status":"open","ping_status":"closed","template":"","meta":{"_joinchat":[]},"pwb-brand":[713],"product_brand":[],"product_cat":[1524],"product_tag":[],"class_list":{"0":"post-226048","1":"product","2":"type-product","3":"status-publish","4":"has-post-thumbnail","6":"pwb-brand-nuvole-di-stoffa","7":"product_cat-peintures-et-toiles","9":"first","10":"outofstock","11":"taxable","12":"shipping-taxable","13":"purchasable","14":"product-type-simple"},"brands":[{"id":1563,"name":"Nuvole di Stoffa","slug":"nuvole-di-stoffa-fr"}],"_links":{"self":[{"href":"https:\/\/www.tendenzeshabbychic.it\/fr\/wp-json\/wp\/v2\/product\/226048","targetHints":{"allow":["GET"]}}],"collection":[{"href":"https:\/\/www.tendenzeshabbychic.it\/fr\/wp-json\/wp\/v2\/product"}],"about":[{"href":"https:\/\/www.tendenzeshabbychic.it\/fr\/wp-json\/wp\/v2\/types\/product"}],"replies":[{"embeddable":true,"href":"https:\/\/www.tendenzeshabbychic.it\/fr\/wp-json\/wp\/v2\/comments?post=226048"}],"wp:featuredmedia":[{"embeddable":true,"href":"https:\/\/www.tendenzeshabbychic.it\/fr\/wp-json\/wp\/v2\/media\/226046"}],"wp:attachment":[{"href":"https:\/\/www.tendenzeshabbychic.it\/fr\/wp-json\/wp\/v2\/media?parent=226048"}],"wp:term":[{"taxonomy":"pwb-brand","embeddable":true,"href":"https:\/\/www.tendenzeshabbychic.it\/fr\/wp-json\/wp\/v2\/pwb-brand?post=226048"},{"taxonomy":"product_brand","embeddable":true,"href":"https:\/\/www.tendenzeshabbychic.it\/fr\/wp-json\/wp\/v2\/product_brand?post=226048"},{"taxonomy":"product_cat","embeddable":true,"href":"https:\/\/www.tendenzeshabbychic.it\/fr\/wp-json\/wp\/v2\/product_cat?post=226048"},{"taxonomy":"product_tag","embeddable":true,"href":"https:\/\/www.tendenzeshabbychic.it\/fr\/wp-json\/wp\/v2\/product_tag?post=226048"}],"curies":[{"name":"wp","href":"https:\/\/api.w.org\/{rel}","templated":true}]}}