{"id":226032,"date":"2026-01-27T09:13:24","date_gmt":"2026-01-27T08:13:24","guid":{"rendered":"https:\/\/www.tendenzeshabbychic.it\/prodotto\/nuvole-di-stoffa-tapis-de-salle-de-bain-beige-70x120-cm\/"},"modified":"2026-01-27T09:13:24","modified_gmt":"2026-01-27T08:13:24","slug":"nuvole-di-stoffa-tapis-de-salle-de-bain-beige-70x120-cm","status":"publish","type":"product","link":"https:\/\/www.tendenzeshabbychic.it\/fr\/produit\/nuvole-di-stoffa-tapis-de-salle-de-bain-beige-70x120-cm\/","title":{"rendered":"Nuvole di Stoffa Tapis de salle de bain Beige 70&#215;120 cm"},"content":{"rendered":"<p>Ce tapis de salle de bain Arabesque de Nuvole di Stoffa se caract\u00e9rise par un travail soign\u00e9 et de riches d\u00e9tails. La surface pr\u00e9sente un \u00e9l\u00e9gant motif central d&rsquo;arabesques en relief, harmonieusement encadr\u00e9 par une bordure p\u00e9riph\u00e9rique qui met en valeur sa forme et son design. <\/p>\n<p>La couleur beige naturelle et chaude met en valeur la texture douce et l\u00e9g\u00e8rement duveteuse, cr\u00e9ant un effet visuel \u00e0 la fois d\u00e9licat et sophistiqu\u00e9. Sa grande taille le rend id\u00e9al pour les salles de bains spacieuses, parfait pour \u00eatre plac\u00e9 devant un double lavabo, une baignoire ou une douche \u00e0 l&rsquo;italienne. <\/p>\n<p>Un accessoire d&rsquo;ameublement con\u00e7u pour ceux qui aiment soigner chaque d\u00e9tail de la salle de bains, transformant un \u00e9l\u00e9ment fonctionnel en un v\u00e9ritable accent d\u00e9coratif de style Shabby Chic, classique ou romantique.<\/p>\n<p><strong>Points forts<\/strong><\/p>\n<ul>\n<li>Motif d&rsquo;arabesque raffin\u00e9 en relief<\/li>\n<li>Cadre d\u00e9coratif d\u00e9finissant le design<\/li>\n<li>Texture douce et agr\u00e9able sous le pied<\/li>\n<li>Couleur beige neutre et \u00e9l\u00e9gante<\/li>\n<li>Grand format id\u00e9al pour les grandes salles de bains<\/li>\n<\/ul>\n","protected":false},"excerpt":{"rendered":"<p>Tapis de salle de bain Nuvole di Stoffa en beige avec un motif raffin\u00e9 d&rsquo;arabesques en relief et un cadre p\u00e9rim\u00e9trique d\u00e9coratif. Doux, \u00e9l\u00e9gant et enveloppant, il est con\u00e7u pour embellir la salle de bains avec un style classique et intemporel. <\/p>\n<p><em>Dimensions :<\/em><br \/>\n70 x 120 cm<\/p>\n","protected":false},"featured_media":226022,"comment_status":"open","ping_status":"closed","template":"","meta":{"_joinchat":[]},"pwb-brand":[713],"product_brand":[],"product_cat":[1474,1464,1530],"product_tag":[],"class_list":{"0":"post-226032","1":"product","2":"type-product","3":"status-publish","4":"has-post-thumbnail","6":"pwb-brand-nuvole-di-stoffa","7":"product_cat-tapis-de-salle-de-bains","8":"product_cat-la-salle-de-bains","9":"product_cat-tapis","11":"first","12":"outofstock","13":"taxable","14":"shipping-taxable","15":"purchasable","16":"product-type-simple"},"brands":[{"id":1563,"name":"Nuvole di Stoffa","slug":"nuvole-di-stoffa-fr"}],"_links":{"self":[{"href":"https:\/\/www.tendenzeshabbychic.it\/fr\/wp-json\/wp\/v2\/product\/226032","targetHints":{"allow":["GET"]}}],"collection":[{"href":"https:\/\/www.tendenzeshabbychic.it\/fr\/wp-json\/wp\/v2\/product"}],"about":[{"href":"https:\/\/www.tendenzeshabbychic.it\/fr\/wp-json\/wp\/v2\/types\/product"}],"replies":[{"embeddable":true,"href":"https:\/\/www.tendenzeshabbychic.it\/fr\/wp-json\/wp\/v2\/comments?post=226032"}],"wp:featuredmedia":[{"embeddable":true,"href":"https:\/\/www.tendenzeshabbychic.it\/fr\/wp-json\/wp\/v2\/media\/226022"}],"wp:attachment":[{"href":"https:\/\/www.tendenzeshabbychic.it\/fr\/wp-json\/wp\/v2\/media?parent=226032"}],"wp:term":[{"taxonomy":"pwb-brand","embeddable":true,"href":"https:\/\/www.tendenzeshabbychic.it\/fr\/wp-json\/wp\/v2\/pwb-brand?post=226032"},{"taxonomy":"product_brand","embeddable":true,"href":"https:\/\/www.tendenzeshabbychic.it\/fr\/wp-json\/wp\/v2\/product_brand?post=226032"},{"taxonomy":"product_cat","embeddable":true,"href":"https:\/\/www.tendenzeshabbychic.it\/fr\/wp-json\/wp\/v2\/product_cat?post=226032"},{"taxonomy":"product_tag","embeddable":true,"href":"https:\/\/www.tendenzeshabbychic.it\/fr\/wp-json\/wp\/v2\/product_tag?post=226032"}],"curies":[{"name":"wp","href":"https:\/\/api.w.org\/{rel}","templated":true}]}}