{"id":226013,"date":"2026-01-27T00:00:01","date_gmt":"2026-01-26T23:00:01","guid":{"rendered":"https:\/\/www.tendenzeshabbychic.it\/prodotto\/nuvole-di-stoffa-decoration-dinterieur-fiora-15x4x21\/"},"modified":"2026-01-27T00:00:01","modified_gmt":"2026-01-26T23:00:01","slug":"nuvole-di-stoffa-decoration-dinterieur-fiora-15x4x21","status":"publish","type":"product","link":"https:\/\/www.tendenzeshabbychic.it\/fr\/produit\/nuvole-di-stoffa-decoration-dinterieur-fiora-15x4x21\/","title":{"rendered":"Nuvole di Stoffa D\u00e9coration d&rsquo;int\u00e9rieur Fior\u00e0 15x4x21"},"content":{"rendered":"<p>La d\u00e9coration <strong>Casa Fiorir\u00e0<\/strong> de Nuvole di Stoffa est ce d\u00e9tail qui change imm\u00e9diatement l&rsquo;atmosph\u00e8re : une petite maison au go\u00fbt shabby, avec un panneau gris \u00e0 effet doux et des <strong>pois blancs<\/strong>, un toit en bois naturel et des d\u00e9tails soigneusement travaill\u00e9s. La <strong>fen\u00eatre<\/strong> gaufr\u00e9e, le petit <strong>c\u0153ur<\/strong> et la plaque &lsquo;Hello&rsquo; vous souhaitent la bienvenue, tandis que le <strong>v\u00e9lo de<\/strong> devant et le vase avec des <strong>fleurs s\u00e9ch\u00e9es<\/strong> ajoutent de la po\u00e9sie et de la chaleur. Parfait sur une \u00e9tag\u00e8re, dans l&rsquo;entr\u00e9e ou sur une table de chevet, c&rsquo;est aussi une id\u00e9e de cadeau \u00ab\u00a0s\u00fbr\u00a0\u00bb pour ceux qui aiment les maisons bien entretenues.  <\/p>\n<ul>\n<li>Style Shabby Chic, facile \u00e0 assortir<\/li>\n<li>D\u00e9tails en bois : fen\u00eatre, c\u0153ur et inscription \u00ab\u00a0Hello\u00a0\u00bb.<\/li>\n<li>V\u00e9lo d\u00e9coratif en relief (\u00e9l\u00e9ment distinctif)<\/li>\n<li>Mini pot avec des fleurs s\u00e9ch\u00e9es pour un effet naturel<\/li>\n<li>Id\u00e9al pour les \u00e9tag\u00e8res et les consoles<\/li>\n<\/ul>\n","protected":false},"excerpt":{"rendered":"<p>D\u00e9licieuse d\u00e9coration de la <strong>collection Fiorir\u00e0<\/strong>: une petite maison dans les tons <strong>gris clair<\/strong> avec des pois blancs, un toit et des d\u00e9tails en <strong>bois naturel<\/strong>. La fa\u00e7ade pr\u00e9sente un petit c\u0153ur, une petite fen\u00eatre et les mots <strong>\u00ab\u00a0Hello\u00a0\u00bb,<\/strong> avec un joli <strong>v\u00e9lo<\/strong> en relief et un mini vase avec des <strong>fleurs s\u00e9ch\u00e9es<\/strong> pour une touche romantique et chaleureuse. <\/p>\n<p>Dimensions : <strong>15 x 4 x 21 cm<\/strong><\/p>\n","protected":false},"featured_media":226009,"comment_status":"open","ping_status":"closed","template":"","meta":{"_joinchat":[]},"pwb-brand":[1563],"product_brand":[],"product_cat":[1505],"product_tag":[3401],"class_list":{"0":"post-226013","1":"product","2":"type-product","3":"status-publish","4":"has-post-thumbnail","6":"pwb-brand-nuvole-di-stoffa-fr","7":"product_cat-objets","8":"product_tag-collection-fiorira","10":"first","11":"instock","12":"taxable","13":"shipping-taxable","14":"purchasable","15":"product-type-simple"},"brands":[{"id":1563,"name":"Nuvole di Stoffa","slug":"nuvole-di-stoffa-fr"}],"_links":{"self":[{"href":"https:\/\/www.tendenzeshabbychic.it\/fr\/wp-json\/wp\/v2\/product\/226013","targetHints":{"allow":["GET"]}}],"collection":[{"href":"https:\/\/www.tendenzeshabbychic.it\/fr\/wp-json\/wp\/v2\/product"}],"about":[{"href":"https:\/\/www.tendenzeshabbychic.it\/fr\/wp-json\/wp\/v2\/types\/product"}],"replies":[{"embeddable":true,"href":"https:\/\/www.tendenzeshabbychic.it\/fr\/wp-json\/wp\/v2\/comments?post=226013"}],"wp:featuredmedia":[{"embeddable":true,"href":"https:\/\/www.tendenzeshabbychic.it\/fr\/wp-json\/wp\/v2\/media\/226009"}],"wp:attachment":[{"href":"https:\/\/www.tendenzeshabbychic.it\/fr\/wp-json\/wp\/v2\/media?parent=226013"}],"wp:term":[{"taxonomy":"pwb-brand","embeddable":true,"href":"https:\/\/www.tendenzeshabbychic.it\/fr\/wp-json\/wp\/v2\/pwb-brand?post=226013"},{"taxonomy":"product_brand","embeddable":true,"href":"https:\/\/www.tendenzeshabbychic.it\/fr\/wp-json\/wp\/v2\/product_brand?post=226013"},{"taxonomy":"product_cat","embeddable":true,"href":"https:\/\/www.tendenzeshabbychic.it\/fr\/wp-json\/wp\/v2\/product_cat?post=226013"},{"taxonomy":"product_tag","embeddable":true,"href":"https:\/\/www.tendenzeshabbychic.it\/fr\/wp-json\/wp\/v2\/product_tag?post=226013"}],"curies":[{"name":"wp","href":"https:\/\/api.w.org\/{rel}","templated":true}]}}