{"id":225859,"date":"2026-01-27T23:04:01","date_gmt":"2026-01-27T22:04:01","guid":{"rendered":"https:\/\/www.tendenzeshabbychic.it\/prodotto\/nuvole-di-stoffa-ange-bleu-coeur-fleurs-rose-21-5h\/"},"modified":"2026-01-27T23:04:01","modified_gmt":"2026-01-27T22:04:01","slug":"nuvole-di-stoffa-ange-bleu-coeur-fleurs-rose-21-5h","status":"publish","type":"product","link":"https:\/\/www.tendenzeshabbychic.it\/fr\/produit\/nuvole-di-stoffa-ange-bleu-coeur-fleurs-rose-21-5h\/","title":{"rendered":"Nuvole di Stoffa Ange Bleu Coeur Fleurs Rose 21.5h"},"content":{"rendered":"<p>L&rsquo;ange bleu clair Nuvole di Stoffa est une d\u00e9coration lumineuse, parfaite pour ceux qui aiment les tons doux et les atmosph\u00e8res \u00e9l\u00e9gantes Shabby Chic. La robe longue passe du<strong>bleu poudre<\/strong> \u00e0 l&rsquo;ivoire, cr\u00e9ant un effet d\u00e9licat et a\u00e9rien ; les ailes cr\u00e8me ajoutent de la douceur \u00e0 la silhouette. Le point focal est le <strong>c\u0153ur de fleurs roses<\/strong> gaufr\u00e9es, symbole d&rsquo;affection et de chance, tandis que la couronne lilas et la frise florale \u00e0 la base compl\u00e8tent la palette avec harmonie. Id\u00e9al sur une console, une table de chevet ou une \u00e9tag\u00e8re, ou encore comme cadeau \u00ab\u00a0coup de c\u0153ur\u00a0\u00bb.   <\/p>\n<ul>\n<li>Robe nuanc\u00e9e bleu clair\/ivoire : \u00e9l\u00e9gante et lumineuse<\/li>\n<li>C\u0153ur de fleur rose gaufr\u00e9 (d\u00e9tail distinctif)<\/li>\n<li>Ailes de cr\u00e8me douces et harmonieuses<\/li>\n<li>D\u00e9coration florale assortie sur la base<\/li>\n<li>Parfait comme id\u00e9e de cadeau symbolique<\/li>\n<\/ul>\n","protected":false},"excerpt":{"rendered":"<p>Ange d\u00e9coratif aux lignes \u00e9lanc\u00e9es, \u00e0 la longue robe nuanc\u00e9e de <strong>bleu poudr\u00e9 et d&rsquo;ivoire<\/strong> et aux douces ailes de couleur cr\u00e8me. Sur sa t\u00eate, elle porte une couronne de fleurs lilas, tandis que dans ses mains, elle tient un <strong>c\u0153ur<\/strong> form\u00e9 de petites <strong>fleurs roses<\/strong> en relief : un d\u00e9tail romantique et d\u00e9licat. A la base, un d\u00e9cor floral avec des touches de lilas et de vert pour une finition raffin\u00e9e.  <\/p>\n<p>Dimensions : <strong>8,5 x 6 x 21,5 cm<\/strong><\/p>\n","protected":false},"featured_media":225851,"comment_status":"open","ping_status":"closed","template":"","meta":{"_joinchat":[]},"pwb-brand":[2090],"product_brand":[],"product_cat":[1505],"product_tag":[2308,3402],"class_list":{"0":"post-225859","1":"product","2":"type-product","3":"status-publish","4":"has-post-thumbnail","6":"pwb-brand-nuvole-di-stoffa-es","7":"product_cat-objets","8":"product_tag-angeles","9":"product_tag-colleccion-fiorira","11":"first","12":"instock","13":"taxable","14":"shipping-taxable","15":"purchasable","16":"product-type-simple"},"brands":[{"id":1563,"name":"Nuvole di Stoffa","slug":"nuvole-di-stoffa-fr"}],"_links":{"self":[{"href":"https:\/\/www.tendenzeshabbychic.it\/fr\/wp-json\/wp\/v2\/product\/225859","targetHints":{"allow":["GET"]}}],"collection":[{"href":"https:\/\/www.tendenzeshabbychic.it\/fr\/wp-json\/wp\/v2\/product"}],"about":[{"href":"https:\/\/www.tendenzeshabbychic.it\/fr\/wp-json\/wp\/v2\/types\/product"}],"replies":[{"embeddable":true,"href":"https:\/\/www.tendenzeshabbychic.it\/fr\/wp-json\/wp\/v2\/comments?post=225859"}],"wp:featuredmedia":[{"embeddable":true,"href":"https:\/\/www.tendenzeshabbychic.it\/fr\/wp-json\/wp\/v2\/media\/225851"}],"wp:attachment":[{"href":"https:\/\/www.tendenzeshabbychic.it\/fr\/wp-json\/wp\/v2\/media?parent=225859"}],"wp:term":[{"taxonomy":"pwb-brand","embeddable":true,"href":"https:\/\/www.tendenzeshabbychic.it\/fr\/wp-json\/wp\/v2\/pwb-brand?post=225859"},{"taxonomy":"product_brand","embeddable":true,"href":"https:\/\/www.tendenzeshabbychic.it\/fr\/wp-json\/wp\/v2\/product_brand?post=225859"},{"taxonomy":"product_cat","embeddable":true,"href":"https:\/\/www.tendenzeshabbychic.it\/fr\/wp-json\/wp\/v2\/product_cat?post=225859"},{"taxonomy":"product_tag","embeddable":true,"href":"https:\/\/www.tendenzeshabbychic.it\/fr\/wp-json\/wp\/v2\/product_tag?post=225859"}],"curies":[{"name":"wp","href":"https:\/\/api.w.org\/{rel}","templated":true}]}}