{"id":225853,"date":"2026-01-27T23:04:01","date_gmt":"2026-01-27T22:04:01","guid":{"rendered":"https:\/\/www.tendenzeshabbychic.it\/prodotto\/tissu-nuvole-stoffa-blanc-tulipes-bleu-215h\/"},"modified":"2026-01-27T23:04:01","modified_gmt":"2026-01-27T22:04:01","slug":"tissu-nuvole-stoffa-blanc-tulipes-bleu-215h","status":"publish","type":"product","link":"https:\/\/www.tendenzeshabbychic.it\/fr\/produit\/tissu-nuvole-stoffa-blanc-tulipes-bleu-215h\/","title":{"rendered":"Tissu Nuvole Stoffa Blanc Tulipes Bleu 21,5h"},"content":{"rendered":"<p>Cet ange de Nuvole di Stoffa est une pr\u00e9sence d\u00e9licate qui d\u00e9core avec gr\u00e2ce. La figure est \u00e9lanc\u00e9e, dans des tons <strong>ivoire<\/strong> avec de l\u00e9g\u00e8res nuances ros\u00e9es, avec de larges ailes et de fins d\u00e9tails : les cheveux bruns ondul\u00e9s, la <strong>couronne de<\/strong> couleur claire et le bouquet de <strong>tulipes bleues<\/strong> qui apporte un contraste \u00e9l\u00e9gant et moderne. \u00c0 la base, une petite frise florale en relief compl\u00e8te l&rsquo;ensemble avec une touche romantique. Id\u00e9al sur une console, une table de chevet ou une \u00e9tag\u00e8re, il est \u00e9galement parfait comme cadeau symbolique pour un \u00eatre cher (et pour ceux qui aiment une maison bien entretenue).   <\/p>\n<ul>\n<li>Design \u00e9l\u00e9gant et lumineux, facile \u00e0 assortir<\/li>\n<li>Bouquet de tulipes bleues : d\u00e9tail distinctif et raffin\u00e9<\/li>\n<li>De larges ailes et une longue robe ivoire aux teintes ros\u00e9es<\/li>\n<li>D\u00e9coration florale sur la base avec des touches bleues\/vertes<\/li>\n<li>Une id\u00e9e de cadeau \u00e9l\u00e9gante et \u00ab\u00a0toujours juste\u00a0\u00bb.<\/li>\n<\/ul>\n","protected":false},"excerpt":{"rendered":"<p>El\u00e9gant ange d\u00e9coratif en finition <strong>ivoire\/blanc<\/strong>, aux ailes souples et aux lignes \u00e9lanc\u00e9es. Elle porte une longue robe aux tons ros\u00e9s sur le buste et une d\u00e9licate couronne dans les cheveux. Elle tient dans ses mains un <strong>bouquet de tulipes bleues<\/strong> aux tons poudr\u00e9s, tandis qu&rsquo;\u00e0 sa base court une d\u00e9coration florale raffin\u00e9e en relief avec des touches bleues et vertes : parfaite pour apporter lumi\u00e8re et po\u00e9sie dans n&rsquo;importe quel coin.  <\/p>\n<p>Dimensions : <strong>8,5 x 6 x 21,5 cm<\/strong><\/p>\n","protected":false},"featured_media":225849,"comment_status":"open","ping_status":"closed","template":"","meta":{"_joinchat":[]},"pwb-brand":[1563],"product_brand":[],"product_cat":[1505],"product_tag":[1583,3401],"class_list":{"0":"post-225853","1":"product","2":"type-product","3":"status-publish","4":"has-post-thumbnail","6":"pwb-brand-nuvole-di-stoffa-fr","7":"product_cat-objets","8":"product_tag-anges","9":"product_tag-collection-fiorira","11":"first","12":"instock","13":"taxable","14":"shipping-taxable","15":"purchasable","16":"product-type-simple"},"brands":[{"id":1563,"name":"Nuvole di Stoffa","slug":"nuvole-di-stoffa-fr"}],"_links":{"self":[{"href":"https:\/\/www.tendenzeshabbychic.it\/fr\/wp-json\/wp\/v2\/product\/225853","targetHints":{"allow":["GET"]}}],"collection":[{"href":"https:\/\/www.tendenzeshabbychic.it\/fr\/wp-json\/wp\/v2\/product"}],"about":[{"href":"https:\/\/www.tendenzeshabbychic.it\/fr\/wp-json\/wp\/v2\/types\/product"}],"replies":[{"embeddable":true,"href":"https:\/\/www.tendenzeshabbychic.it\/fr\/wp-json\/wp\/v2\/comments?post=225853"}],"wp:featuredmedia":[{"embeddable":true,"href":"https:\/\/www.tendenzeshabbychic.it\/fr\/wp-json\/wp\/v2\/media\/225849"}],"wp:attachment":[{"href":"https:\/\/www.tendenzeshabbychic.it\/fr\/wp-json\/wp\/v2\/media?parent=225853"}],"wp:term":[{"taxonomy":"pwb-brand","embeddable":true,"href":"https:\/\/www.tendenzeshabbychic.it\/fr\/wp-json\/wp\/v2\/pwb-brand?post=225853"},{"taxonomy":"product_brand","embeddable":true,"href":"https:\/\/www.tendenzeshabbychic.it\/fr\/wp-json\/wp\/v2\/product_brand?post=225853"},{"taxonomy":"product_cat","embeddable":true,"href":"https:\/\/www.tendenzeshabbychic.it\/fr\/wp-json\/wp\/v2\/product_cat?post=225853"},{"taxonomy":"product_tag","embeddable":true,"href":"https:\/\/www.tendenzeshabbychic.it\/fr\/wp-json\/wp\/v2\/product_tag?post=225853"}],"curies":[{"name":"wp","href":"https:\/\/api.w.org\/{rel}","templated":true}]}}