{"id":225749,"date":"2026-01-27T00:00:01","date_gmt":"2026-01-26T23:00:01","guid":{"rendered":"https:\/\/www.tendenzeshabbychic.it\/prodotto\/nuvole-di-stoffa-home-decor-gris-22x5x30\/"},"modified":"2026-01-27T00:00:01","modified_gmt":"2026-01-26T23:00:01","slug":"nuvole-di-stoffa-home-decor-gris-22x5x30","status":"publish","type":"product","link":"https:\/\/www.tendenzeshabbychic.it\/fr\/produit\/nuvole-di-stoffa-home-decor-gris-22x5x30\/","title":{"rendered":"Nuvole di Stoffa Home D\u00e9cor Gris 22x5x30"},"content":{"rendered":"<p>Cette d\u00e9coration Nuvole di Stoffa (nuages de tissu) est le d\u00e9tail classique qui rend imm\u00e9diatement la maison plus chaleureuse. La petite maison est compos\u00e9e d&rsquo;un panneau gris doux, orn\u00e9 de <strong>pois blancs<\/strong>, d&rsquo;un toit et d&rsquo;une base <strong>en bois naturel<\/strong>. Les d\u00e9tails en relief &#8211; <strong>c\u0153ur<\/strong>, <strong>fen\u00eatre<\/strong> et plaque &lsquo;Hello&rsquo; &#8211; cr\u00e9ent une sc\u00e8ne romantique, compl\u00e9t\u00e9e par le <strong>v\u00e9lo de<\/strong> devant et le vase avec des <strong>fleurs s\u00e9ch\u00e9es<\/strong> dans des tons chauds. Parfait sur les consoles, les \u00e9tag\u00e8res et dans les couloirs, mais aussi comme cadeau d\u00e9licat et \u00ab\u00a0toujours bien\u00a0\u00bb.   <\/p>\n<ul>\n<li>Style Shabby Chic, d\u00e9licat et lumineux<\/li>\n<li>D\u00e9tails en relief en bois (fen\u00eatre, c\u0153ur, lettrage)<\/li>\n<li>V\u00e9lo d\u00e9coratif : un \u00e9l\u00e9ment distinctif et pittoresque<\/li>\n<li>Pot de fleurs s\u00e9ch\u00e9es inclus pour une touche naturelle<\/li>\n<li>Id\u00e9al pour les \u00e9tag\u00e8res, le hall d&rsquo;entr\u00e9e et les chambres<\/li>\n<\/ul>\n","protected":false},"excerpt":{"rendered":"<p>Charmante d\u00e9coration en forme de maison en <strong>gris clair<\/strong> avec des <strong>pois blancs<\/strong> et des d\u00e9tails <strong>en bois naturel<\/strong>. Sur la face avant, vous trouverez la plaque <strong>&lsquo;Hello&rsquo;,<\/strong> une fen\u00eatre gaufr\u00e9e et un <strong>petit c\u0153ur<\/strong> d\u00e9coratif. \u00c0 la base, un <strong>v\u00e9lo<\/strong> en forme et un mini vase avec des <strong>fleurs s\u00e9ch\u00e9es<\/strong>: un petit coin de po\u00e9sie parfait pour le Shabby Chic.  <\/p>\n<p>Dimensions : <strong>22 x 5 x 30 cm<\/strong><\/p>\n","protected":false},"featured_media":225743,"comment_status":"open","ping_status":"closed","template":"","meta":{"_joinchat":[]},"pwb-brand":[2090],"product_brand":[],"product_cat":[1505],"product_tag":[3402],"class_list":{"0":"post-225749","1":"product","2":"type-product","3":"status-publish","4":"has-post-thumbnail","6":"pwb-brand-nuvole-di-stoffa-es","7":"product_cat-objets","8":"product_tag-colleccion-fiorira","10":"first","11":"instock","12":"taxable","13":"shipping-taxable","14":"purchasable","15":"product-type-simple"},"brands":[{"id":1563,"name":"Nuvole di Stoffa","slug":"nuvole-di-stoffa-fr"}],"_links":{"self":[{"href":"https:\/\/www.tendenzeshabbychic.it\/fr\/wp-json\/wp\/v2\/product\/225749","targetHints":{"allow":["GET"]}}],"collection":[{"href":"https:\/\/www.tendenzeshabbychic.it\/fr\/wp-json\/wp\/v2\/product"}],"about":[{"href":"https:\/\/www.tendenzeshabbychic.it\/fr\/wp-json\/wp\/v2\/types\/product"}],"replies":[{"embeddable":true,"href":"https:\/\/www.tendenzeshabbychic.it\/fr\/wp-json\/wp\/v2\/comments?post=225749"}],"wp:featuredmedia":[{"embeddable":true,"href":"https:\/\/www.tendenzeshabbychic.it\/fr\/wp-json\/wp\/v2\/media\/225743"}],"wp:attachment":[{"href":"https:\/\/www.tendenzeshabbychic.it\/fr\/wp-json\/wp\/v2\/media?parent=225749"}],"wp:term":[{"taxonomy":"pwb-brand","embeddable":true,"href":"https:\/\/www.tendenzeshabbychic.it\/fr\/wp-json\/wp\/v2\/pwb-brand?post=225749"},{"taxonomy":"product_brand","embeddable":true,"href":"https:\/\/www.tendenzeshabbychic.it\/fr\/wp-json\/wp\/v2\/product_brand?post=225749"},{"taxonomy":"product_cat","embeddable":true,"href":"https:\/\/www.tendenzeshabbychic.it\/fr\/wp-json\/wp\/v2\/product_cat?post=225749"},{"taxonomy":"product_tag","embeddable":true,"href":"https:\/\/www.tendenzeshabbychic.it\/fr\/wp-json\/wp\/v2\/product_tag?post=225749"}],"curies":[{"name":"wp","href":"https:\/\/api.w.org\/{rel}","templated":true}]}}