{"id":225721,"date":"2026-04-01T06:59:23","date_gmt":"2026-04-01T04:59:23","guid":{"rendered":"https:\/\/www.tendenzeshabbychic.it\/prodotto\/nuvole-di-stoffa-recipient-de-commande-de-cuisine-166-cm\/"},"modified":"2026-04-17T09:03:52","modified_gmt":"2026-04-17T07:03:52","slug":"nuvole-di-stoffa-recipient-de-commande-de-cuisine-166-cm","status":"publish","type":"product","link":"https:\/\/www.tendenzeshabbychic.it\/fr\/produit\/nuvole-di-stoffa-recipient-de-commande-de-cuisine-166-cm\/","title":{"rendered":"Nuvole di Stoffa r\u00e9cipient de commande de cuisine 16,6 cm"},"content":{"rendered":"<p>Ce r\u00e9cipient en gr\u00e8s fin de Nuvole di Stoffa allie fonctionnalit\u00e9 et go\u00fbt esth\u00e9tique. La c\u00e9ramique a une finition mate, lisse et uniforme dans une d\u00e9licate teinte neutre qui illumine la cuisine. L&rsquo;inscription \u00ab\u00a0Ordre dans la cuisine\u00a0\u00bb, imprim\u00e9e avec des caract\u00e8res essentiels et un petit c\u0153ur d\u00e9coratif, communique l&rsquo;harmonie et le souci du d\u00e9tail. Le bouchon en plastique transparent avec fermeture \u00e0 pression prot\u00e8ge le contenu et est id\u00e9al pour conserver les aliments, les pr\u00e9parations ou les petits accessoires de cuisine. Parfait pour une pr\u00e9sentation visible sur les \u00e9tag\u00e8res ou les plans de travail, pour une cuisine ordonn\u00e9e et accueillante.    <\/p>\n<p><strong>Points forts<\/strong><\/p>\n<ul>\n<li>Gr\u00e8s fin durable et raffin\u00e9<\/li>\n<li>Lettres d\u00e9coratives tr\u00e8s visibles avec c\u0153ur central<\/li>\n<li>Bouchon en plastique pratique et fonctionnel<\/li>\n<li>Couleur neutre, \u00e9l\u00e9gante et polyvalente<\/li>\n<li>Id\u00e9al pour maintenir l&rsquo;ordre avec style<\/li>\n<\/ul>\n","protected":false},"excerpt":{"rendered":"<p>R\u00e9cipient Nuvole di Stoffa en gr\u00e8s fin (c\u00e9ramique) avec bouchon en plastique transparent. La surface lisse de couleur cr\u00e8me est d\u00e9cor\u00e9e de l&rsquo;inscription \u00ab\u00a0Ordre dans la cuisine\u00a0\u00bb dans une tonalit\u00e9 chaude, agr\u00e9ment\u00e9e d&rsquo;un petit c\u0153ur central. Un accessoire pratique et raffin\u00e9, id\u00e9al pour tout ranger avec style.  <\/p>\n<ul>\n<li>vous pouvez l&rsquo;utiliser au micro-ondes (sans couvercle)<\/li>\n<li>la valve sur le couvercle permet de mieux conserver les aliments (chauds et froids)<\/li>\n<li>lavable au lave-vaisselle<\/li>\n<\/ul>\n<p><em>Dimensions :<\/em><br \/>\n16,6 x 12 x 5,1 cm<\/p>\n","protected":false},"featured_media":225719,"comment_status":"open","ping_status":"closed","template":"","meta":{"_joinchat":[]},"pwb-brand":[1563],"product_brand":[],"product_cat":[1471,1472],"product_tag":[1416],"class_list":{"0":"post-225721","1":"product","2":"type-product","3":"status-publish","4":"has-post-thumbnail","6":"pwb-brand-nuvole-di-stoffa-fr","7":"product_cat-accessoires-de-cuisine","8":"product_cat-cuisine","9":"product_tag-my-home-fr","11":"first","12":"instock","13":"taxable","14":"shipping-taxable","15":"purchasable","16":"product-type-simple"},"brands":[{"id":1563,"name":"Nuvole di Stoffa","slug":"nuvole-di-stoffa-fr"}],"_links":{"self":[{"href":"https:\/\/www.tendenzeshabbychic.it\/fr\/wp-json\/wp\/v2\/product\/225721","targetHints":{"allow":["GET"]}}],"collection":[{"href":"https:\/\/www.tendenzeshabbychic.it\/fr\/wp-json\/wp\/v2\/product"}],"about":[{"href":"https:\/\/www.tendenzeshabbychic.it\/fr\/wp-json\/wp\/v2\/types\/product"}],"replies":[{"embeddable":true,"href":"https:\/\/www.tendenzeshabbychic.it\/fr\/wp-json\/wp\/v2\/comments?post=225721"}],"wp:featuredmedia":[{"embeddable":true,"href":"https:\/\/www.tendenzeshabbychic.it\/fr\/wp-json\/wp\/v2\/media\/225719"}],"wp:attachment":[{"href":"https:\/\/www.tendenzeshabbychic.it\/fr\/wp-json\/wp\/v2\/media?parent=225721"}],"wp:term":[{"taxonomy":"pwb-brand","embeddable":true,"href":"https:\/\/www.tendenzeshabbychic.it\/fr\/wp-json\/wp\/v2\/pwb-brand?post=225721"},{"taxonomy":"product_brand","embeddable":true,"href":"https:\/\/www.tendenzeshabbychic.it\/fr\/wp-json\/wp\/v2\/product_brand?post=225721"},{"taxonomy":"product_cat","embeddable":true,"href":"https:\/\/www.tendenzeshabbychic.it\/fr\/wp-json\/wp\/v2\/product_cat?post=225721"},{"taxonomy":"product_tag","embeddable":true,"href":"https:\/\/www.tendenzeshabbychic.it\/fr\/wp-json\/wp\/v2\/product_tag?post=225721"}],"curies":[{"name":"wp","href":"https:\/\/api.w.org\/{rel}","templated":true}]}}