{"id":225634,"date":"2026-01-27T22:25:01","date_gmt":"2026-01-27T21:25:01","guid":{"rendered":"https:\/\/www.tendenzeshabbychic.it\/prodotto\/nuvole-di-stoffa-ours-avec-ours-12x13\/"},"modified":"2026-01-27T23:25:01","modified_gmt":"2026-01-27T22:25:01","slug":"nuvole-di-stoffa-ours-avec-ours-12x13","status":"publish","type":"product","link":"https:\/\/www.tendenzeshabbychic.it\/fr\/produit\/nuvole-di-stoffa-ours-avec-ours-12x13\/","title":{"rendered":"Nuvole di Stoffa Ours avec Ours 12&#215;13"},"content":{"rendered":"<p>Un petit d\u00e9tail qui fait plaisir : cette Nuvole di Stoffa deco est une silhouette avec une <strong>bordure dor\u00e9e<\/strong> brillante et une impression d\u00e9licate \u00e0 effet aquarelle. Le protagoniste est un ours \u00e9l\u00e9gant, v\u00eatu d&rsquo;une chemise claire et d&rsquo;un col rose, qui tient la main d&rsquo;un ours en peluche bleu clair : une sc\u00e8ne douce et harmonieuse qui rend la pi\u00e8ce plus chaleureuse et accueillante. Il s&rsquo;accroche en un instant gr\u00e2ce au <strong>cordon blanc<\/strong>, id\u00e9al sur les poign\u00e9es, les boutons, les crochets, les murs ou pr\u00e8s du lit. Il est \u00e9galement parfait comme cadeau : c&rsquo;est l&rsquo;une de ces pi\u00e8ces qui se distingue sans \u00eatre intrusive.   <\/p>\n<ul>\n<li>Profil dor\u00e9 mettant en valeur la silhouette<\/li>\n<li>Illustration tendre dans une palette pastel<\/li>\n<li>Pr\u00eat \u00e0 \u00eatre accroch\u00e9 avec un cordon<\/li>\n<li>Id\u00e9al pour la chambre \u00e0 coucher, la chambre d&rsquo;enfant et les coins romantiques<\/li>\n<li>Effet d\u00e9coratif d\u00e9licat mais d\u00e9taill\u00e9<\/li>\n<\/ul>\n","protected":false},"excerpt":{"rendered":"<p>Une d\u00e9coration suspendue en forme avec un <strong>contour dor\u00e9<\/strong> et un cordon blanc, con\u00e7ue pour apporter imm\u00e9diatement une touche de tendresse et de raffinement. L&rsquo;illustration \u00e0 l&rsquo;aquarelle montre un <strong>ours \u00ab\u00a0papa\u00a0\u00bb<\/strong> dans une chemise claire avec des d\u00e9tails roses, main dans la main avec un <strong>ours en peluche<\/strong> bleu : une sc\u00e8ne tr\u00e8s douce sur un fond clair en pointill\u00e9s, parfaite pour les chambres et les coins doux de style shabby. <\/p>\n<p><strong>Dimensions<\/strong><br \/>\nDimensions <strong>12 x H 13 cm<\/strong><\/p>\n","protected":false},"featured_media":225622,"comment_status":"open","ping_status":"closed","template":"","meta":{"_joinchat":[]},"pwb-brand":[2090],"product_brand":[],"product_cat":[1505],"product_tag":[3417,3439],"class_list":{"0":"post-225634","1":"product","2":"type-product","3":"status-publish","4":"has-post-thumbnail","6":"pwb-brand-nuvole-di-stoffa-es","7":"product_cat-objets","8":"product_tag-colleccion-sweet-bear","9":"product_tag-decoraciones-colgantes","11":"first","12":"instock","13":"taxable","14":"shipping-taxable","15":"purchasable","16":"product-type-simple"},"brands":[{"id":1563,"name":"Nuvole di Stoffa","slug":"nuvole-di-stoffa-fr"}],"_links":{"self":[{"href":"https:\/\/www.tendenzeshabbychic.it\/fr\/wp-json\/wp\/v2\/product\/225634","targetHints":{"allow":["GET"]}}],"collection":[{"href":"https:\/\/www.tendenzeshabbychic.it\/fr\/wp-json\/wp\/v2\/product"}],"about":[{"href":"https:\/\/www.tendenzeshabbychic.it\/fr\/wp-json\/wp\/v2\/types\/product"}],"replies":[{"embeddable":true,"href":"https:\/\/www.tendenzeshabbychic.it\/fr\/wp-json\/wp\/v2\/comments?post=225634"}],"wp:featuredmedia":[{"embeddable":true,"href":"https:\/\/www.tendenzeshabbychic.it\/fr\/wp-json\/wp\/v2\/media\/225622"}],"wp:attachment":[{"href":"https:\/\/www.tendenzeshabbychic.it\/fr\/wp-json\/wp\/v2\/media?parent=225634"}],"wp:term":[{"taxonomy":"pwb-brand","embeddable":true,"href":"https:\/\/www.tendenzeshabbychic.it\/fr\/wp-json\/wp\/v2\/pwb-brand?post=225634"},{"taxonomy":"product_brand","embeddable":true,"href":"https:\/\/www.tendenzeshabbychic.it\/fr\/wp-json\/wp\/v2\/product_brand?post=225634"},{"taxonomy":"product_cat","embeddable":true,"href":"https:\/\/www.tendenzeshabbychic.it\/fr\/wp-json\/wp\/v2\/product_cat?post=225634"},{"taxonomy":"product_tag","embeddable":true,"href":"https:\/\/www.tendenzeshabbychic.it\/fr\/wp-json\/wp\/v2\/product_tag?post=225634"}],"curies":[{"name":"wp","href":"https:\/\/api.w.org\/{rel}","templated":true}]}}