{"id":225600,"date":"2026-01-27T22:26:01","date_gmt":"2026-01-27T21:26:01","guid":{"rendered":"https:\/\/www.tendenzeshabbychic.it\/prodotto\/nuvole-di-dioffa-deco-sweet-bear-flowers-13-cm\/"},"modified":"2026-02-15T20:37:46","modified_gmt":"2026-02-15T19:37:46","slug":"nuvole-di-dioffa-deco-sweet-bear-flowers-13-cm","status":"publish","type":"product","link":"https:\/\/www.tendenzeshabbychic.it\/fr\/produit\/nuvole-di-dioffa-deco-sweet-bear-flowers-13-cm\/","title":{"rendered":"Nuvole di dioffa d\u00e9co Sweet Bear Flowers 13 cm"},"content":{"rendered":"<p>Un d\u00e9tail tendre qui rend chaque recoin plus romantique : la d\u00e9co Nuvole <strong>Sweet<\/strong><strong>Bear<\/strong> repr\u00e9sente un<strong>ours<\/strong> en robe et bouquet rose, dans une palette poudr\u00e9e raffin\u00e9e. La silhouette est parachev\u00e9e par un liser\u00e9 <strong>dor\u00e9<\/strong> qui accroche la lumi\u00e8re et met en valeur l&rsquo;illustration \u00e0 l&rsquo;effet aquarelle ; le fond <strong>ray\u00e9<\/strong> apporte une touche shabby chic. Accroch\u00e9 \u00e0 des poign\u00e9es, des boutons, des guirlandes ou sur le sapin, il cr\u00e9e instantan\u00e9ment une atmosph\u00e8re et est \u00e9galement parfait comme petit cadeau \u00ab\u00a0pens\u00e9e\u00a0\u00bb \u00e9l\u00e9gant.  <\/p>\n<ul>\n<li>Illustration d\u00e9licate et f\u00e9minine de Sweet Bear<\/li>\n<li>Bordure dor\u00e9e brillante, d\u00e9tail chic<\/li>\n<li>Lanyard inclus : pr\u00eat \u00e0 \u00eatre accroch\u00e9<\/li>\n<li>Couleurs poudr\u00e9es faciles \u00e0 assortir<\/li>\n<li>Parfait pour la chambre d&rsquo;enfant, la cuisine ou la d\u00e9coration<\/li>\n<\/ul>\n","protected":false},"excerpt":{"rendered":"<p>D\u00e9coration <strong>suspendue<\/strong> de la collection <strong>Sweet Bear<\/strong>: un adorable <strong>ours<\/strong> illustr\u00e9 dans un style aquarelle, avec une <strong>robe rose pliss\u00e9e<\/strong>, un collier de perles et un <strong>bouquet de fleurs<\/strong> dans les pattes. Silhouette avec profil \u00e0 effet laqu\u00e9 <strong>or<\/strong> brillant et fond d\u00e9licatement <strong>ray\u00e9<\/strong>. Livr\u00e9 avec <strong>un cordon<\/strong> permettant de l&rsquo;accrocher imm\u00e9diatement.  <\/p>\n<p><strong>Dimensions<\/strong><br \/>\nDimensions <strong>13 x 1,5 x 8,5 cm<\/strong><\/p>\n","protected":false},"featured_media":225598,"comment_status":"closed","ping_status":"closed","template":"","meta":{"_joinchat":[]},"pwb-brand":[2090],"product_brand":[],"product_cat":[1505],"product_tag":[3417,3439,3439],"class_list":{"0":"post-225600","1":"product","2":"type-product","3":"status-publish","4":"has-post-thumbnail","6":"pwb-brand-nuvole-di-stoffa-es","7":"product_cat-objets","8":"product_tag-colleccion-sweet-bear","9":"product_tag-decoraciones-colgantes","12":"first","13":"instock","14":"taxable","15":"shipping-taxable","16":"purchasable","17":"product-type-simple"},"brands":[{"id":1563,"name":"Nuvole di Stoffa","slug":"nuvole-di-stoffa-fr"}],"_links":{"self":[{"href":"https:\/\/www.tendenzeshabbychic.it\/fr\/wp-json\/wp\/v2\/product\/225600","targetHints":{"allow":["GET"]}}],"collection":[{"href":"https:\/\/www.tendenzeshabbychic.it\/fr\/wp-json\/wp\/v2\/product"}],"about":[{"href":"https:\/\/www.tendenzeshabbychic.it\/fr\/wp-json\/wp\/v2\/types\/product"}],"replies":[{"embeddable":true,"href":"https:\/\/www.tendenzeshabbychic.it\/fr\/wp-json\/wp\/v2\/comments?post=225600"}],"wp:featuredmedia":[{"embeddable":true,"href":"https:\/\/www.tendenzeshabbychic.it\/fr\/wp-json\/wp\/v2\/media\/225598"}],"wp:attachment":[{"href":"https:\/\/www.tendenzeshabbychic.it\/fr\/wp-json\/wp\/v2\/media?parent=225600"}],"wp:term":[{"taxonomy":"pwb-brand","embeddable":true,"href":"https:\/\/www.tendenzeshabbychic.it\/fr\/wp-json\/wp\/v2\/pwb-brand?post=225600"},{"taxonomy":"product_brand","embeddable":true,"href":"https:\/\/www.tendenzeshabbychic.it\/fr\/wp-json\/wp\/v2\/product_brand?post=225600"},{"taxonomy":"product_cat","embeddable":true,"href":"https:\/\/www.tendenzeshabbychic.it\/fr\/wp-json\/wp\/v2\/product_cat?post=225600"},{"taxonomy":"product_tag","embeddable":true,"href":"https:\/\/www.tendenzeshabbychic.it\/fr\/wp-json\/wp\/v2\/product_tag?post=225600"}],"curies":[{"name":"wp","href":"https:\/\/api.w.org\/{rel}","templated":true}]}}