{"id":225544,"date":"2026-01-27T15:00:24","date_gmt":"2026-01-27T14:00:24","guid":{"rendered":"https:\/\/www.tendenzeshabbychic.it\/prodotto\/nuvole-di-di-garden-chic-nappe-bleue-155x320\/"},"modified":"2026-01-27T15:00:24","modified_gmt":"2026-01-27T14:00:24","slug":"nuvole-di-di-garden-chic-nappe-bleue-155x320","status":"publish","type":"product","link":"https:\/\/www.tendenzeshabbychic.it\/fr\/produit\/nuvole-di-di-garden-chic-nappe-bleue-155x320\/","title":{"rendered":"Nuvole di di Garden Chic Nappe bleue 155&#215;320"},"content":{"rendered":"<p>Apportez une \u00e9l\u00e9gance pratique \u00e0 la cuisine et \u00e0 la salle \u00e0 manger : la nappe Nuvole di Stoffa <strong>Garden Chic<\/strong> associe un motif floral romantique (bleus clairs, cr\u00e8me et beige) \u00e0 une finition <strong>plastifi\u00e9e<\/strong> qui aide \u00e0 prot\u00e9ger contre les taches et les \u00e9claboussures. La surface est <strong>lisse et l\u00e9g\u00e8rement brillante<\/strong>, facile \u00e0 nettoyer, tandis que le <strong>volant bleu clair<\/strong> encadre la table avec une touche personnalis\u00e9e. Id\u00e9ale pour les d\u00e9jeuners en famille et les d\u00eeners avec des invit\u00e9s, lorsque vous souhaitez une beaut\u00e9 sans stress.  <\/p>\n<ul>\n<li>plastifi\u00e9 : les gouttes restent \u00e0 la surface<\/li>\n<li>Imprim\u00e9 floral raffin\u00e9 dans les tons bleu clair\/cr\u00e8me<\/li>\n<li>Bordure avec volants d\u00e9coratifs bleus<\/li>\n<li>Look Shabby Chic, parfait toute l&rsquo;ann\u00e9e<\/li>\n<li>Grand format pour les grandes tables (155&#215;320)<\/li>\n<\/ul>\n","protected":false},"excerpt":{"rendered":"<p>Une nappe <strong>plastifi\u00e9e antitache<\/strong> de la collection <strong>Garden Chic<\/strong>, dans de d\u00e9licats tons <strong>bleu clair<\/strong>, avec un imprim\u00e9 floral romantique sur fond cr\u00e8me et des feuilles dans des beiges chauds. La surface l\u00e9g\u00e8rement <strong>brillante<\/strong> est con\u00e7ue pour un usage quotidien : les gouttes glissent et la table reste toujours propre. Le bord est orn\u00e9 d&rsquo;un \u00e9l\u00e9gant <strong>volant bleu clair<\/strong>, pour un effet Shabby Chic tout droit sorti d&rsquo;une maison bien entretenue.  <\/p>\n<p><strong>Dimensions<\/strong><br \/>\nDimensions <strong>155 x 320 cm<\/strong><\/p>\n","protected":false},"featured_media":225540,"comment_status":"open","ping_status":"closed","template":"","meta":{"_joinchat":[]},"pwb-brand":[2090],"product_brand":[],"product_cat":[1491,1486],"product_tag":[3423,2941],"class_list":{"0":"post-225544","1":"product","2":"type-product","3":"status-publish","4":"has-post-thumbnail","6":"pwb-brand-nuvole-di-stoffa-es","7":"product_cat-nappes","8":"product_cat-la-table","9":"product_tag-coleccion-garden-chic","10":"product_tag-jardin-es","12":"first","13":"instock","14":"taxable","15":"shipping-taxable","16":"purchasable","17":"product-type-simple"},"brands":[{"id":1563,"name":"Nuvole di Stoffa","slug":"nuvole-di-stoffa-fr"}],"_links":{"self":[{"href":"https:\/\/www.tendenzeshabbychic.it\/fr\/wp-json\/wp\/v2\/product\/225544","targetHints":{"allow":["GET"]}}],"collection":[{"href":"https:\/\/www.tendenzeshabbychic.it\/fr\/wp-json\/wp\/v2\/product"}],"about":[{"href":"https:\/\/www.tendenzeshabbychic.it\/fr\/wp-json\/wp\/v2\/types\/product"}],"replies":[{"embeddable":true,"href":"https:\/\/www.tendenzeshabbychic.it\/fr\/wp-json\/wp\/v2\/comments?post=225544"}],"wp:featuredmedia":[{"embeddable":true,"href":"https:\/\/www.tendenzeshabbychic.it\/fr\/wp-json\/wp\/v2\/media\/225540"}],"wp:attachment":[{"href":"https:\/\/www.tendenzeshabbychic.it\/fr\/wp-json\/wp\/v2\/media?parent=225544"}],"wp:term":[{"taxonomy":"pwb-brand","embeddable":true,"href":"https:\/\/www.tendenzeshabbychic.it\/fr\/wp-json\/wp\/v2\/pwb-brand?post=225544"},{"taxonomy":"product_brand","embeddable":true,"href":"https:\/\/www.tendenzeshabbychic.it\/fr\/wp-json\/wp\/v2\/product_brand?post=225544"},{"taxonomy":"product_cat","embeddable":true,"href":"https:\/\/www.tendenzeshabbychic.it\/fr\/wp-json\/wp\/v2\/product_cat?post=225544"},{"taxonomy":"product_tag","embeddable":true,"href":"https:\/\/www.tendenzeshabbychic.it\/fr\/wp-json\/wp\/v2\/product_tag?post=225544"}],"curies":[{"name":"wp","href":"https:\/\/api.w.org\/{rel}","templated":true}]}}