{"id":225542,"date":"2026-01-27T15:00:24","date_gmt":"2026-01-27T14:00:24","guid":{"rendered":"https:\/\/www.tendenzeshabbychic.it\/prodotto\/nuvole-di-di-garden-chic-nappe-155x200\/"},"modified":"2026-01-27T15:00:24","modified_gmt":"2026-01-27T14:00:24","slug":"nuvole-di-di-garden-chic-nappe-155x200","status":"publish","type":"product","link":"https:\/\/www.tendenzeshabbychic.it\/fr\/produit\/nuvole-di-di-garden-chic-nappe-155x200\/","title":{"rendered":"Nuvole di di Garden Chic Nappe 155&#215;200"},"content":{"rendered":"<p>La nappe Nuvole di Stoffa <strong>Garden Chic<\/strong> est le choix id\u00e9al si vous aimez une table \u00e9l\u00e9gante et pratique \u00e0 la fois. Le motif floral dans les tons <strong>bleu, cr\u00e8me et beige<\/strong> cr\u00e9e un effet lumineux et d\u00e9licat, tandis que la finition <strong>plastifi\u00e9e<\/strong> prot\u00e8ge contre les taches et les \u00e9claboussures : les gouttes restent \u00e0 la surface et s&rsquo;enl\u00e8vent facilement. La touche suppl\u00e9mentaire est apport\u00e9e par le <strong>volant bleu boucl\u00e9<\/strong>, doux et d\u00e9coratif, qui encadre la table avec style. Parfaite dans la cuisine, sur la v\u00e9randa ou pour des repas sans souci avec des invit\u00e9s.   <\/p>\n<ul>\n<li>Surface plastifi\u00e9e facile \u00e0 nettoyer<\/li>\n<li>Imprim\u00e9 floral sophistiqu\u00e9 et romantique<\/li>\n<li>Bord avec volants bleus, effet \u00ab\u00a0tailleur\u00a0\u00bb.<\/li>\n<li>Id\u00e9al pour un usage quotidien et pour les occasions sp\u00e9ciales<\/li>\n<li>Format pratique pour les tables moyennes\/grandes<\/li>\n<\/ul>\n","protected":false},"excerpt":{"rendered":"<p>Une nappe <strong>plastifi\u00e9e r\u00e9sistante aux taches de<\/strong> la collection <strong>Garden Chic<\/strong>, dans un ton <strong>bleu clair\/bleu clair<\/strong> avec un motif floral romantique sur fond cr\u00e8me et des feuilles beiges. La surface est <strong>lisse et l\u00e9g\u00e8rement brillante<\/strong>, parfaite pour un usage quotidien car elle se nettoie d&rsquo;un simple coup de chiffon. La bordure est termin\u00e9e par un ravissant <strong>volant bleu clair<\/strong> qui conf\u00e8re imm\u00e9diatement une touche Shabby Chic \u00e0 la table.  <\/p>\n<p><strong>Dimensions<\/strong><br \/>\nDimensions <strong>155 x 200 cm<\/strong><\/p>\n","protected":false},"featured_media":225538,"comment_status":"open","ping_status":"closed","template":"","meta":{"_joinchat":[]},"pwb-brand":[2090],"product_brand":[],"product_cat":[1491,1486],"product_tag":[3423,2941],"class_list":{"0":"post-225542","1":"product","2":"type-product","3":"status-publish","4":"has-post-thumbnail","6":"pwb-brand-nuvole-di-stoffa-es","7":"product_cat-nappes","8":"product_cat-la-table","9":"product_tag-coleccion-garden-chic","10":"product_tag-jardin-es","12":"first","13":"instock","14":"taxable","15":"shipping-taxable","16":"purchasable","17":"product-type-simple"},"brands":[{"id":1563,"name":"Nuvole di Stoffa","slug":"nuvole-di-stoffa-fr"}],"_links":{"self":[{"href":"https:\/\/www.tendenzeshabbychic.it\/fr\/wp-json\/wp\/v2\/product\/225542","targetHints":{"allow":["GET"]}}],"collection":[{"href":"https:\/\/www.tendenzeshabbychic.it\/fr\/wp-json\/wp\/v2\/product"}],"about":[{"href":"https:\/\/www.tendenzeshabbychic.it\/fr\/wp-json\/wp\/v2\/types\/product"}],"replies":[{"embeddable":true,"href":"https:\/\/www.tendenzeshabbychic.it\/fr\/wp-json\/wp\/v2\/comments?post=225542"}],"wp:featuredmedia":[{"embeddable":true,"href":"https:\/\/www.tendenzeshabbychic.it\/fr\/wp-json\/wp\/v2\/media\/225538"}],"wp:attachment":[{"href":"https:\/\/www.tendenzeshabbychic.it\/fr\/wp-json\/wp\/v2\/media?parent=225542"}],"wp:term":[{"taxonomy":"pwb-brand","embeddable":true,"href":"https:\/\/www.tendenzeshabbychic.it\/fr\/wp-json\/wp\/v2\/pwb-brand?post=225542"},{"taxonomy":"product_brand","embeddable":true,"href":"https:\/\/www.tendenzeshabbychic.it\/fr\/wp-json\/wp\/v2\/product_brand?post=225542"},{"taxonomy":"product_cat","embeddable":true,"href":"https:\/\/www.tendenzeshabbychic.it\/fr\/wp-json\/wp\/v2\/product_cat?post=225542"},{"taxonomy":"product_tag","embeddable":true,"href":"https:\/\/www.tendenzeshabbychic.it\/fr\/wp-json\/wp\/v2\/product_tag?post=225542"}],"curies":[{"name":"wp","href":"https:\/\/api.w.org\/{rel}","templated":true}]}}