{"id":225536,"date":"2026-01-27T14:57:28","date_gmt":"2026-01-27T13:57:28","guid":{"rendered":"https:\/\/www.tendenzeshabbychic.it\/prodotto\/nuvole-di-stoffa-melisse-155x200-garden-chic\/"},"modified":"2026-01-27T15:00:28","modified_gmt":"2026-01-27T14:00:28","slug":"nuvole-di-stoffa-melisse-155x200-garden-chic","status":"publish","type":"product","link":"https:\/\/www.tendenzeshabbychic.it\/fr\/produit\/nuvole-di-stoffa-melisse-155x200-garden-chic\/","title":{"rendered":"Nuvole di Stoffa Melisse 155&#215;200 Garden Chic"},"content":{"rendered":"<p>D\u00e9licate \u00e0 l&rsquo;\u0153il, pratique au quotidien : la nappe Nuvole di Stoffa <strong>Melisse<\/strong> <strong>(<\/strong>collection <strong>Garden Chic<\/strong>) habille la table d&rsquo;un motif floral doux et f\u00e9minin, o\u00f9 <strong>le poudr\u00e9<\/strong> et le <strong>mauve<\/strong> s&rsquo;entrelacent avec des touches de vert sur un fond clair. La finition <strong>plastifi\u00e9e<\/strong> prot\u00e8ge contre les chutes et les taches : un coup d&rsquo;\u00e9ponge et la table est \u00e0 nouveau parfaite, id\u00e9ale m\u00eame avec des enfants ou pour recevoir des invit\u00e9s. Le <strong>volant rose<\/strong> sur le bord apporte du mouvement et un d\u00e9tail \u00a0\u00bb sartorial \u00a0\u00bb qui fait toute la diff\u00e9rence.  <\/p>\n<ul>\n<li>Plastique r\u00e9sistant aux taches : nettoyage rapide<\/li>\n<li>Fantaisie romantique et lumineuse de Melisse<\/li>\n<li>Bordure \u00e0 volants rose, style Shabby Chic<\/li>\n<li>Format pratique pour les tables de taille moyenne<\/li>\n<li>Parfait pour la cuisine, la v\u00e9randa et le hall d&rsquo;entr\u00e9e<\/li>\n<\/ul>\n","protected":false},"excerpt":{"rendered":"<p>Nappe <strong>plastifi\u00e9e antitache<\/strong> de la collection <strong>Garden Chic<\/strong> au motif <strong>Melisse<\/strong>: un bouquet romantique de fleurs dans les tons <strong>rose poudr\u00e9, mauve et vert sauge<\/strong> sur un fond clair. La surface est <strong>lisse et l\u00e9g\u00e8rement brillante<\/strong>, id\u00e9ale pour un usage quotidien car elle se nettoie en un clin d&rsquo;\u0153il. La bordure est termin\u00e9e par un <strong>volant rose<\/strong> tendre qui conf\u00e8re imm\u00e9diatement une \u00e9l\u00e9gance Shabby Chic.  <\/p>\n<p><strong>Dimensions<\/strong><br \/>\nDimensions <strong>155 x 200 cm<\/strong><\/p>\n","protected":false},"featured_media":225534,"comment_status":"open","ping_status":"closed","template":"","meta":{"_joinchat":[]},"pwb-brand":[2090],"product_brand":[],"product_cat":[1491,1486],"product_tag":[3423,2941],"class_list":{"0":"post-225536","1":"product","2":"type-product","3":"status-publish","4":"has-post-thumbnail","6":"pwb-brand-nuvole-di-stoffa-es","7":"product_cat-nappes","8":"product_cat-la-table","9":"product_tag-coleccion-garden-chic","10":"product_tag-jardin-es","12":"first","13":"instock","14":"taxable","15":"shipping-taxable","16":"purchasable","17":"product-type-simple"},"brands":[{"id":1563,"name":"Nuvole di Stoffa","slug":"nuvole-di-stoffa-fr"}],"_links":{"self":[{"href":"https:\/\/www.tendenzeshabbychic.it\/fr\/wp-json\/wp\/v2\/product\/225536","targetHints":{"allow":["GET"]}}],"collection":[{"href":"https:\/\/www.tendenzeshabbychic.it\/fr\/wp-json\/wp\/v2\/product"}],"about":[{"href":"https:\/\/www.tendenzeshabbychic.it\/fr\/wp-json\/wp\/v2\/types\/product"}],"replies":[{"embeddable":true,"href":"https:\/\/www.tendenzeshabbychic.it\/fr\/wp-json\/wp\/v2\/comments?post=225536"}],"wp:featuredmedia":[{"embeddable":true,"href":"https:\/\/www.tendenzeshabbychic.it\/fr\/wp-json\/wp\/v2\/media\/225534"}],"wp:attachment":[{"href":"https:\/\/www.tendenzeshabbychic.it\/fr\/wp-json\/wp\/v2\/media?parent=225536"}],"wp:term":[{"taxonomy":"pwb-brand","embeddable":true,"href":"https:\/\/www.tendenzeshabbychic.it\/fr\/wp-json\/wp\/v2\/pwb-brand?post=225536"},{"taxonomy":"product_brand","embeddable":true,"href":"https:\/\/www.tendenzeshabbychic.it\/fr\/wp-json\/wp\/v2\/product_brand?post=225536"},{"taxonomy":"product_cat","embeddable":true,"href":"https:\/\/www.tendenzeshabbychic.it\/fr\/wp-json\/wp\/v2\/product_cat?post=225536"},{"taxonomy":"product_tag","embeddable":true,"href":"https:\/\/www.tendenzeshabbychic.it\/fr\/wp-json\/wp\/v2\/product_tag?post=225536"}],"curies":[{"name":"wp","href":"https:\/\/api.w.org\/{rel}","templated":true}]}}