{"id":225495,"date":"2026-01-27T07:00:40","date_gmt":"2026-01-27T06:00:40","guid":{"rendered":"https:\/\/www.tendenzeshabbychic.it\/prodotto\/nuvole-di-stoffa-plaque-didentite-my-home-16x17-cm\/"},"modified":"2026-01-27T07:00:40","modified_gmt":"2026-01-27T06:00:40","slug":"nuvole-di-stoffa-plaque-didentite-my-home-16x17-cm","status":"publish","type":"product","link":"https:\/\/www.tendenzeshabbychic.it\/fr\/produit\/nuvole-di-stoffa-plaque-didentite-my-home-16x17-cm\/","title":{"rendered":"Nuvole di Stoffa Plaque d&rsquo;identit\u00e9 My Home 16&#215;17 cm"},"content":{"rendered":"<p>Cette plaque en forme de maison de la collection <strong>My Home<\/strong> Nuvole di Stoffa est un petit accessoire d&rsquo;ameublement qui transmet chaleur et sentiment. R\u00e9alis\u00e9e en bois, elle pr\u00e9sente un toit en finition naturelle l\u00e9g\u00e8rement textur\u00e9e et une face avant lisse et mate dans de d\u00e9licates nuances de poudre, de gris tourterelle ou de blanc laiteux. Les d\u00e9dicaces, imprim\u00e9es dans une couleur claire avec une police essentielle, sont agr\u00e9ment\u00e9es d&rsquo;un c\u0153ur d\u00e9coratif qui rappelle l&rsquo;atmosph\u00e8re chaleureuse de la maison. Parfait pour cr\u00e9er des coins pleins d&rsquo;\u00e9motion ou comme id\u00e9e de cadeau avec une signification profonde.   <\/p>\n<p><strong>Points forts<\/strong><\/p>\n<ul>\n<li>Design en forme de maison, symbole de bienvenue<\/li>\n<li>Bois naturel avec une \u00e9l\u00e9gante finition mate<\/li>\n<li>D\u00e9dicaces d\u00e9coratives \u00e0 forte valeur \u00e9motionnelle<\/li>\n<li>Des couleurs neutres faciles \u00e0 assortir<\/li>\n<li>Id\u00e9al comme cadeau ou d\u00e9coration Shabby Chic<\/li>\n<\/ul>\n","protected":false},"excerpt":{"rendered":"<p>D\u00e9licate plaque d\u00e9corative en bois en forme de maison, collection <strong>My Home<\/strong> Nuvole di Stoffa. La structure se compose d&rsquo;un toit en bois naturel l\u00e9g\u00e8rement rugueux et d&rsquo;une base lisse peinte dans des tons neutres et poussi\u00e9reux. Les phrases d\u00e9coratives sont imprim\u00e9es en lettres fines et subtiles, enrichies d&rsquo;un petit c\u0153ur central qui apporte une touche romantique. Id\u00e9al pour \u00eatre plac\u00e9 sur des \u00e9tag\u00e8res, des consoles ou des biblioth\u00e8ques.   <\/p>\n<p><em>Dimensions :<\/em><br \/>\n16 x 17 x 1,7 cm<\/p>\n","protected":false},"featured_media":225491,"comment_status":"open","ping_status":"closed","template":"","meta":{"_joinchat":[]},"pwb-brand":[1563],"product_brand":[],"product_cat":[1505],"product_tag":[1296],"class_list":{"0":"post-225495","1":"product","2":"type-product","3":"status-publish","4":"has-post-thumbnail","6":"pwb-brand-nuvole-di-stoffa-fr","7":"product_cat-objets","8":"product_tag-idee-de-cadeau","10":"first","11":"instock","12":"taxable","13":"shipping-taxable","14":"purchasable","15":"product-type-variable"},"brands":[{"id":1563,"name":"Nuvole di Stoffa","slug":"nuvole-di-stoffa-fr"}],"_links":{"self":[{"href":"https:\/\/www.tendenzeshabbychic.it\/fr\/wp-json\/wp\/v2\/product\/225495","targetHints":{"allow":["GET"]}}],"collection":[{"href":"https:\/\/www.tendenzeshabbychic.it\/fr\/wp-json\/wp\/v2\/product"}],"about":[{"href":"https:\/\/www.tendenzeshabbychic.it\/fr\/wp-json\/wp\/v2\/types\/product"}],"replies":[{"embeddable":true,"href":"https:\/\/www.tendenzeshabbychic.it\/fr\/wp-json\/wp\/v2\/comments?post=225495"}],"wp:featuredmedia":[{"embeddable":true,"href":"https:\/\/www.tendenzeshabbychic.it\/fr\/wp-json\/wp\/v2\/media\/225491"}],"wp:attachment":[{"href":"https:\/\/www.tendenzeshabbychic.it\/fr\/wp-json\/wp\/v2\/media?parent=225495"}],"wp:term":[{"taxonomy":"pwb-brand","embeddable":true,"href":"https:\/\/www.tendenzeshabbychic.it\/fr\/wp-json\/wp\/v2\/pwb-brand?post=225495"},{"taxonomy":"product_brand","embeddable":true,"href":"https:\/\/www.tendenzeshabbychic.it\/fr\/wp-json\/wp\/v2\/product_brand?post=225495"},{"taxonomy":"product_cat","embeddable":true,"href":"https:\/\/www.tendenzeshabbychic.it\/fr\/wp-json\/wp\/v2\/product_cat?post=225495"},{"taxonomy":"product_tag","embeddable":true,"href":"https:\/\/www.tendenzeshabbychic.it\/fr\/wp-json\/wp\/v2\/product_tag?post=225495"}],"curies":[{"name":"wp","href":"https:\/\/api.w.org\/{rel}","templated":true}]}}