{"id":225486,"date":"2026-01-27T14:56:28","date_gmt":"2026-01-27T13:56:28","guid":{"rendered":"https:\/\/www.tendenzeshabbychic.it\/prodotto\/nuvole-di-stoffa-melisse-155x260-garden-chic\/"},"modified":"2026-01-27T15:00:28","modified_gmt":"2026-01-27T14:00:28","slug":"nuvole-di-stoffa-melisse-155x260-garden-chic","status":"publish","type":"product","link":"https:\/\/www.tendenzeshabbychic.it\/fr\/produit\/nuvole-di-stoffa-melisse-155x260-garden-chic\/","title":{"rendered":"Nuvole di Stoffa Melisse 155&#215;260 Garden Chic"},"content":{"rendered":"<p>La nappe Nuvole di Stoffa <strong>Melisse<\/strong> <strong>(<\/strong>collection <strong>Garden Chic<\/strong>) apporte une atmosph\u00e8re d\u00e9licate et super f\u00e9minine \u00e0 la table. L&rsquo;imprim\u00e9 floral, riche mais harmonieux, m\u00e9lange des <strong>touches poudr\u00e9es, mauves et vertes<\/strong> sur un fond clair, parfait pour \u00e9gayer la cuisine et la salle \u00e0 manger. La surface <strong>plastifi\u00e9e<\/strong> prot\u00e8ge des taches et des \u00e9claboussures : les gouttes restent sur la surface et s&rsquo;enl\u00e8vent facilement, de sorte que la table reste toujours impeccable, m\u00eame lorsque vous avez des invit\u00e9s. Le <strong>volant rose<\/strong> donne du mouvement et un d\u00e9tail &lsquo;sartorial&rsquo; qui fait toute la diff\u00e9rence.   <\/p>\n<ul>\n<li>Plastique r\u00e9sistant aux taches : nettoyage rapide<\/li>\n<li>Fantaisie romantique et lumineuse de Melisse<\/li>\n<li>Bordure \u00e0 volants rose, effet Shabby Chic<\/li>\n<li>Format polyvalent pour les tables moyennes\/longues<\/li>\n<li>Parfait pour les d\u00e9jeuners de tous les jours et les occasions sp\u00e9ciales<\/li>\n<\/ul>\n","protected":false},"excerpt":{"rendered":"<p>Nappe <strong>plastifi\u00e9e antitache<\/strong> de la collection <strong>Garden Chic<\/strong> au motif <strong>Melisse<\/strong>: fleurs romantiques dans les tons <strong>rose poudr\u00e9, mauve et vert sauge<\/strong> sur fond clair. La finition est <strong>lisse et l\u00e9g\u00e8rement brillante<\/strong>, id\u00e9ale pour un usage quotidien car elle se nettoie d&rsquo;un simple coup de chiffon. La bordure \u00e0 <strong>volants roses<\/strong> encadre la table et lui conf\u00e8re instantan\u00e9ment une \u00e9l\u00e9gance Shabby Chic.  <\/p>\n<p><strong>Dimensions<\/strong><br \/>\nDimensions <strong>155 x 260 cm<\/strong><\/p>\n","protected":false},"featured_media":225484,"comment_status":"open","ping_status":"closed","template":"","meta":{"_joinchat":[]},"pwb-brand":[1563],"product_brand":[],"product_cat":[1491,1486],"product_tag":[3422,2940],"class_list":{"0":"post-225486","1":"product","2":"type-product","3":"status-publish","4":"has-post-thumbnail","6":"pwb-brand-nuvole-di-stoffa-fr","7":"product_cat-nappes","8":"product_cat-la-table","9":"product_tag-collection-garden-chic","10":"product_tag-jardin","12":"first","13":"instock","14":"taxable","15":"shipping-taxable","16":"purchasable","17":"product-type-simple"},"brands":[{"id":1563,"name":"Nuvole di Stoffa","slug":"nuvole-di-stoffa-fr"}],"_links":{"self":[{"href":"https:\/\/www.tendenzeshabbychic.it\/fr\/wp-json\/wp\/v2\/product\/225486","targetHints":{"allow":["GET"]}}],"collection":[{"href":"https:\/\/www.tendenzeshabbychic.it\/fr\/wp-json\/wp\/v2\/product"}],"about":[{"href":"https:\/\/www.tendenzeshabbychic.it\/fr\/wp-json\/wp\/v2\/types\/product"}],"replies":[{"embeddable":true,"href":"https:\/\/www.tendenzeshabbychic.it\/fr\/wp-json\/wp\/v2\/comments?post=225486"}],"wp:featuredmedia":[{"embeddable":true,"href":"https:\/\/www.tendenzeshabbychic.it\/fr\/wp-json\/wp\/v2\/media\/225484"}],"wp:attachment":[{"href":"https:\/\/www.tendenzeshabbychic.it\/fr\/wp-json\/wp\/v2\/media?parent=225486"}],"wp:term":[{"taxonomy":"pwb-brand","embeddable":true,"href":"https:\/\/www.tendenzeshabbychic.it\/fr\/wp-json\/wp\/v2\/pwb-brand?post=225486"},{"taxonomy":"product_brand","embeddable":true,"href":"https:\/\/www.tendenzeshabbychic.it\/fr\/wp-json\/wp\/v2\/product_brand?post=225486"},{"taxonomy":"product_cat","embeddable":true,"href":"https:\/\/www.tendenzeshabbychic.it\/fr\/wp-json\/wp\/v2\/product_cat?post=225486"},{"taxonomy":"product_tag","embeddable":true,"href":"https:\/\/www.tendenzeshabbychic.it\/fr\/wp-json\/wp\/v2\/product_tag?post=225486"}],"curies":[{"name":"wp","href":"https:\/\/api.w.org\/{rel}","templated":true}]}}