{"id":225437,"date":"2026-01-27T00:00:01","date_gmt":"2026-01-26T23:00:01","guid":{"rendered":"https:\/\/www.tendenzeshabbychic.it\/prodotto\/nuvole-di-stoffa-plaque-metallique-friendship-o30-cm\/"},"modified":"2026-05-05T11:24:32","modified_gmt":"2026-05-05T09:24:32","slug":"nuvole-di-stoffa-plaque-metallique-friendship-o30-cm","status":"publish","type":"product","link":"https:\/\/www.tendenzeshabbychic.it\/fr\/produit\/nuvole-di-stoffa-plaque-metallique-friendship-o30-cm\/","title":{"rendered":"Nuvole di Stoffa Plaque m\u00e9tallique &lsquo;FRIENDSHIP&rsquo; \u00d830 cm"},"content":{"rendered":"<p>Un message simple qui rend la maison plus chaleureuse. La plaque Nuvole di Stoffa &lsquo;FRIENDSHIP&rsquo; est en m\u00e9tal et pr\u00e9sente un design rond avec une bordure jaune tendre \u00e0 l&rsquo;effet antique, parfaite pour les d\u00e9cors Shabby Chic et Country Chic. Au centre, trois oiseaux illustr\u00e9s \u00e0 l&rsquo;aquarelle (avec des touches de vert sauge et de rose poudr\u00e9) sont perch\u00e9s parmi des branches et des fleurs d\u00e9licates, cr\u00e9ant une atmosph\u00e8re l\u00e9g\u00e8re et romantique. Il est pr\u00eat \u00e0 \u00eatre suspendu gr\u00e2ce au cordon de jute et aux perles en bois &#8211; un petit d\u00e9tail qui le rend imm\u00e9diatement \u00ab\u00a0maison\u00a0\u00bb.   <\/p>\n<ul>\n<li>Forme ronde \u00d830 cm, \u00e9quilibr\u00e9e et d\u00e9corative<\/li>\n<li>M\u00e9tal avec effet us\u00e9<\/li>\n<li>Illustrations \u00e0 l&rsquo;aquarelle d&rsquo;oiseaux et de fleurs<\/li>\n<li>Lanyard avec boules en bois : pr\u00eat \u00e0 \u00eatre accroch\u00e9<\/li>\n<li>Id\u00e9al pour les murs de galeries et les coins d&rsquo;entr\u00e9e<\/li>\n<\/ul>\n","protected":false},"excerpt":{"rendered":"<p>Plaque d\u00e9corative ronde en m\u00e9tal avec les mots <strong>\u00ab\u00a0FRIENDSHIP is everything\u00a0\u00bb<\/strong> et des illustrations romantiques \u00e0 l&rsquo;aquarelle de trois oiseaux parmi des branches, des feuilles et des fleurs. La bordure jaune tendre a un effet l\u00e9g\u00e8rement \u00a0\u00bb us\u00e9 \u00a0\u00bb dans le style Shabby Chic. La plaque est accompagn\u00e9e d&rsquo;un cordon avec des boules en bois naturel pour la suspendre facilement : parfait dans un hall d&rsquo;entr\u00e9e, dans la cuisine ou sur un mur d&rsquo;exposition.  <\/p>\n<p><strong>Dimensions :<\/strong> 30 x 30 cm<\/p>\n","protected":false},"featured_media":228830,"comment_status":"open","ping_status":"closed","template":"","meta":{"_joinchat":[]},"pwb-brand":[2090],"product_brand":[],"product_cat":[1524],"product_tag":[3417,3439,2941],"class_list":{"0":"post-225437","1":"product","2":"type-product","3":"status-publish","4":"has-post-thumbnail","6":"pwb-brand-nuvole-di-stoffa-es","7":"product_cat-peintures-et-toiles","8":"product_tag-colleccion-sweet-bear","9":"product_tag-decoraciones-colgantes","10":"product_tag-jardin-es","12":"first","13":"instock","14":"taxable","15":"shipping-taxable","16":"purchasable","17":"product-type-simple"},"brands":[{"id":1563,"name":"Nuvole di Stoffa","slug":"nuvole-di-stoffa-fr"}],"_links":{"self":[{"href":"https:\/\/www.tendenzeshabbychic.it\/fr\/wp-json\/wp\/v2\/product\/225437","targetHints":{"allow":["GET"]}}],"collection":[{"href":"https:\/\/www.tendenzeshabbychic.it\/fr\/wp-json\/wp\/v2\/product"}],"about":[{"href":"https:\/\/www.tendenzeshabbychic.it\/fr\/wp-json\/wp\/v2\/types\/product"}],"replies":[{"embeddable":true,"href":"https:\/\/www.tendenzeshabbychic.it\/fr\/wp-json\/wp\/v2\/comments?post=225437"}],"wp:featuredmedia":[{"embeddable":true,"href":"https:\/\/www.tendenzeshabbychic.it\/fr\/wp-json\/wp\/v2\/media\/228830"}],"wp:attachment":[{"href":"https:\/\/www.tendenzeshabbychic.it\/fr\/wp-json\/wp\/v2\/media?parent=225437"}],"wp:term":[{"taxonomy":"pwb-brand","embeddable":true,"href":"https:\/\/www.tendenzeshabbychic.it\/fr\/wp-json\/wp\/v2\/pwb-brand?post=225437"},{"taxonomy":"product_brand","embeddable":true,"href":"https:\/\/www.tendenzeshabbychic.it\/fr\/wp-json\/wp\/v2\/product_brand?post=225437"},{"taxonomy":"product_cat","embeddable":true,"href":"https:\/\/www.tendenzeshabbychic.it\/fr\/wp-json\/wp\/v2\/product_cat?post=225437"},{"taxonomy":"product_tag","embeddable":true,"href":"https:\/\/www.tendenzeshabbychic.it\/fr\/wp-json\/wp\/v2\/product_tag?post=225437"}],"curies":[{"name":"wp","href":"https:\/\/api.w.org\/{rel}","templated":true}]}}