{"id":225431,"date":"2026-01-27T00:00:01","date_gmt":"2026-01-26T23:00:01","guid":{"rendered":"https:\/\/www.tendenzeshabbychic.it\/prodotto\/nuvole-di-stoffa-plaque-metallique-love-42-cm\/"},"modified":"2026-04-11T17:14:00","modified_gmt":"2026-04-11T15:14:00","slug":"nuvole-di-stoffa-plaque-metallique-love-42-cm","status":"publish","type":"product","link":"https:\/\/www.tendenzeshabbychic.it\/fr\/produit\/nuvole-di-stoffa-plaque-metallique-love-42-cm\/","title":{"rendered":"Nuvole di Stoffa Plaque m\u00e9tallique &lsquo;LOVE&rsquo; 42 cm"},"content":{"rendered":"<p>Un message doux, pr\u00eat \u00e0 donner du caract\u00e8re \u00e0 la maison. La plaque &lsquo;LOVE&rsquo; de Nuvole di Stoffa est r\u00e9alis\u00e9e en m\u00e9tal avec une forme fa\u00e7onn\u00e9e et une finition transparente, encadr\u00e9e par une bordure vert sauge qui lui conf\u00e8re un aspect raffin\u00e9 et lumineux. Les illustrations \u00e0 l&rsquo;aquarelle d&rsquo;oiseaux, de brindilles et de fleurs (avec de petites touches de rose et de jaune tendre) cr\u00e9ent un d\u00e9licat effet \u00ab\u00a0campagne chic\u00a0\u00bb. Parfait pour \u00eatre accroch\u00e9 dans le hall d&rsquo;entr\u00e9e, dans la chambre \u00e0 coucher ou au-dessus d&rsquo;une table console : il suffit d&rsquo;un instant pour que l&rsquo;atmosph\u00e8re change.   <\/p>\n<ul>\n<li>M\u00e9tal avec profil \u00e9l\u00e9gant<\/li>\n<li>Palette ivoire\/vert d&rsquo;eau facile \u00e0 assortir<\/li>\n<li>D\u00e9cor floral super-romantique et oiseaux<\/li>\n<li>Sc\u00e9nario percutant \u00ab\u00a0L&rsquo;AMOUR commence par vous\u00a0\u00bb (LOVE begins with you)<\/li>\n<li>Id\u00e9al \u00e9galement pour un cadeau sinc\u00e8re<\/li>\n<\/ul>\n","protected":false},"excerpt":{"rendered":"<p>Plaque d\u00e9corative en m\u00e9tal de style romantique, avec profil en forme et double bordure vert sauge. Fond ivoire avec illustrations \u00e0 l&rsquo;aquarelle d&rsquo;oiseaux, de fleurs d\u00e9licates et d&rsquo;un papillon ; inscription centrale \u00ab\u00a0LOVE begins with you\u00a0\u00bb dans un style \u00e9l\u00e9gant, avec un l\u00e9ger effet de gaufrage qui lui donne de la profondeur. Un d\u00e9tail qui r\u00e9chauffe imm\u00e9diatement le hall d&rsquo;entr\u00e9e, la cuisine ou un mur Shabby Chic.  <\/p>\n<p><strong>Dimensions :<\/strong> 42 x H 26,5 cm<\/p>\n","protected":false},"featured_media":228827,"comment_status":"open","ping_status":"closed","template":"","meta":{"_joinchat":[]},"pwb-brand":[2090],"product_brand":[],"product_cat":[1524],"product_tag":[3417,3439,2941],"class_list":{"0":"post-225431","1":"product","2":"type-product","3":"status-publish","4":"has-post-thumbnail","6":"pwb-brand-nuvole-di-stoffa-es","7":"product_cat-peintures-et-toiles","8":"product_tag-colleccion-sweet-bear","9":"product_tag-decoraciones-colgantes","10":"product_tag-jardin-es","12":"first","13":"instock","14":"taxable","15":"shipping-taxable","16":"purchasable","17":"product-type-simple"},"brands":[{"id":1563,"name":"Nuvole di Stoffa","slug":"nuvole-di-stoffa-fr"}],"_links":{"self":[{"href":"https:\/\/www.tendenzeshabbychic.it\/fr\/wp-json\/wp\/v2\/product\/225431","targetHints":{"allow":["GET"]}}],"collection":[{"href":"https:\/\/www.tendenzeshabbychic.it\/fr\/wp-json\/wp\/v2\/product"}],"about":[{"href":"https:\/\/www.tendenzeshabbychic.it\/fr\/wp-json\/wp\/v2\/types\/product"}],"replies":[{"embeddable":true,"href":"https:\/\/www.tendenzeshabbychic.it\/fr\/wp-json\/wp\/v2\/comments?post=225431"}],"wp:featuredmedia":[{"embeddable":true,"href":"https:\/\/www.tendenzeshabbychic.it\/fr\/wp-json\/wp\/v2\/media\/228827"}],"wp:attachment":[{"href":"https:\/\/www.tendenzeshabbychic.it\/fr\/wp-json\/wp\/v2\/media?parent=225431"}],"wp:term":[{"taxonomy":"pwb-brand","embeddable":true,"href":"https:\/\/www.tendenzeshabbychic.it\/fr\/wp-json\/wp\/v2\/pwb-brand?post=225431"},{"taxonomy":"product_brand","embeddable":true,"href":"https:\/\/www.tendenzeshabbychic.it\/fr\/wp-json\/wp\/v2\/product_brand?post=225431"},{"taxonomy":"product_cat","embeddable":true,"href":"https:\/\/www.tendenzeshabbychic.it\/fr\/wp-json\/wp\/v2\/product_cat?post=225431"},{"taxonomy":"product_tag","embeddable":true,"href":"https:\/\/www.tendenzeshabbychic.it\/fr\/wp-json\/wp\/v2\/product_tag?post=225431"}],"curies":[{"name":"wp","href":"https:\/\/api.w.org\/{rel}","templated":true}]}}