{"id":225428,"date":"2026-01-27T22:59:01","date_gmt":"2026-01-27T21:59:01","guid":{"rendered":"https:\/\/www.tendenzeshabbychic.it\/prodotto\/nuvole-di-stoffa-plaque-metallique-l-42-cm\/"},"modified":"2026-01-27T12:00:44","modified_gmt":"2026-01-27T11:00:44","slug":"nuvole-di-stoffa-plaque-metallique-l-42-cm","status":"publish","type":"product","link":"https:\/\/www.tendenzeshabbychic.it\/fr\/produit\/nuvole-di-stoffa-plaque-metallique-l-42-cm\/","title":{"rendered":"Nuvole di Stoffa Plaque m\u00e9tallique L 42 cm"},"content":{"rendered":"<p>Une touche \u00ab\u00a0cottage\u00a0\u00bb qui met tout de suite dans l&rsquo;ambiance. Cette plaque Nuvole di Stoffa <strong>Fiorir\u00e0<\/strong> est r\u00e9alis\u00e9e en m\u00e9tal, avec un profil en forme et une finition <strong>antique<\/strong>: un fond en pointill\u00e9s clairs, une bordure bleu poudre et une d\u00e9licate impression d&rsquo;aquarelle. La sc\u00e8ne repr\u00e9sente un coin de jardin fleuri, avec une petite charrette, une cage et de petits d\u00e9tails romantiques, tandis que l&rsquo;inscription <strong>\u00ab\u00a0BIENVENUE DANS MON JARDIN\u00a0\u00bb<\/strong> vous souhaite la bienvenue. Id\u00e9al \u00e0 accrocher sur la v\u00e9randa, le balcon ou le hall d&rsquo;entr\u00e9e pour donner du caract\u00e8re et de la chaleur en un instant.   <\/p>\n<ul>\n<li>M\u00e9tal avec effet vintage, \u00e9l\u00e9gant et d\u00e9coratif<\/li>\n<li>Bordure bleu poudr\u00e9 et forme sc\u00e9nique profil\u00e9e<\/li>\n<li>Illustration florale de style aquarelle, humeur Fiorir\u00e0<\/li>\n<li>Panneau \u00ab\u00a0Bienvenue dans mon jardin\u00a0\u00bb parfait pour l&rsquo;entr\u00e9e<\/li>\n<li>Id\u00e9al pour le jardin, le balcon et la v\u00e9randa<\/li>\n<\/ul>\n","protected":false},"excerpt":{"rendered":"<p>Plaque \u00e0 suspendre <strong>en m\u00e9tal<\/strong> de la collection <strong>Fiorir\u00e0<\/strong>, fa\u00e7onn\u00e9e avec un bord <strong>bleu poudr\u00e9<\/strong> et un fond ivoire <strong>us\u00e9<\/strong> avec des points vintage. Au centre, une douce sc\u00e8ne illustr\u00e9e \u00e0 l&rsquo;aquarelle : \u00e9tal de fleurs\/chariot, cage, papillons et petits animaux, avec l&rsquo;inscription <strong>\u00ab\u00a0BIENVENUE DANS MON JARDIN\u00a0\u00bb<\/strong>. Parfait pour le jardin, la v\u00e9randa ou l&rsquo;entr\u00e9e, pour un accueil romantique et lumineux.  <\/p>\n<p><strong>Dimensions<\/strong><br \/>\nDimensions <strong>42 x H 26,5 cm.<\/strong><\/p>\n","protected":false},"featured_media":232488,"comment_status":"open","ping_status":"closed","template":"","meta":{"_joinchat":[]},"pwb-brand":[1563],"product_brand":[],"product_cat":[1524],"product_tag":[3401,3438,2940],"class_list":{"0":"post-225428","1":"product","2":"type-product","3":"status-publish","4":"has-post-thumbnail","6":"pwb-brand-nuvole-di-stoffa-fr","7":"product_cat-peintures-et-toiles","8":"product_tag-collection-fiorira","9":"product_tag-decorations-suspendues","10":"product_tag-jardin","12":"first","13":"instock","14":"taxable","15":"shipping-taxable","16":"purchasable","17":"product-type-simple"},"brands":[{"id":1563,"name":"Nuvole di Stoffa","slug":"nuvole-di-stoffa-fr"}],"_links":{"self":[{"href":"https:\/\/www.tendenzeshabbychic.it\/fr\/wp-json\/wp\/v2\/product\/225428","targetHints":{"allow":["GET"]}}],"collection":[{"href":"https:\/\/www.tendenzeshabbychic.it\/fr\/wp-json\/wp\/v2\/product"}],"about":[{"href":"https:\/\/www.tendenzeshabbychic.it\/fr\/wp-json\/wp\/v2\/types\/product"}],"replies":[{"embeddable":true,"href":"https:\/\/www.tendenzeshabbychic.it\/fr\/wp-json\/wp\/v2\/comments?post=225428"}],"wp:featuredmedia":[{"embeddable":true,"href":"https:\/\/www.tendenzeshabbychic.it\/fr\/wp-json\/wp\/v2\/media\/232488"}],"wp:attachment":[{"href":"https:\/\/www.tendenzeshabbychic.it\/fr\/wp-json\/wp\/v2\/media?parent=225428"}],"wp:term":[{"taxonomy":"pwb-brand","embeddable":true,"href":"https:\/\/www.tendenzeshabbychic.it\/fr\/wp-json\/wp\/v2\/pwb-brand?post=225428"},{"taxonomy":"product_brand","embeddable":true,"href":"https:\/\/www.tendenzeshabbychic.it\/fr\/wp-json\/wp\/v2\/product_brand?post=225428"},{"taxonomy":"product_cat","embeddable":true,"href":"https:\/\/www.tendenzeshabbychic.it\/fr\/wp-json\/wp\/v2\/product_cat?post=225428"},{"taxonomy":"product_tag","embeddable":true,"href":"https:\/\/www.tendenzeshabbychic.it\/fr\/wp-json\/wp\/v2\/product_tag?post=225428"}],"curies":[{"name":"wp","href":"https:\/\/api.w.org\/{rel}","templated":true}]}}