{"id":225410,"date":"2026-01-27T22:59:01","date_gmt":"2026-01-27T21:59:01","guid":{"rendered":"https:\/\/www.tendenzeshabbychic.it\/prodotto\/nuvole-di-stoffa-mezzo-vaso-parete-fiorira-h-41\/"},"modified":"2026-01-27T12:00:44","modified_gmt":"2026-01-27T11:00:44","slug":"nuvole-di-stoffa-mezzo-vaso-parete-fiorira-h-41","status":"publish","type":"product","link":"https:\/\/www.tendenzeshabbychic.it\/fr\/produit\/nuvole-di-stoffa-mezzo-vaso-parete-fiorira-h-41\/","title":{"rendered":"Nuvole di Stoffa Mezzo Vaso Parete Fiorir\u00e0 h 41"},"content":{"rendered":"<p>Un compl\u00e9ment qui fait imm\u00e9diatement penser \u00e0 la maison. Ce vase mural Nuvole di Stoffa, de la collection <strong>Fiorir\u00e0<\/strong>, est r\u00e9alis\u00e9 en m\u00e9tal peint avec un profil vert et un d\u00e9licat graphisme floral : marguerites, bourgeons et petites abeilles qui semblent avoir \u00e9t\u00e9 peints \u00e0 la main. L&rsquo;inscription <strong>\u00ab\u00a0Home Sweet Home\u00a0\u00bb<\/strong> le rend id\u00e9al dans le hall d&rsquo;entr\u00e9e ou pr\u00e8s de la porte-fen\u00eatre, pour donner un accueil chaleureux et attentionn\u00e9. Utilisez-le avec des semis tombants, des fleurs s\u00e9ch\u00e9es ou des compositions saisonni\u00e8res : il suffit d&rsquo;un peu pour que le coin change de visage.   <\/p>\n<ul>\n<li>M\u00e9tal peint : durable et d\u00e9coratif<\/li>\n<li>Motif floral Fiorir\u00e0 avec abeilles, effet aquarelle<\/li>\n<li>Home Sweet Home\u00a0\u00bb \u00e0 l&rsquo;honneur<\/li>\n<li>Id\u00e9al pour les entr\u00e9es, la cuisine, le balcon et la v\u00e9randa<\/li>\n<li>C&rsquo;est aussi une excellente id\u00e9e de cadeau pour les amateurs de Shabby Chic.<\/li>\n<\/ul>\n","protected":false},"excerpt":{"rendered":"<p>Demi vase mural <strong>en m\u00e9tal<\/strong> de la collection <strong>Fiorir\u00e0<\/strong>, parfait pour apporter une touche romantique \u00e0 l&rsquo;entr\u00e9e, \u00e0 la cuisine ou \u00e0 la v\u00e9randa. Fond blanc avec bordure verte, d\u00e9corations florales \u00e0 l&rsquo;aquarelle (marguerites, feuilles, petites fleurs) et d\u00e9tails d&rsquo;abeilles. Sur le recto, les mots <strong>\u00ab\u00a0Home Sweet Home\u00a0\u00bb<\/strong> en vert se d\u00e9tachent : cosy et toujours d&rsquo;actualit\u00e9.  <\/p>\n<p><strong>Dimensions<\/strong><br \/>\nDimensions L x L x H cm : <strong>27,5 x 9 x 41 cm.<\/strong><\/p>\n","protected":false},"featured_media":226330,"comment_status":"closed","ping_status":"closed","template":"","meta":{"_joinchat":[]},"pwb-brand":[1563],"product_brand":[],"product_cat":[1526],"product_tag":[3401],"class_list":{"0":"post-225410","1":"product","2":"type-product","3":"status-publish","4":"has-post-thumbnail","6":"pwb-brand-nuvole-di-stoffa-fr","7":"product_cat-vases","8":"product_tag-collection-fiorira","10":"first","11":"instock","12":"taxable","13":"shipping-taxable","14":"purchasable","15":"product-type-simple"},"brands":[{"id":1563,"name":"Nuvole di Stoffa","slug":"nuvole-di-stoffa-fr"}],"_links":{"self":[{"href":"https:\/\/www.tendenzeshabbychic.it\/fr\/wp-json\/wp\/v2\/product\/225410","targetHints":{"allow":["GET"]}}],"collection":[{"href":"https:\/\/www.tendenzeshabbychic.it\/fr\/wp-json\/wp\/v2\/product"}],"about":[{"href":"https:\/\/www.tendenzeshabbychic.it\/fr\/wp-json\/wp\/v2\/types\/product"}],"replies":[{"embeddable":true,"href":"https:\/\/www.tendenzeshabbychic.it\/fr\/wp-json\/wp\/v2\/comments?post=225410"}],"wp:featuredmedia":[{"embeddable":true,"href":"https:\/\/www.tendenzeshabbychic.it\/fr\/wp-json\/wp\/v2\/media\/226330"}],"wp:attachment":[{"href":"https:\/\/www.tendenzeshabbychic.it\/fr\/wp-json\/wp\/v2\/media?parent=225410"}],"wp:term":[{"taxonomy":"pwb-brand","embeddable":true,"href":"https:\/\/www.tendenzeshabbychic.it\/fr\/wp-json\/wp\/v2\/pwb-brand?post=225410"},{"taxonomy":"product_brand","embeddable":true,"href":"https:\/\/www.tendenzeshabbychic.it\/fr\/wp-json\/wp\/v2\/product_brand?post=225410"},{"taxonomy":"product_cat","embeddable":true,"href":"https:\/\/www.tendenzeshabbychic.it\/fr\/wp-json\/wp\/v2\/product_cat?post=225410"},{"taxonomy":"product_tag","embeddable":true,"href":"https:\/\/www.tendenzeshabbychic.it\/fr\/wp-json\/wp\/v2\/product_tag?post=225410"}],"curies":[{"name":"wp","href":"https:\/\/api.w.org\/{rel}","templated":true}]}}