{"id":224755,"date":"2026-01-22T09:30:04","date_gmt":"2026-01-22T08:30:04","guid":{"rendered":"https:\/\/www.tendenzeshabbychic.it\/prodotto\/edg-bouquet-de-4-tulipes-jaunes-nuancees-real-touch-h-40\/"},"modified":"2026-04-09T11:14:16","modified_gmt":"2026-04-09T09:14:16","slug":"edg-bouquet-de-4-tulipes-jaunes-nuancees-real-touch-h-40","status":"publish","type":"product","link":"https:\/\/www.tendenzeshabbychic.it\/fr\/produit\/edg-bouquet-de-4-tulipes-jaunes-nuancees-real-touch-h-40\/","title":{"rendered":"EDG Bouquet de 4 Tulipes jaunes nuanc\u00e9es Real Touch H 40"},"content":{"rendered":"<p>Ce bouquet de tulipes d&rsquo;Enzo de Gasperi se distingue par ses teintes jaune soleil \u00e9clatantes, enrichies d&rsquo;\u00e9l\u00e9gantes nuances d&rsquo;orange. Les quatre fleurs pr\u00e9sentent des boutons ferm\u00e9s, model\u00e9s avec un grand souci du d\u00e9tail, et des p\u00e9tales \u00e0 la texture l\u00e9g\u00e8rement velout\u00e9e, typique de l&rsquo;effet Real Touch. Les tiges vertes, souples et flexibles, sont accompagn\u00e9es de feuilles allong\u00e9es et nervur\u00e9es qui amplifient le r\u00e9alisme de l&rsquo;ensemble. Parfaite pour donner de l&rsquo;\u00e9nergie et de la chaleur aux pi\u00e8ces, elle est id\u00e9ale aussi bien dans les compositions printani\u00e8res qu&rsquo;en tant qu&rsquo;\u00e9l\u00e9ment d\u00e9coratif unique dans les pots.   <\/p>\n<ul>\n<li>Bourgeons ferm\u00e9s aux teintes naturelles jaune-orange<\/li>\n<li>Effet Real Touch r\u00e9aliste au toucher et \u00e0 la vue<\/li>\n<li>Tiges et feuilles vertes avec une finition naturelle<\/li>\n<li>Id\u00e9al pour les vases en verre clair ou en c\u00e9ramique<\/li>\n<li>Parfait pour les d\u00e9corations printani\u00e8res et les environnements lumineux<\/li>\n<\/ul>\n","protected":false},"excerpt":{"rendered":"<p>Bouquet de 4 tulipes blanches avec bourgeon ferm\u00e9, effet Real Touch. Tiges vertes naturelles, aspect frais et \u00e9l\u00e9gant. <\/p>\n<p>\ud83d\udccf H 40 cm<\/p>\n","protected":false},"featured_media":224737,"comment_status":"open","ping_status":"closed","template":"","meta":{"_joinchat":[]},"pwb-brand":[1564],"product_brand":[],"product_cat":[2779,1467],"product_tag":[],"class_list":{"0":"post-224755","1":"product","2":"type-product","3":"status-publish","4":"has-post-thumbnail","6":"pwb-brand-edg-fr","7":"product_cat-tulipes","8":"product_cat-fleurs-et-plantes-artificielles","10":"first","11":"instock","12":"taxable","13":"shipping-taxable","14":"purchasable","15":"product-type-simple"},"brands":[{"id":1564,"name":"EDG \u2013 Enzo De Gasperi","slug":"edg-fr"}],"_links":{"self":[{"href":"https:\/\/www.tendenzeshabbychic.it\/fr\/wp-json\/wp\/v2\/product\/224755","targetHints":{"allow":["GET"]}}],"collection":[{"href":"https:\/\/www.tendenzeshabbychic.it\/fr\/wp-json\/wp\/v2\/product"}],"about":[{"href":"https:\/\/www.tendenzeshabbychic.it\/fr\/wp-json\/wp\/v2\/types\/product"}],"replies":[{"embeddable":true,"href":"https:\/\/www.tendenzeshabbychic.it\/fr\/wp-json\/wp\/v2\/comments?post=224755"}],"wp:featuredmedia":[{"embeddable":true,"href":"https:\/\/www.tendenzeshabbychic.it\/fr\/wp-json\/wp\/v2\/media\/224737"}],"wp:attachment":[{"href":"https:\/\/www.tendenzeshabbychic.it\/fr\/wp-json\/wp\/v2\/media?parent=224755"}],"wp:term":[{"taxonomy":"pwb-brand","embeddable":true,"href":"https:\/\/www.tendenzeshabbychic.it\/fr\/wp-json\/wp\/v2\/pwb-brand?post=224755"},{"taxonomy":"product_brand","embeddable":true,"href":"https:\/\/www.tendenzeshabbychic.it\/fr\/wp-json\/wp\/v2\/product_brand?post=224755"},{"taxonomy":"product_cat","embeddable":true,"href":"https:\/\/www.tendenzeshabbychic.it\/fr\/wp-json\/wp\/v2\/product_cat?post=224755"},{"taxonomy":"product_tag","embeddable":true,"href":"https:\/\/www.tendenzeshabbychic.it\/fr\/wp-json\/wp\/v2\/product_tag?post=224755"}],"curies":[{"name":"wp","href":"https:\/\/api.w.org\/{rel}","templated":true}]}}