{"id":224727,"date":"2026-01-22T09:30:16","date_gmt":"2026-01-22T08:30:16","guid":{"rendered":"https:\/\/www.tendenzeshabbychic.it\/prodotto\/edg-bouquet-de-4-tulipes-blanches-real-touch-h-40\/"},"modified":"2026-01-22T09:30:16","modified_gmt":"2026-01-22T08:30:16","slug":"edg-bouquet-de-4-tulipes-blanches-real-touch-h-40","status":"publish","type":"product","link":"https:\/\/www.tendenzeshabbychic.it\/fr\/produit\/edg-bouquet-de-4-tulipes-blanches-real-touch-h-40\/","title":{"rendered":"EDG Bouquet de 4 Tulipes blanches Real Touch H 40"},"content":{"rendered":"<p>Ce bouquet de tulipes blanches d&rsquo;Enzo de Gasperi reproduit de mani\u00e8re r\u00e9aliste l&rsquo;\u00e9l\u00e9gance de la fleur nouvellement \u00e9close. Les quatre tiges pr\u00e9sentent des bourgeons ferm\u00e9s d&rsquo;un blanc cr\u00e9meux, avec de l\u00e9gers tons chauds \u00e0 l&rsquo;int\u00e9rieur, et des feuilles allong\u00e9es d&rsquo;un vert naturel. Le mat\u00e9riau Real Touch donne une texture douce et naturelle au toucher, ce qui rend la fleur extr\u00eamement r\u00e9aliste. Id\u00e9ale pour des compositions florales raffin\u00e9es ou pour \u00eatre pr\u00e9sent\u00e9e dans un vase, elle apporte une touche lumineuse et printani\u00e8re aux pi\u00e8ces sans n\u00e9cessiter d&rsquo;entretien.   <\/p>\n<ul>\n<li>Bourgeons ferm\u00e9s d&rsquo;aspect naturel et d\u00e9licat<\/li>\n<li>Effet Real Touch pour un r\u00e9alisme visuel et tactile<\/li>\n<li>Couleur blanche \u00e9l\u00e9gante et intemporelle<\/li>\n<li>Parfait pour les vases en verre ou en c\u00e9ramique ou les compositions saisonni\u00e8res<\/li>\n<\/ul>\n","protected":false},"excerpt":{"rendered":"<p>Bouquet de 4 tulipes blanches avec bourgeon ferm\u00e9, effet Real Touch. Tiges vertes naturelles, aspect frais et \u00e9l\u00e9gant. <\/p>\n<p>\ud83d\udccf H 40 cm<\/p>\n","protected":false},"featured_media":224713,"comment_status":"open","ping_status":"closed","template":"","meta":{"_joinchat":[]},"pwb-brand":[2084],"product_brand":[],"product_cat":[2779,1467],"product_tag":[],"class_list":{"0":"post-224727","1":"product","2":"type-product","3":"status-publish","4":"has-post-thumbnail","6":"pwb-brand-edg-enzo-de-gasperi","7":"product_cat-tulipes","8":"product_cat-fleurs-et-plantes-artificielles","10":"first","11":"instock","12":"taxable","13":"shipping-taxable","14":"purchasable","15":"product-type-simple"},"brands":[{"id":1564,"name":"EDG \u2013 Enzo De Gasperi","slug":"edg-fr"}],"_links":{"self":[{"href":"https:\/\/www.tendenzeshabbychic.it\/fr\/wp-json\/wp\/v2\/product\/224727","targetHints":{"allow":["GET"]}}],"collection":[{"href":"https:\/\/www.tendenzeshabbychic.it\/fr\/wp-json\/wp\/v2\/product"}],"about":[{"href":"https:\/\/www.tendenzeshabbychic.it\/fr\/wp-json\/wp\/v2\/types\/product"}],"replies":[{"embeddable":true,"href":"https:\/\/www.tendenzeshabbychic.it\/fr\/wp-json\/wp\/v2\/comments?post=224727"}],"wp:featuredmedia":[{"embeddable":true,"href":"https:\/\/www.tendenzeshabbychic.it\/fr\/wp-json\/wp\/v2\/media\/224713"}],"wp:attachment":[{"href":"https:\/\/www.tendenzeshabbychic.it\/fr\/wp-json\/wp\/v2\/media?parent=224727"}],"wp:term":[{"taxonomy":"pwb-brand","embeddable":true,"href":"https:\/\/www.tendenzeshabbychic.it\/fr\/wp-json\/wp\/v2\/pwb-brand?post=224727"},{"taxonomy":"product_brand","embeddable":true,"href":"https:\/\/www.tendenzeshabbychic.it\/fr\/wp-json\/wp\/v2\/product_brand?post=224727"},{"taxonomy":"product_cat","embeddable":true,"href":"https:\/\/www.tendenzeshabbychic.it\/fr\/wp-json\/wp\/v2\/product_cat?post=224727"},{"taxonomy":"product_tag","embeddable":true,"href":"https:\/\/www.tendenzeshabbychic.it\/fr\/wp-json\/wp\/v2\/product_tag?post=224727"}],"curies":[{"name":"wp","href":"https:\/\/api.w.org\/{rel}","templated":true}]}}