{"id":224725,"date":"2026-01-22T09:30:19","date_gmt":"2026-01-22T08:30:19","guid":{"rendered":"https:\/\/www.tendenzeshabbychic.it\/prodotto\/edg-bouquet-4-tulipes-violettes-real-touch-h-40\/"},"modified":"2026-01-22T09:30:19","modified_gmt":"2026-01-22T08:30:19","slug":"edg-bouquet-4-tulipes-violettes-real-touch-h-40","status":"publish","type":"product","link":"https:\/\/www.tendenzeshabbychic.it\/fr\/produit\/edg-bouquet-4-tulipes-violettes-real-touch-h-40\/","title":{"rendered":"EDG Bouquet 4 Tulipes violettes Real Touch H 40"},"content":{"rendered":"<p>Ce bouquet de tulipes violettes d&rsquo;Enzo de Gasperi se distingue par sa couleur intense et sophistiqu\u00e9e, parfaite pour les environnements \u00e9l\u00e9gants et contemporains. Les fleurs pr\u00e9sentent des boutons ferm\u00e9s et partiellement ouverts, avec des p\u00e9tales violets enrichis de tons plus clairs et de subtiles veines qui renforcent leur r\u00e9alisme. Le c\u0153ur de la fleur, d\u00e9licatement visible, donne de la profondeur et du naturel. Les tiges vertes sont souples et bien proportionn\u00e9es, accompagn\u00e9es de feuilles allong\u00e9es et nervur\u00e9es \u00e0 l&rsquo;aspect authentique. L&rsquo;effet Real Touch rend ce bouquet id\u00e9al pour des compositions d\u00e9coratives raffin\u00e9es, aussi bien dans des d\u00e9cors modernes que dans des d\u00e9cors Shabby Chic raffin\u00e9s.    <\/p>\n<ul>\n<li>Bourgeons ferm\u00e9s avec d&rsquo;\u00e9l\u00e9gantes nuances violettes<\/li>\n<li>Effet Real Touch r\u00e9aliste au toucher et \u00e0 la vue<\/li>\n<li>P\u00e9tales nervur\u00e9s avec c\u0153ur d\u00e9licatement visible<\/li>\n<li>Tiges souples et feuilles vertes \u00e9lanc\u00e9es<\/li>\n<li>Id\u00e9al pour les vases en verre, les c\u00e9ramiques l\u00e9g\u00e8res ou les compositions d\u00e9coratives<\/li>\n<\/ul>\n","protected":false},"excerpt":{"rendered":"<p>Bouquet de 4 tulipes violettes avec bourgeon ferm\u00e9. Nuances \u00e9l\u00e9gantes, p\u00e9tales vein\u00e9s et effet naturel Real Touch. <\/p>\n<p>\ud83d\udccf H 40 cm<\/p>\n","protected":false},"featured_media":224703,"comment_status":"open","ping_status":"closed","template":"","meta":{"_joinchat":[]},"pwb-brand":[1564],"product_brand":[],"product_cat":[2779,1467],"product_tag":[],"class_list":{"0":"post-224725","1":"product","2":"type-product","3":"status-publish","4":"has-post-thumbnail","6":"pwb-brand-edg-fr","7":"product_cat-tulipes","8":"product_cat-fleurs-et-plantes-artificielles","10":"first","11":"outofstock","12":"taxable","13":"shipping-taxable","14":"purchasable","15":"product-type-simple"},"brands":[{"id":1564,"name":"EDG \u2013 Enzo De Gasperi","slug":"edg-fr"}],"_links":{"self":[{"href":"https:\/\/www.tendenzeshabbychic.it\/fr\/wp-json\/wp\/v2\/product\/224725","targetHints":{"allow":["GET"]}}],"collection":[{"href":"https:\/\/www.tendenzeshabbychic.it\/fr\/wp-json\/wp\/v2\/product"}],"about":[{"href":"https:\/\/www.tendenzeshabbychic.it\/fr\/wp-json\/wp\/v2\/types\/product"}],"replies":[{"embeddable":true,"href":"https:\/\/www.tendenzeshabbychic.it\/fr\/wp-json\/wp\/v2\/comments?post=224725"}],"wp:featuredmedia":[{"embeddable":true,"href":"https:\/\/www.tendenzeshabbychic.it\/fr\/wp-json\/wp\/v2\/media\/224703"}],"wp:attachment":[{"href":"https:\/\/www.tendenzeshabbychic.it\/fr\/wp-json\/wp\/v2\/media?parent=224725"}],"wp:term":[{"taxonomy":"pwb-brand","embeddable":true,"href":"https:\/\/www.tendenzeshabbychic.it\/fr\/wp-json\/wp\/v2\/pwb-brand?post=224725"},{"taxonomy":"product_brand","embeddable":true,"href":"https:\/\/www.tendenzeshabbychic.it\/fr\/wp-json\/wp\/v2\/product_brand?post=224725"},{"taxonomy":"product_cat","embeddable":true,"href":"https:\/\/www.tendenzeshabbychic.it\/fr\/wp-json\/wp\/v2\/product_cat?post=224725"},{"taxonomy":"product_tag","embeddable":true,"href":"https:\/\/www.tendenzeshabbychic.it\/fr\/wp-json\/wp\/v2\/product_tag?post=224725"}],"curies":[{"name":"wp","href":"https:\/\/api.w.org\/{rel}","templated":true}]}}