{"id":224673,"date":"2026-01-22T09:30:40","date_gmt":"2026-01-22T08:30:40","guid":{"rendered":"https:\/\/www.tendenzeshabbychic.it\/prodotto\/edg-bouquet-de-5-tulipes-jaunes-nuancees-real-touch-h-40-cm\/"},"modified":"2026-01-22T09:30:40","modified_gmt":"2026-01-22T08:30:40","slug":"edg-bouquet-de-5-tulipes-jaunes-nuancees-real-touch-h-40-cm","status":"publish","type":"product","link":"https:\/\/www.tendenzeshabbychic.it\/fr\/produit\/edg-bouquet-de-5-tulipes-jaunes-nuancees-real-touch-h-40-cm\/","title":{"rendered":"EDG Bouquet de 5 Tulipes jaunes nuanc\u00e9es Real Touch H 40 cm"},"content":{"rendered":"<p>Ce bouquet de 5 tulipes d&rsquo;Enzo de Gasperi est r\u00e9alis\u00e9 en caoutchouc \u00e0 effet Real Touch, pour un r\u00e9sultat \u00e9tonnamment r\u00e9aliste, tant \u00e0 l&rsquo;\u0153il qu&rsquo;au toucher.<\/p>\n<p>Les bourgeons ont une base jaune vif enrichie par de d\u00e9licats tons rouge-orange sur les p\u00e9tales, tandis que les feuilles larges et l\u00e9g\u00e8rement ondul\u00e9es reproduisent fid\u00e8lement les feuilles naturelles. Les tiges sont souples et bien proportionn\u00e9es, id\u00e9ales pour des compositions harmonieuses. <\/p>\n<p>Parfait pour les vases en verre, en c\u00e9ramique ou en m\u00e9tal, il apporte lumi\u00e8re et couleur aux environnements Shabby Chic, modernes ou printaniers, sans aucun entretien.<\/p>\n<ul>\n<li>Caoutchouc Real Touch au toucher naturel<\/li>\n<li>Tulipes jaunes avec des nuances de rouge d\u00e9coratives<\/li>\n<li>Feuilles r\u00e9alistes, larges et d&rsquo;un vert tendre<\/li>\n<li>Id\u00e9al pour les compositions florales et les vases d&rsquo;int\u00e9rieur<\/li>\n<\/ul>\n","protected":false},"excerpt":{"rendered":"<p>Bouquet EDG de tulipes jaunes aux reflets rouges, en caoutchouc Real Touch. Naturel et \u00e9l\u00e9gant, id\u00e9al pour les vases d\u00e9coratifs. <\/p>\n<p>\ud83d\udccf H 40 cm<\/p>\n","protected":false},"featured_media":224662,"comment_status":"open","ping_status":"closed","template":"","meta":{"_joinchat":[]},"pwb-brand":[1564],"product_brand":[],"product_cat":[2779,1467],"product_tag":[],"class_list":{"0":"post-224673","1":"product","2":"type-product","3":"status-publish","4":"has-post-thumbnail","6":"pwb-brand-edg-fr","7":"product_cat-tulipes","8":"product_cat-fleurs-et-plantes-artificielles","10":"first","11":"instock","12":"taxable","13":"shipping-taxable","14":"purchasable","15":"product-type-simple"},"brands":[{"id":1564,"name":"EDG \u2013 Enzo De Gasperi","slug":"edg-fr"}],"_links":{"self":[{"href":"https:\/\/www.tendenzeshabbychic.it\/fr\/wp-json\/wp\/v2\/product\/224673","targetHints":{"allow":["GET"]}}],"collection":[{"href":"https:\/\/www.tendenzeshabbychic.it\/fr\/wp-json\/wp\/v2\/product"}],"about":[{"href":"https:\/\/www.tendenzeshabbychic.it\/fr\/wp-json\/wp\/v2\/types\/product"}],"replies":[{"embeddable":true,"href":"https:\/\/www.tendenzeshabbychic.it\/fr\/wp-json\/wp\/v2\/comments?post=224673"}],"wp:featuredmedia":[{"embeddable":true,"href":"https:\/\/www.tendenzeshabbychic.it\/fr\/wp-json\/wp\/v2\/media\/224662"}],"wp:attachment":[{"href":"https:\/\/www.tendenzeshabbychic.it\/fr\/wp-json\/wp\/v2\/media?parent=224673"}],"wp:term":[{"taxonomy":"pwb-brand","embeddable":true,"href":"https:\/\/www.tendenzeshabbychic.it\/fr\/wp-json\/wp\/v2\/pwb-brand?post=224673"},{"taxonomy":"product_brand","embeddable":true,"href":"https:\/\/www.tendenzeshabbychic.it\/fr\/wp-json\/wp\/v2\/product_brand?post=224673"},{"taxonomy":"product_cat","embeddable":true,"href":"https:\/\/www.tendenzeshabbychic.it\/fr\/wp-json\/wp\/v2\/product_cat?post=224673"},{"taxonomy":"product_tag","embeddable":true,"href":"https:\/\/www.tendenzeshabbychic.it\/fr\/wp-json\/wp\/v2\/product_tag?post=224673"}],"curies":[{"name":"wp","href":"https:\/\/api.w.org\/{rel}","templated":true}]}}