{"id":224671,"date":"2026-01-22T09:30:51","date_gmt":"2026-01-22T08:30:51","guid":{"rendered":"https:\/\/www.tendenzeshabbychic.it\/prodotto\/edg-bouquet-de-4-tulipes-real-touch-red-shaded-h-40\/"},"modified":"2026-01-22T09:30:51","modified_gmt":"2026-01-22T08:30:51","slug":"edg-bouquet-de-4-tulipes-real-touch-red-shaded-h-40","status":"publish","type":"product","link":"https:\/\/www.tendenzeshabbychic.it\/fr\/produit\/edg-bouquet-de-4-tulipes-real-touch-red-shaded-h-40\/","title":{"rendered":"EDG Bouquet de 4 tulipes Real Touch Red Shaded H 40"},"content":{"rendered":"<p>Ce bouquet de tulipes rouges d&rsquo;Enzo de Gasperi exprime le caract\u00e8re et l&rsquo;\u00e9l\u00e9gance gr\u00e2ce aux teintes profondes ton sur ton qui enrichissent les p\u00e9tales. Les quatre fleurs pr\u00e9sentent des boutons ferm\u00e9s et l\u00e9g\u00e8rement ouverts avec une texture r\u00e9aliste qui reproduit les veines naturelles de la vraie tulipe. Le c\u0153ur de la fleur, d\u00e9licatement visible, ajoute de la profondeur et de la valeur visuelle. Les tiges vertes douces et bien proportionn\u00e9es sont compl\u00e9t\u00e9es par des feuilles fines et nervur\u00e9es qui donnent du mouvement \u00e0 l&rsquo;ensemble. Parfait pour les d\u00e9corations raffin\u00e9es, les ambiances romantiques ou les compositions \u00e0 fort impact sc\u00e9nique.    <\/p>\n<ul>\n<li>Bourgeons ferm\u00e9s d&rsquo;un rouge fonc\u00e9 et profond<\/li>\n<li>Effet Real Touch r\u00e9aliste au toucher et \u00e0 la vue<\/li>\n<li>P\u00e9tales avec veines naturelles et c\u0153ur visible<\/li>\n<li>Tiges et feuilles vertes \u00e9lanc\u00e9es<\/li>\n<li>Id\u00e9al pour les vases en verre ou en c\u00e9ramique ou les compositions \u00e9l\u00e9gantes<\/li>\n<\/ul>\n","protected":false},"excerpt":{"rendered":"<p>Bouquet de 4 tulipes rouges avec d&rsquo;\u00e9l\u00e9gantes nuances fonc\u00e9es et un bourgeon ferm\u00e9. Effet Real Touch, tiges et feuilles naturelles. <\/p>\n<p>\ud83d\udccf H 40 cm<\/p>\n","protected":false},"featured_media":224650,"comment_status":"open","ping_status":"closed","template":"","meta":{"_joinchat":[]},"pwb-brand":[1564],"product_brand":[],"product_cat":[2779,1467],"product_tag":[],"class_list":{"0":"post-224671","1":"product","2":"type-product","3":"status-publish","4":"has-post-thumbnail","6":"pwb-brand-edg-fr","7":"product_cat-tulipes","8":"product_cat-fleurs-et-plantes-artificielles","10":"first","11":"instock","12":"taxable","13":"shipping-taxable","14":"purchasable","15":"product-type-simple"},"brands":[{"id":1564,"name":"EDG \u2013 Enzo De Gasperi","slug":"edg-fr"}],"_links":{"self":[{"href":"https:\/\/www.tendenzeshabbychic.it\/fr\/wp-json\/wp\/v2\/product\/224671","targetHints":{"allow":["GET"]}}],"collection":[{"href":"https:\/\/www.tendenzeshabbychic.it\/fr\/wp-json\/wp\/v2\/product"}],"about":[{"href":"https:\/\/www.tendenzeshabbychic.it\/fr\/wp-json\/wp\/v2\/types\/product"}],"replies":[{"embeddable":true,"href":"https:\/\/www.tendenzeshabbychic.it\/fr\/wp-json\/wp\/v2\/comments?post=224671"}],"wp:featuredmedia":[{"embeddable":true,"href":"https:\/\/www.tendenzeshabbychic.it\/fr\/wp-json\/wp\/v2\/media\/224650"}],"wp:attachment":[{"href":"https:\/\/www.tendenzeshabbychic.it\/fr\/wp-json\/wp\/v2\/media?parent=224671"}],"wp:term":[{"taxonomy":"pwb-brand","embeddable":true,"href":"https:\/\/www.tendenzeshabbychic.it\/fr\/wp-json\/wp\/v2\/pwb-brand?post=224671"},{"taxonomy":"product_brand","embeddable":true,"href":"https:\/\/www.tendenzeshabbychic.it\/fr\/wp-json\/wp\/v2\/product_brand?post=224671"},{"taxonomy":"product_cat","embeddable":true,"href":"https:\/\/www.tendenzeshabbychic.it\/fr\/wp-json\/wp\/v2\/product_cat?post=224671"},{"taxonomy":"product_tag","embeddable":true,"href":"https:\/\/www.tendenzeshabbychic.it\/fr\/wp-json\/wp\/v2\/product_tag?post=224671"}],"curies":[{"name":"wp","href":"https:\/\/api.w.org\/{rel}","templated":true}]}}