{"id":224614,"date":"2026-01-22T09:04:06","date_gmt":"2026-01-22T08:04:06","guid":{"rendered":"https:\/\/www.tendenzeshabbychic.it\/prodotto\/edg-orchidee-phalaenopsis-avec-vase-h47-cm\/"},"modified":"2026-01-22T09:04:06","modified_gmt":"2026-01-22T08:04:06","slug":"edg-orchidee-phalaenopsis-avec-vase-h47-cm","status":"publish","type":"product","link":"https:\/\/www.tendenzeshabbychic.it\/fr\/produit\/edg-orchidee-phalaenopsis-avec-vase-h47-cm\/","title":{"rendered":"EDG Orchid\u00e9e Phalaenopsis avec vase H47 cm"},"content":{"rendered":"<p>L&rsquo;orchid\u00e9e Phalaenopsis d&rsquo;Enzo de Gasperi est une proposition d\u00e9corative d&rsquo;un grand raffinement, id\u00e9ale pour les environnements \u00e9l\u00e9gants et soign\u00e9s. Les fleurs ont des p\u00e9tales ivoire avec de d\u00e9licates veines roses et un centre fuchsia profond, enrichi par de petits bourgeons qui donnent du naturel \u00e0 la composition. La branche l\u00e9g\u00e8rement arqu\u00e9e cr\u00e9e un mouvement et une harmonie visuelle. Les larges feuilles charnues vert fonc\u00e9 ont une finition l\u00e9g\u00e8rement brillante qui reproduit fid\u00e8lement l&rsquo;aspect de l&rsquo;orchid\u00e9e naturelle. Le vase cylindrique est orn\u00e9 d&rsquo;une texture g\u00e9om\u00e9trique gaufr\u00e9e dans des tons neutres, compl\u00e9t\u00e9e par une mousse d\u00e9corative \u00e0 la surface, pour un effet sophistiqu\u00e9 et contemporain.    <\/p>\n<ul>\n<li>Fleurs vein\u00e9es de rose avec centre fuchsia pour un grand r\u00e9alisme<\/li>\n<li>Bourgeons d\u00e9coratifs pour un effet naturel et dynamique<\/li>\n<li>Feuilles larges, vert fonc\u00e9, l\u00e9g\u00e8rement brillantes<\/li>\n<li>Vase d\u00e9cor\u00e9 d&rsquo;une texture \u00e9l\u00e9gante et moderne<\/li>\n<li>Parfait pour les consoles, les tables et les espaces de vie raffin\u00e9s<\/li>\n<\/ul>\n","protected":false},"excerpt":{"rendered":"<p>Orchid\u00e9e Phalaenopsis artificielle avec fleurs roses vein\u00e9es et centre fuchsia, feuilles vertes r\u00e9alistes et vase \u00e9l\u00e9gamment d\u00e9cor\u00e9.<\/p>\n<p>\ud83d\udccf H 47 cm<\/p>\n<p>\ud83d\udccf Vase : H 10,5 x D 10,5 cm<\/p>\n","protected":false},"featured_media":224606,"comment_status":"open","ping_status":"closed","template":"","meta":{"_joinchat":[]},"pwb-brand":[1564],"product_brand":[],"product_cat":[2775,1467],"product_tag":[],"class_list":{"0":"post-224614","1":"product","2":"type-product","3":"status-publish","4":"has-post-thumbnail","6":"pwb-brand-edg-fr","7":"product_cat-orchidees","8":"product_cat-fleurs-et-plantes-artificielles","10":"first","11":"instock","12":"taxable","13":"shipping-taxable","14":"purchasable","15":"product-type-simple"},"brands":[{"id":1564,"name":"EDG \u2013 Enzo De Gasperi","slug":"edg-fr"}],"_links":{"self":[{"href":"https:\/\/www.tendenzeshabbychic.it\/fr\/wp-json\/wp\/v2\/product\/224614","targetHints":{"allow":["GET"]}}],"collection":[{"href":"https:\/\/www.tendenzeshabbychic.it\/fr\/wp-json\/wp\/v2\/product"}],"about":[{"href":"https:\/\/www.tendenzeshabbychic.it\/fr\/wp-json\/wp\/v2\/types\/product"}],"replies":[{"embeddable":true,"href":"https:\/\/www.tendenzeshabbychic.it\/fr\/wp-json\/wp\/v2\/comments?post=224614"}],"wp:featuredmedia":[{"embeddable":true,"href":"https:\/\/www.tendenzeshabbychic.it\/fr\/wp-json\/wp\/v2\/media\/224606"}],"wp:attachment":[{"href":"https:\/\/www.tendenzeshabbychic.it\/fr\/wp-json\/wp\/v2\/media?parent=224614"}],"wp:term":[{"taxonomy":"pwb-brand","embeddable":true,"href":"https:\/\/www.tendenzeshabbychic.it\/fr\/wp-json\/wp\/v2\/pwb-brand?post=224614"},{"taxonomy":"product_brand","embeddable":true,"href":"https:\/\/www.tendenzeshabbychic.it\/fr\/wp-json\/wp\/v2\/product_brand?post=224614"},{"taxonomy":"product_cat","embeddable":true,"href":"https:\/\/www.tendenzeshabbychic.it\/fr\/wp-json\/wp\/v2\/product_cat?post=224614"},{"taxonomy":"product_tag","embeddable":true,"href":"https:\/\/www.tendenzeshabbychic.it\/fr\/wp-json\/wp\/v2\/product_tag?post=224614"}],"curies":[{"name":"wp","href":"https:\/\/api.w.org\/{rel}","templated":true}]}}