{"id":224598,"date":"2026-01-22T11:30:02","date_gmt":"2026-01-22T10:30:02","guid":{"rendered":"https:\/\/www.tendenzeshabbychic.it\/prodotto\/edg-olivier-decoratif-avec-vase-h-142-cm\/"},"modified":"2026-01-22T11:30:02","modified_gmt":"2026-01-22T10:30:02","slug":"edg-olivier-decoratif-avec-vase-h-142-cm","status":"publish","type":"product","link":"https:\/\/www.tendenzeshabbychic.it\/fr\/produit\/edg-olivier-decoratif-avec-vase-h-142-cm\/","title":{"rendered":"EDG Olivier d\u00e9coratif avec vase H 142 cm"},"content":{"rendered":"<p>L&rsquo;olivier d\u00e9coratif d&rsquo;<strong>Enzo de Gasperi<\/strong> est une solution sc\u00e9nique et \u00e9l\u00e9gante pour d\u00e9corer les int\u00e9rieurs avec go\u00fbt. Le tronc \u00e9lanc\u00e9 soutient des branches bien r\u00e9parties, enrichies de fines feuilles \u00e0 la finition mate et aux l\u00e9g\u00e8res variations de couleur entre le vert profond et le vert sauge. Les olives d\u00e9coratives, dans des tons sombres et naturels, ajoutent de la profondeur et du r\u00e9alisme.  <\/p>\n<p>Le vase inclus, fabriqu\u00e9 en plastique avec une finition effet terre cuite, pr\u00e9sente une texture textur\u00e9e et une couleur chaude qui rappellent l&rsquo;artisanat traditionnel. Parfait pour les salons, les entr\u00e9es ou les v\u00e9randas couvertes, il cr\u00e9e instantan\u00e9ment une atmosph\u00e8re m\u00e9diterran\u00e9enne sans n\u00e9cessiter d&rsquo;entretien. <\/p>\n<p><strong>Id\u00e9es d&rsquo;ameublement et qualit\u00e9<\/strong><\/p>\n<ul>\n<li>Design mince id\u00e9al pour remplir les coins vides<\/li>\n<li>Feuilles r\u00e9alistes avec une texture mate et naturelle<\/li>\n<li>Olives d\u00e9coratives pour un effet authentique<\/li>\n<li>Vase en terre cuite \u00e0 l&rsquo;aspect textur\u00e9<\/li>\n<li>Sans entretien, toujours ordonn\u00e9 et harmonieux<\/li>\n<\/ul>\n","protected":false},"excerpt":{"rendered":"<p>Olivier artificiel EDG \u00e0 effet r\u00e9aliste avec feuilles vertes naturelles et olives d\u00e9coratives. Livr\u00e9 avec un vase effet terre cuite. <\/p>\n<p>\ud83d\udccf H 140 cm &#8211; Vase : Diam\u00e8tre 17 x H 19,5 cm<\/p>\n","protected":false},"featured_media":224581,"comment_status":"open","ping_status":"closed","template":"","meta":{"_joinchat":[]},"pwb-brand":[776],"product_brand":[],"product_cat":[2776,1467,1609],"product_tag":[3430,3376],"class_list":{"0":"post-224598","1":"product","2":"type-product","3":"status-publish","4":"has-post-thumbnail","6":"pwb-brand-edg","7":"product_cat-plantes-artificielles","8":"product_cat-fleurs-et-plantes-artificielles","9":"product_cat-paques","10":"product_tag-albero-pasquale","11":"product_tag-ulivo","13":"first","14":"instock","15":"sale","16":"taxable","17":"shipping-taxable","18":"purchasable","19":"product-type-simple"},"brands":[{"id":1564,"name":"EDG \u2013 Enzo De Gasperi","slug":"edg-fr"}],"_links":{"self":[{"href":"https:\/\/www.tendenzeshabbychic.it\/fr\/wp-json\/wp\/v2\/product\/224598","targetHints":{"allow":["GET"]}}],"collection":[{"href":"https:\/\/www.tendenzeshabbychic.it\/fr\/wp-json\/wp\/v2\/product"}],"about":[{"href":"https:\/\/www.tendenzeshabbychic.it\/fr\/wp-json\/wp\/v2\/types\/product"}],"replies":[{"embeddable":true,"href":"https:\/\/www.tendenzeshabbychic.it\/fr\/wp-json\/wp\/v2\/comments?post=224598"}],"wp:featuredmedia":[{"embeddable":true,"href":"https:\/\/www.tendenzeshabbychic.it\/fr\/wp-json\/wp\/v2\/media\/224581"}],"wp:attachment":[{"href":"https:\/\/www.tendenzeshabbychic.it\/fr\/wp-json\/wp\/v2\/media?parent=224598"}],"wp:term":[{"taxonomy":"pwb-brand","embeddable":true,"href":"https:\/\/www.tendenzeshabbychic.it\/fr\/wp-json\/wp\/v2\/pwb-brand?post=224598"},{"taxonomy":"product_brand","embeddable":true,"href":"https:\/\/www.tendenzeshabbychic.it\/fr\/wp-json\/wp\/v2\/product_brand?post=224598"},{"taxonomy":"product_cat","embeddable":true,"href":"https:\/\/www.tendenzeshabbychic.it\/fr\/wp-json\/wp\/v2\/product_cat?post=224598"},{"taxonomy":"product_tag","embeddable":true,"href":"https:\/\/www.tendenzeshabbychic.it\/fr\/wp-json\/wp\/v2\/product_tag?post=224598"}],"curies":[{"name":"wp","href":"https:\/\/api.w.org\/{rel}","templated":true}]}}