{"id":224511,"date":"2026-01-22T09:00:01","date_gmt":"2026-01-22T08:00:01","guid":{"rendered":"https:\/\/www.tendenzeshabbychic.it\/prodotto\/edg-scabiosa-rose-mauve-branche-6-fleurs-h-66-cm\/"},"modified":"2026-01-22T09:00:01","modified_gmt":"2026-01-22T08:00:01","slug":"edg-scabiosa-rose-mauve-branche-6-fleurs-h-66-cm","status":"publish","type":"product","link":"https:\/\/www.tendenzeshabbychic.it\/fr\/produit\/edg-scabiosa-rose-mauve-branche-6-fleurs-h-66-cm\/","title":{"rendered":"EDG Scabiosa rose mauve Branche 6 fleurs H 66 cm"},"content":{"rendered":"<p>La branche de scabiosa Enzo de Gasperi rose mauve est une fleur artificielle au charme romantique et naturel. Les six fleurs, regroup\u00e9es en sph\u00e8res l\u00e9g\u00e8res, ont des p\u00e9tales minces aux d\u00e9licates teintes rose mauve et un centre clair, agr\u00e9ment\u00e9 de l\u00e9g\u00e8res veines qui donnent de la profondeur et du r\u00e9alisme.<br \/>\nLa tige mince a un noyau interne en m\u00e9tal, qui vous permet de fa\u00e7onner et d&rsquo;orienter la branche en fonction de vos besoins d\u00e9coratifs. Fabriqu\u00e9e en plastique de qualit\u00e9, elle est parfaite pour les vases hauts, les compositions mixtes ou les arrangements Shabby Chic et printaniers, sans n\u00e9cessiter d&rsquo;entretien.  <\/p>\n<p><strong>Id\u00e9es d&rsquo;ameublement et qualit\u00e9<\/strong><\/p>\n<ul>\n<li>Six fleurs rose mauve avec de l\u00e9g\u00e8res nuances naturelles<\/li>\n<li>Tige flexible avec noyau m\u00e9tallique moulable<\/li>\n<li>Effet l\u00e9ger et raffin\u00e9, id\u00e9al pour des compositions \u00e9l\u00e9gantes<\/li>\n<li>Parfait dans les grands vases ou les bouquets romantiques<\/li>\n<li>Excellente association avec les fleurs artificielles EDG dans des tons neutres ou pastel<\/li>\n<\/ul>\n","protected":false},"excerpt":{"rendered":"<p>Branche artificielle de scabiosa rose mauve avec six fleurs d\u00e9licates. El\u00e9gante et modelable, id\u00e9ale pour des compositions florales raffin\u00e9es.<br \/>\n\ud83d\udccf H 66 cm<\/p>\n","protected":false},"featured_media":224506,"comment_status":"open","ping_status":"closed","template":"","meta":{"_joinchat":[]},"pwb-brand":[1564],"product_brand":[],"product_cat":[2772,1467],"product_tag":[],"class_list":{"0":"post-224511","1":"product","2":"type-product","3":"status-publish","4":"has-post-thumbnail","6":"pwb-brand-edg-fr","7":"product_cat-fleurs-en-pot","8":"product_cat-fleurs-et-plantes-artificielles","10":"first","11":"instock","12":"taxable","13":"shipping-taxable","14":"purchasable","15":"product-type-simple"},"brands":[{"id":1564,"name":"EDG \u2013 Enzo De Gasperi","slug":"edg-fr"}],"_links":{"self":[{"href":"https:\/\/www.tendenzeshabbychic.it\/fr\/wp-json\/wp\/v2\/product\/224511","targetHints":{"allow":["GET"]}}],"collection":[{"href":"https:\/\/www.tendenzeshabbychic.it\/fr\/wp-json\/wp\/v2\/product"}],"about":[{"href":"https:\/\/www.tendenzeshabbychic.it\/fr\/wp-json\/wp\/v2\/types\/product"}],"replies":[{"embeddable":true,"href":"https:\/\/www.tendenzeshabbychic.it\/fr\/wp-json\/wp\/v2\/comments?post=224511"}],"wp:featuredmedia":[{"embeddable":true,"href":"https:\/\/www.tendenzeshabbychic.it\/fr\/wp-json\/wp\/v2\/media\/224506"}],"wp:attachment":[{"href":"https:\/\/www.tendenzeshabbychic.it\/fr\/wp-json\/wp\/v2\/media?parent=224511"}],"wp:term":[{"taxonomy":"pwb-brand","embeddable":true,"href":"https:\/\/www.tendenzeshabbychic.it\/fr\/wp-json\/wp\/v2\/pwb-brand?post=224511"},{"taxonomy":"product_brand","embeddable":true,"href":"https:\/\/www.tendenzeshabbychic.it\/fr\/wp-json\/wp\/v2\/product_brand?post=224511"},{"taxonomy":"product_cat","embeddable":true,"href":"https:\/\/www.tendenzeshabbychic.it\/fr\/wp-json\/wp\/v2\/product_cat?post=224511"},{"taxonomy":"product_tag","embeddable":true,"href":"https:\/\/www.tendenzeshabbychic.it\/fr\/wp-json\/wp\/v2\/product_tag?post=224511"}],"curies":[{"name":"wp","href":"https:\/\/api.w.org\/{rel}","templated":true}]}}