{"id":224422,"date":"2026-01-22T10:50:28","date_gmt":"2026-01-22T09:50:28","guid":{"rendered":"https:\/\/www.tendenzeshabbychic.it\/prodotto\/edg-bougeoir-a-fleurs-en-verre-h16-cm\/"},"modified":"2026-01-22T10:50:28","modified_gmt":"2026-01-22T09:50:28","slug":"edg-bougeoir-a-fleurs-en-verre-h16-cm","status":"publish","type":"product","link":"https:\/\/www.tendenzeshabbychic.it\/fr\/produit\/edg-bougeoir-a-fleurs-en-verre-h16-cm\/","title":{"rendered":"EDG Bougeoir \u00e0 fleurs en verre H16 cm"},"content":{"rendered":"<p>Ce bougeoir d&rsquo;Enzo de Gasperi est r\u00e9alis\u00e9 en verre d\u00e9coratif finement travaill\u00e9 dans une d\u00e9licate combinaison de couleurs lilas, bleu aqua et rose poudr\u00e9. La base arrondie bleu clair pr\u00e9sente une texture g\u00e9om\u00e9trique en relief, qui refl\u00e8te la lumi\u00e8re pour cr\u00e9er un \u00e9l\u00e9gant effet de brillance. <\/p>\n<p>La partie sup\u00e9rieure est orn\u00e9e d&rsquo;une fleur stylis\u00e9e aux p\u00e9tales transparents rose tendre, l\u00e9g\u00e8rement ray\u00e9s, qui accueillent le bougeoir central en verre lilas ray\u00e9. Gr\u00e2ce \u00e0 sa structure r\u00e9versible, il peut \u00e9galement \u00eatre utilis\u00e9 \u00e0 l&rsquo;envers, offrant ainsi diff\u00e9rentes solutions d\u00e9coratives. Un objet raffin\u00e9, id\u00e9al pour les ambiances shabby Chic, romantiques ou pour enrichir les tables et les consoles d&rsquo;une touche de couleur sophistiqu\u00e9e.  <\/p>\n<p><strong>Id\u00e9es d&rsquo;ameublement et qualit\u00e9<\/strong><\/p>\n<ul>\n<li>Verre clair multicolore avec finition polie<\/li>\n<li>Base gaufr\u00e9e avec motif g\u00e9om\u00e9trique d\u00e9coratif<\/li>\n<li>Fleur sup\u00e9rieure avec p\u00e9tales sculpt\u00e9s et ray\u00e9s<\/li>\n<li>Peut \u00e9galement \u00eatre utilis\u00e9 \u00e0 l&rsquo;envers pour une double fonction<\/li>\n<li>Parfait pour un centre de table ou une d\u00e9coration \u00e9l\u00e9gante<\/li>\n<\/ul>\n","protected":false},"excerpt":{"rendered":"<p>Bougeoir EDG en verre lilas et bleu clair, avec base gaufr\u00e9e et fleur d\u00e9corative. \u00c9l\u00e9gant et polyvalent, il peut \u00e9galement \u00eatre utilis\u00e9 \u00e0 l&rsquo;envers. <\/p>\n<p>\ud83d\udccf H 16 x \u00d8 12 cm<\/p>\n","protected":false},"featured_media":224413,"comment_status":"open","ping_status":"closed","template":"","meta":{"_joinchat":[]},"pwb-brand":[1564],"product_brand":[],"product_cat":[2950,1459],"product_tag":[],"class_list":{"0":"post-224422","1":"product","2":"type-product","3":"status-publish","4":"has-post-thumbnail","6":"pwb-brand-edg-fr","7":"product_cat-candelabre","8":"product_cat-chandeliers-et-bougeoirs","10":"first","11":"instock","12":"taxable","13":"shipping-taxable","14":"purchasable","15":"product-type-simple"},"brands":[{"id":1564,"name":"EDG \u2013 Enzo De Gasperi","slug":"edg-fr"}],"_links":{"self":[{"href":"https:\/\/www.tendenzeshabbychic.it\/fr\/wp-json\/wp\/v2\/product\/224422","targetHints":{"allow":["GET"]}}],"collection":[{"href":"https:\/\/www.tendenzeshabbychic.it\/fr\/wp-json\/wp\/v2\/product"}],"about":[{"href":"https:\/\/www.tendenzeshabbychic.it\/fr\/wp-json\/wp\/v2\/types\/product"}],"replies":[{"embeddable":true,"href":"https:\/\/www.tendenzeshabbychic.it\/fr\/wp-json\/wp\/v2\/comments?post=224422"}],"wp:featuredmedia":[{"embeddable":true,"href":"https:\/\/www.tendenzeshabbychic.it\/fr\/wp-json\/wp\/v2\/media\/224413"}],"wp:attachment":[{"href":"https:\/\/www.tendenzeshabbychic.it\/fr\/wp-json\/wp\/v2\/media?parent=224422"}],"wp:term":[{"taxonomy":"pwb-brand","embeddable":true,"href":"https:\/\/www.tendenzeshabbychic.it\/fr\/wp-json\/wp\/v2\/pwb-brand?post=224422"},{"taxonomy":"product_brand","embeddable":true,"href":"https:\/\/www.tendenzeshabbychic.it\/fr\/wp-json\/wp\/v2\/product_brand?post=224422"},{"taxonomy":"product_cat","embeddable":true,"href":"https:\/\/www.tendenzeshabbychic.it\/fr\/wp-json\/wp\/v2\/product_cat?post=224422"},{"taxonomy":"product_tag","embeddable":true,"href":"https:\/\/www.tendenzeshabbychic.it\/fr\/wp-json\/wp\/v2\/product_tag?post=224422"}],"curies":[{"name":"wp","href":"https:\/\/api.w.org\/{rel}","templated":true}]}}