{"id":224370,"date":"2026-01-22T10:50:57","date_gmt":"2026-01-22T09:50:57","guid":{"rendered":"https:\/\/www.tendenzeshabbychic.it\/prodotto\/edg-bougeoir-a-fleurs-en-verre-h125-cm\/"},"modified":"2026-01-22T10:50:57","modified_gmt":"2026-01-22T09:50:57","slug":"edg-bougeoir-a-fleurs-en-verre-h125-cm","status":"publish","type":"product","link":"https:\/\/www.tendenzeshabbychic.it\/fr\/produit\/edg-bougeoir-a-fleurs-en-verre-h125-cm\/","title":{"rendered":"EDG Bougeoir \u00e0 fleurs en verre H12,5 cm"},"content":{"rendered":"<p>Ce bougeoir d&rsquo;Enzo de Gasperi est r\u00e9alis\u00e9 en verre d\u00e9coratif travaill\u00e9 avec une grande attention aux d\u00e9tails. La base arrondie bleu aqua pr\u00e9sente une texture ray\u00e9e raffin\u00e9e, tandis que la partie centrale s&rsquo;ouvre sur une fleur stylis\u00e9e de couleur corail, aux p\u00e9tales transparents et aux nervures bien d\u00e9finies. Le bougeoir central, en verre ray\u00e9 vert clair, cr\u00e9e un \u00e9l\u00e9gant contraste de couleurs.  <\/p>\n<p>Gr\u00e2ce \u00e0 sa structure r\u00e9versible, il peut \u00e9galement \u00eatre utilis\u00e9 \u00e0 l&rsquo;envers, se transformant ainsi en un objet d\u00e9coratif original ou en un petit bougeoir alternatif. Parfait pour les ambiances Shabby Chic, printani\u00e8res ou romantiques et sophistiqu\u00e9es. <\/p>\n<p><strong>Id\u00e9es d&rsquo;ameublement et qualit\u00e9<\/strong><\/p>\n<ul>\n<li>Verre clair multicolore avec finition polie<\/li>\n<li>P\u00e9tales sculpt\u00e9s en relief avec effet floral<\/li>\n<li>Design r\u00e9versible pour une double utilisation d\u00e9corative<\/li>\n<li>Id\u00e9al pour les tables \u00e9l\u00e9gantes, les vitrines ou les consoles<\/li>\n<li>Objet d\u00e9coratif raffin\u00e9 et original<\/li>\n<\/ul>\n","protected":false},"excerpt":{"rendered":"<p>Bougeoir EDG en verre multicolore avec base bleue transparente et fleur corail. Design floral ray\u00e9, \u00e9l\u00e9gant et pouvant \u00e9galement \u00eatre utilis\u00e9 \u00e0 l&rsquo;envers. <\/p>\n<p>\ud83d\udccf H 12,5 x \u00d8 12 cm<\/p>\n","protected":false},"featured_media":224358,"comment_status":"open","ping_status":"closed","template":"","meta":{"_joinchat":[]},"pwb-brand":[1564],"product_brand":[],"product_cat":[2950,1459],"product_tag":[],"class_list":{"0":"post-224370","1":"product","2":"type-product","3":"status-publish","4":"has-post-thumbnail","6":"pwb-brand-edg-fr","7":"product_cat-candelabre","8":"product_cat-chandeliers-et-bougeoirs","10":"first","11":"instock","12":"taxable","13":"shipping-taxable","14":"purchasable","15":"product-type-simple"},"brands":[{"id":1564,"name":"EDG \u2013 Enzo De Gasperi","slug":"edg-fr"}],"_links":{"self":[{"href":"https:\/\/www.tendenzeshabbychic.it\/fr\/wp-json\/wp\/v2\/product\/224370","targetHints":{"allow":["GET"]}}],"collection":[{"href":"https:\/\/www.tendenzeshabbychic.it\/fr\/wp-json\/wp\/v2\/product"}],"about":[{"href":"https:\/\/www.tendenzeshabbychic.it\/fr\/wp-json\/wp\/v2\/types\/product"}],"replies":[{"embeddable":true,"href":"https:\/\/www.tendenzeshabbychic.it\/fr\/wp-json\/wp\/v2\/comments?post=224370"}],"wp:featuredmedia":[{"embeddable":true,"href":"https:\/\/www.tendenzeshabbychic.it\/fr\/wp-json\/wp\/v2\/media\/224358"}],"wp:attachment":[{"href":"https:\/\/www.tendenzeshabbychic.it\/fr\/wp-json\/wp\/v2\/media?parent=224370"}],"wp:term":[{"taxonomy":"pwb-brand","embeddable":true,"href":"https:\/\/www.tendenzeshabbychic.it\/fr\/wp-json\/wp\/v2\/pwb-brand?post=224370"},{"taxonomy":"product_brand","embeddable":true,"href":"https:\/\/www.tendenzeshabbychic.it\/fr\/wp-json\/wp\/v2\/product_brand?post=224370"},{"taxonomy":"product_cat","embeddable":true,"href":"https:\/\/www.tendenzeshabbychic.it\/fr\/wp-json\/wp\/v2\/product_cat?post=224370"},{"taxonomy":"product_tag","embeddable":true,"href":"https:\/\/www.tendenzeshabbychic.it\/fr\/wp-json\/wp\/v2\/product_tag?post=224370"}],"curies":[{"name":"wp","href":"https:\/\/api.w.org\/{rel}","templated":true}]}}