{"id":224047,"date":"2026-04-01T06:59:10","date_gmt":"2026-04-01T04:59:10","guid":{"rendered":"https:\/\/www.tendenzeshabbychic.it\/prodotto\/nuvole-di-stoffa-recipient-mangia-e-sorridi-166-cm\/"},"modified":"2026-04-18T01:41:09","modified_gmt":"2026-04-17T23:41:09","slug":"nuvole-di-stoffa-recipient-mangia-e-sorridi-166-cm","status":"publish","type":"product","link":"https:\/\/www.tendenzeshabbychic.it\/fr\/produit\/nuvole-di-stoffa-recipient-mangia-e-sorridi-166-cm\/","title":{"rendered":"Nuvole di Stoffa r\u00e9cipient Mangia e Sorridi 16,6 cm"},"content":{"rendered":"<p>Ce r\u00e9cipient Nuvole di Stoffa allie fonctionnalit\u00e9 quotidienne et design \u00e9motionnel. R\u00e9alis\u00e9 en gr\u00e8s fin, il pr\u00e9sente une finition mate et velout\u00e9e au toucher, dans une d\u00e9licate teinte neutre qui s&rsquo;harmonise facilement avec n&rsquo;importe quelle cuisine. <\/p>\n<p>La mention \u00ab\u00a0Eat and Smile\u00a0\u00bb, imprim\u00e9e en lettres simples et avec un c\u0153ur central, transmet un message de convivialit\u00e9 et de bien-\u00eatre. Le bouchon en plastique transparent avec bouton-pression permet de prot\u00e9ger le contenu, ce qui le rend id\u00e9al pour conserver des aliments, des plats pr\u00e9par\u00e9s ou des pr\u00e9parations maison. Belle \u00e0 utiliser, belle \u00e0 laisser en vue.  <\/p>\n<p><strong>Points forts<\/strong><\/p>\n<ul>\n<li>Gr\u00e8s fin durable et \u00e9l\u00e9gant<\/li>\n<li>Lettrage d\u00e9coratif avec message positif<\/li>\n<li>Bouchon en plastique pratique et fonctionnel<\/li>\n<li>Couleur neutre, chaleureuse et raffin\u00e9e<\/li>\n<li>Parfait pour une cuisine ordonn\u00e9e et accueillante<\/li>\n<\/ul>\n","protected":false},"excerpt":{"rendered":"<p>Nuvole di Stoffa (Nuages de Stoffa) r\u00e9cipient en gr\u00e8s fin (c\u00e9ramique) avec un bouchon en plastique transparent. La surface lisse de couleur cr\u00e8me est orn\u00e9e des mots \u00ab\u00a0Eat and Smile\u00a0\u00bb (Mange et souris) dans une tonalit\u00e9 chaude, accompagn\u00e9s d&rsquo;un petit c\u0153ur d\u00e9coratif. Un accessoire pratique et d\u00e9coratif, parfait pour apporter un message positif dans la cuisine au quotidien.  <\/p>\n<ul>\n<li>vous pouvez l&rsquo;utiliser au micro-ondes (sans couvercle)<\/li>\n<li>la valve sur le couvercle permet de mieux conserver les aliments (chauds et froids)<\/li>\n<li>lavable au lave-vaisselle<\/li>\n<\/ul>\n<p><em>Dimensions :<\/em><br \/>\n16,6 x 12 x 5,1 cm<\/p>\n","protected":false},"featured_media":224033,"comment_status":"open","ping_status":"closed","template":"","meta":{"_joinchat":[]},"pwb-brand":[1563],"product_brand":[],"product_cat":[1471,1472],"product_tag":[1416],"class_list":{"0":"post-224047","1":"product","2":"type-product","3":"status-publish","4":"has-post-thumbnail","6":"pwb-brand-nuvole-di-stoffa-fr","7":"product_cat-accessoires-de-cuisine","8":"product_cat-cuisine","9":"product_tag-my-home-fr","11":"first","12":"instock","13":"taxable","14":"shipping-taxable","15":"purchasable","16":"product-type-simple"},"brands":[{"id":1563,"name":"Nuvole di Stoffa","slug":"nuvole-di-stoffa-fr"}],"_links":{"self":[{"href":"https:\/\/www.tendenzeshabbychic.it\/fr\/wp-json\/wp\/v2\/product\/224047","targetHints":{"allow":["GET"]}}],"collection":[{"href":"https:\/\/www.tendenzeshabbychic.it\/fr\/wp-json\/wp\/v2\/product"}],"about":[{"href":"https:\/\/www.tendenzeshabbychic.it\/fr\/wp-json\/wp\/v2\/types\/product"}],"replies":[{"embeddable":true,"href":"https:\/\/www.tendenzeshabbychic.it\/fr\/wp-json\/wp\/v2\/comments?post=224047"}],"wp:featuredmedia":[{"embeddable":true,"href":"https:\/\/www.tendenzeshabbychic.it\/fr\/wp-json\/wp\/v2\/media\/224033"}],"wp:attachment":[{"href":"https:\/\/www.tendenzeshabbychic.it\/fr\/wp-json\/wp\/v2\/media?parent=224047"}],"wp:term":[{"taxonomy":"pwb-brand","embeddable":true,"href":"https:\/\/www.tendenzeshabbychic.it\/fr\/wp-json\/wp\/v2\/pwb-brand?post=224047"},{"taxonomy":"product_brand","embeddable":true,"href":"https:\/\/www.tendenzeshabbychic.it\/fr\/wp-json\/wp\/v2\/product_brand?post=224047"},{"taxonomy":"product_cat","embeddable":true,"href":"https:\/\/www.tendenzeshabbychic.it\/fr\/wp-json\/wp\/v2\/product_cat?post=224047"},{"taxonomy":"product_tag","embeddable":true,"href":"https:\/\/www.tendenzeshabbychic.it\/fr\/wp-json\/wp\/v2\/product_tag?post=224047"}],"curies":[{"name":"wp","href":"https:\/\/api.w.org\/{rel}","templated":true}]}}