{"id":224044,"date":"2026-01-27T06:59:24","date_gmt":"2026-01-27T05:59:24","guid":{"rendered":"https:\/\/www.tendenzeshabbychic.it\/prodotto\/nuvole-di-stoffa-recipient-gusto-al-top\/"},"modified":"2026-04-17T09:19:15","modified_gmt":"2026-04-17T07:19:15","slug":"nuvole-di-stoffa-recipient-gusto-al-top","status":"publish","type":"product","link":"https:\/\/www.tendenzeshabbychic.it\/fr\/produit\/nuvole-di-stoffa-recipient-gusto-al-top\/","title":{"rendered":"Nuvole di Stoffa r\u00e9cipient Gusto al Top"},"content":{"rendered":"<p>Ce r\u00e9cipient Nuvole di Stoffa (Nuages de Stoffa) est fabriqu\u00e9 en gr\u00e8s fin, une c\u00e9ramique durable et agr\u00e9able au toucher, avec une finition lisse et mate dans une d\u00e9licate teinte neutre. L&rsquo;inscription \u00ab\u00a0Taste to the Top\u00a0\u00bb, imprim\u00e9e dans une couleur chaude avec un petit c\u0153ur d\u00e9coratif, lui conf\u00e8re une touche romantique et soign\u00e9e. Le bouchon en plastique transparent avec fermeture \u00e0 pression garantit une bonne protection des aliments, ce qui le rend id\u00e9al pour conserver les restes, les sucreries ou les petits en-cas. Un accessoire fonctionnel qui rehausse la cuisine d&rsquo;une \u00e9l\u00e9gance discr\u00e8te.   <\/p>\n<p><strong>Points forts<\/strong><\/p>\n<ul>\n<li>Gr\u00e8s fin durable et raffin\u00e9<\/li>\n<li>Lettrage d\u00e9coratif avec c\u0153ur, visible et d\u00e9licat<\/li>\n<li>Bouchon en plastique avec fermeture pratique<\/li>\n<li>Couleur neutre facile \u00e0 assortir<\/li>\n<li>Parfait pour une cuisine ordonn\u00e9e et chic<\/li>\n<\/ul>\n","protected":false},"excerpt":{"rendered":"<p>R\u00e9cipient en gr\u00e8s fin (c\u00e9ramique) Nuvole di Stoffa (Nuages de Stoffa) avec bouchon en plastique transparent. Le design est simple et harmonieux, avec une surface lisse de couleur cr\u00e8me et un lettrage d\u00e9coratif \u00ab\u00a0Taste to the Top\u00a0\u00bb dans une teinte chaude, accompagn\u00e9 d&rsquo;un petit c\u0153ur central. Parfait pour conserver les aliments avec style, en alliant praticit\u00e9 et go\u00fbt Shabby Chic.  <\/p>\n<ul>\n<li>vous pouvez l&rsquo;utiliser au micro-ondes (sans couvercle)<\/li>\n<li>la valve sur le couvercle permet de mieux conserver les aliments (chauds et froids)<\/li>\n<li>lavable au lave-vaisselle<\/li>\n<\/ul>\n<p><em>Dimensions :<\/em><br \/>\n14 x 10,2 x 4,3 cm<\/p>\n","protected":false},"featured_media":224025,"comment_status":"open","ping_status":"closed","template":"","meta":{"_joinchat":[]},"pwb-brand":[1563],"product_brand":[],"product_cat":[1471,1472],"product_tag":[1416],"class_list":{"0":"post-224044","1":"product","2":"type-product","3":"status-publish","4":"has-post-thumbnail","6":"pwb-brand-nuvole-di-stoffa-fr","7":"product_cat-accessoires-de-cuisine","8":"product_cat-cuisine","9":"product_tag-my-home-fr","11":"first","12":"instock","13":"taxable","14":"shipping-taxable","15":"purchasable","16":"product-type-simple"},"brands":[{"id":1563,"name":"Nuvole di Stoffa","slug":"nuvole-di-stoffa-fr"}],"_links":{"self":[{"href":"https:\/\/www.tendenzeshabbychic.it\/fr\/wp-json\/wp\/v2\/product\/224044","targetHints":{"allow":["GET"]}}],"collection":[{"href":"https:\/\/www.tendenzeshabbychic.it\/fr\/wp-json\/wp\/v2\/product"}],"about":[{"href":"https:\/\/www.tendenzeshabbychic.it\/fr\/wp-json\/wp\/v2\/types\/product"}],"replies":[{"embeddable":true,"href":"https:\/\/www.tendenzeshabbychic.it\/fr\/wp-json\/wp\/v2\/comments?post=224044"}],"wp:featuredmedia":[{"embeddable":true,"href":"https:\/\/www.tendenzeshabbychic.it\/fr\/wp-json\/wp\/v2\/media\/224025"}],"wp:attachment":[{"href":"https:\/\/www.tendenzeshabbychic.it\/fr\/wp-json\/wp\/v2\/media?parent=224044"}],"wp:term":[{"taxonomy":"pwb-brand","embeddable":true,"href":"https:\/\/www.tendenzeshabbychic.it\/fr\/wp-json\/wp\/v2\/pwb-brand?post=224044"},{"taxonomy":"product_brand","embeddable":true,"href":"https:\/\/www.tendenzeshabbychic.it\/fr\/wp-json\/wp\/v2\/product_brand?post=224044"},{"taxonomy":"product_cat","embeddable":true,"href":"https:\/\/www.tendenzeshabbychic.it\/fr\/wp-json\/wp\/v2\/product_cat?post=224044"},{"taxonomy":"product_tag","embeddable":true,"href":"https:\/\/www.tendenzeshabbychic.it\/fr\/wp-json\/wp\/v2\/product_tag?post=224044"}],"curies":[{"name":"wp","href":"https:\/\/api.w.org\/{rel}","templated":true}]}}