{"id":224021,"date":"2026-04-01T06:59:16","date_gmt":"2026-04-01T04:59:16","guid":{"rendered":"https:\/\/www.tendenzeshabbychic.it\/prodotto\/nuvole-di-stoffa-contenant-des-choses-bonnes-et-authentiques-168-cm\/"},"modified":"2026-04-17T09:08:17","modified_gmt":"2026-04-17T07:08:17","slug":"nuvole-di-stoffa-contenant-des-choses-bonnes-et-authentiques-168-cm","status":"publish","type":"product","link":"https:\/\/www.tendenzeshabbychic.it\/fr\/produit\/nuvole-di-stoffa-contenant-des-choses-bonnes-et-authentiques-168-cm\/","title":{"rendered":"Nuvole di Stoffa Contenant des choses bonnes et authentiques 16,8 cm"},"content":{"rendered":"<p>Ce r\u00e9cipient Nuvole di Stoffa incarne l&rsquo;essence d&rsquo;une cuisine authentique, r\u00e9alis\u00e9e avec amour. R\u00e9alis\u00e9 en gr\u00e8s fin, il se caract\u00e9rise par une finition mate et velout\u00e9e au toucher, dans une d\u00e9licate teinte neutre qui apporte de la luminosit\u00e9 \u00e0 la pi\u00e8ce. <\/p>\n<p>Les mots \u00ab\u00a0Good and wholesome things\u00a0\u00bb, imprim\u00e9s en lettres simples et orn\u00e9s d&rsquo;un c\u0153ur d\u00e9coratif, rappellent les valeurs de tradition et de qualit\u00e9. Le bouchon en plastique transparent avec fermeture \u00e0 pression prot\u00e8ge le contenu et est parfait pour conserver des bonbons, des pr\u00e9parations maison ou des ingr\u00e9dients pr\u00eats \u00e0 l&#8217;emploi. Un contenant pratique qui est aussi beau \u00e0 laisser en vue.  <\/p>\n<p><strong>Points forts<\/strong><\/p>\n<ul>\n<li>Gr\u00e8s fin \u00e9l\u00e9gant et durable<\/li>\n<li>Lettres d\u00e9coratives \u00e0 forte valeur \u00e9motionnelle<\/li>\n<li>Forme ronde, spacieuse et polyvalente<\/li>\n<li>Capuchon en plastique pratique pour un usage quotidien<\/li>\n<li>Id\u00e9al pour une cuisine ordonn\u00e9e et accueillante<\/li>\n<\/ul>\n","protected":false},"excerpt":{"rendered":"<p>Nuvole di Stoffa (Nuages de Stoffa) est un r\u00e9cipient en gr\u00e8s fin (c\u00e9ramique) dot\u00e9 d&rsquo;un bouchon en plastique transparent \u00e0 fermeture pratique. La forme ronde et la surface lisse de couleur cr\u00e8me sont d\u00e9cor\u00e9es de l&rsquo;inscription \u00ab\u00a0Good and Genuine Things\u00a0\u00bb dans une teinte chaude, compl\u00e9t\u00e9e par un petit c\u0153ur central. Id\u00e9al pour conserver soigneusement les pr\u00e9parations maison.  <\/p>\n<ul>\n<li>vous pouvez l&rsquo;utiliser au micro-ondes (sans couvercle)<\/li>\n<li>la valve sur le couvercle permet de mieux conserver les aliments (chauds et froids)<\/li>\n<li>lavable au lave-vaisselle<\/li>\n<\/ul>\n<p><em>Dimensions :<\/em><br \/>\n16,8 x 16,8 x 7,3 cm<\/p>\n","protected":false},"featured_media":224007,"comment_status":"open","ping_status":"closed","template":"","meta":{"_joinchat":[]},"pwb-brand":[1563],"product_brand":[],"product_cat":[1471,1472],"product_tag":[1416],"class_list":{"0":"post-224021","1":"product","2":"type-product","3":"status-publish","4":"has-post-thumbnail","6":"pwb-brand-nuvole-di-stoffa-fr","7":"product_cat-accessoires-de-cuisine","8":"product_cat-cuisine","9":"product_tag-my-home-fr","11":"first","12":"instock","13":"taxable","14":"shipping-taxable","15":"purchasable","16":"product-type-simple"},"brands":[{"id":1563,"name":"Nuvole di Stoffa","slug":"nuvole-di-stoffa-fr"}],"_links":{"self":[{"href":"https:\/\/www.tendenzeshabbychic.it\/fr\/wp-json\/wp\/v2\/product\/224021","targetHints":{"allow":["GET"]}}],"collection":[{"href":"https:\/\/www.tendenzeshabbychic.it\/fr\/wp-json\/wp\/v2\/product"}],"about":[{"href":"https:\/\/www.tendenzeshabbychic.it\/fr\/wp-json\/wp\/v2\/types\/product"}],"replies":[{"embeddable":true,"href":"https:\/\/www.tendenzeshabbychic.it\/fr\/wp-json\/wp\/v2\/comments?post=224021"}],"wp:featuredmedia":[{"embeddable":true,"href":"https:\/\/www.tendenzeshabbychic.it\/fr\/wp-json\/wp\/v2\/media\/224007"}],"wp:attachment":[{"href":"https:\/\/www.tendenzeshabbychic.it\/fr\/wp-json\/wp\/v2\/media?parent=224021"}],"wp:term":[{"taxonomy":"pwb-brand","embeddable":true,"href":"https:\/\/www.tendenzeshabbychic.it\/fr\/wp-json\/wp\/v2\/pwb-brand?post=224021"},{"taxonomy":"product_brand","embeddable":true,"href":"https:\/\/www.tendenzeshabbychic.it\/fr\/wp-json\/wp\/v2\/product_brand?post=224021"},{"taxonomy":"product_cat","embeddable":true,"href":"https:\/\/www.tendenzeshabbychic.it\/fr\/wp-json\/wp\/v2\/product_cat?post=224021"},{"taxonomy":"product_tag","embeddable":true,"href":"https:\/\/www.tendenzeshabbychic.it\/fr\/wp-json\/wp\/v2\/product_tag?post=224021"}],"curies":[{"name":"wp","href":"https:\/\/api.w.org\/{rel}","templated":true}]}}