{"id":224017,"date":"2026-01-27T07:00:42","date_gmt":"2026-01-27T06:00:42","guid":{"rendered":"https:\/\/www.tendenzeshabbychic.it\/prodotto\/nuvole-dioffa-distributeur-de-savon-en-ceramique-savon-avec-brosse\/"},"modified":"2026-01-20T09:00:42","modified_gmt":"2026-01-20T08:00:42","slug":"nuvole-dioffa-distributeur-de-savon-en-ceramique-savon-avec-brosse","status":"publish","type":"product","link":"https:\/\/www.tendenzeshabbychic.it\/fr\/produit\/nuvole-dioffa-distributeur-de-savon-en-ceramique-savon-avec-brosse\/","title":{"rendered":"Nuvole dioffa distributeur de savon en c\u00e9ramique Savon avec brosse"},"content":{"rendered":"<p>Ce set Nuvole di Stoffa allie fonctionnalit\u00e9 et esth\u00e9tique en un seul accessoire raffin\u00e9. Le distributeur de savon en c\u00e9ramique pr\u00e9sente une finition polie et une forme douce et compacte, orn\u00e9e de l&rsquo;indispensable inscription \u00ab\u00a0SOAP\u00a0\u00bb. <\/p>\n<p>La pompe noire mate cr\u00e9e un \u00e9l\u00e9gant contraste de couleurs. La brosse assortie, aux poils clairs et au manche en bois naturel, est log\u00e9e dans un support pratique int\u00e9gr\u00e9. Livr\u00e9 dans une bo\u00eete, il est parfait pour organiser l&rsquo;\u00e9vier avec style ou comme id\u00e9e de cadeau utile et de bon go\u00fbt.  <\/p>\n<p><strong>Points forts<\/strong><\/p>\n<ul>\n<li>C\u00e9ramique blanche polie, \u00e9l\u00e9gante et durable<\/li>\n<li>Pompe noire mate au design moderne<\/li>\n<li>Brosse avec manche en bois naturel<\/li>\n<li>Ensemble fonctionnel et d\u00e9coratif, id\u00e9al comme cadeau<\/li>\n<\/ul>\n","protected":false},"excerpt":{"rendered":"<p>\u00c9l\u00e9gant ensemble de lavabo compos\u00e9 d&rsquo;un distributeur de savon en c\u00e9ramique blanc brillant, d&rsquo;une pompe noire mate et d&rsquo;une brosse avec manche en bois naturel. Le design \u00e9pur\u00e9 et essentiel avec le lettrage minimal \u00ab\u00a0SOAP\u00a0\u00bb est destin\u00e9 aux cuisines ou salles de bains modernes, nordiques ou Shabby Chic contemporaines. <\/p>\n<p><em>Dimensions :<\/em><br \/>\n16 x 9 x H 22 cm<\/p>\n","protected":false},"featured_media":224005,"comment_status":"open","ping_status":"closed","template":"","meta":{"_joinchat":[]},"pwb-brand":[1563],"product_brand":[],"product_cat":[1471,1472],"product_tag":[1416],"class_list":{"0":"post-224017","1":"product","2":"type-product","3":"status-publish","4":"has-post-thumbnail","6":"pwb-brand-nuvole-di-stoffa-fr","7":"product_cat-accessoires-de-cuisine","8":"product_cat-cuisine","9":"product_tag-my-home-fr","11":"first","12":"instock","13":"taxable","14":"shipping-taxable","15":"purchasable","16":"product-type-simple"},"brands":[{"id":1563,"name":"Nuvole di Stoffa","slug":"nuvole-di-stoffa-fr"}],"_links":{"self":[{"href":"https:\/\/www.tendenzeshabbychic.it\/fr\/wp-json\/wp\/v2\/product\/224017","targetHints":{"allow":["GET"]}}],"collection":[{"href":"https:\/\/www.tendenzeshabbychic.it\/fr\/wp-json\/wp\/v2\/product"}],"about":[{"href":"https:\/\/www.tendenzeshabbychic.it\/fr\/wp-json\/wp\/v2\/types\/product"}],"replies":[{"embeddable":true,"href":"https:\/\/www.tendenzeshabbychic.it\/fr\/wp-json\/wp\/v2\/comments?post=224017"}],"wp:featuredmedia":[{"embeddable":true,"href":"https:\/\/www.tendenzeshabbychic.it\/fr\/wp-json\/wp\/v2\/media\/224005"}],"wp:attachment":[{"href":"https:\/\/www.tendenzeshabbychic.it\/fr\/wp-json\/wp\/v2\/media?parent=224017"}],"wp:term":[{"taxonomy":"pwb-brand","embeddable":true,"href":"https:\/\/www.tendenzeshabbychic.it\/fr\/wp-json\/wp\/v2\/pwb-brand?post=224017"},{"taxonomy":"product_brand","embeddable":true,"href":"https:\/\/www.tendenzeshabbychic.it\/fr\/wp-json\/wp\/v2\/product_brand?post=224017"},{"taxonomy":"product_cat","embeddable":true,"href":"https:\/\/www.tendenzeshabbychic.it\/fr\/wp-json\/wp\/v2\/product_cat?post=224017"},{"taxonomy":"product_tag","embeddable":true,"href":"https:\/\/www.tendenzeshabbychic.it\/fr\/wp-json\/wp\/v2\/product_tag?post=224017"}],"curies":[{"name":"wp","href":"https:\/\/api.w.org\/{rel}","templated":true}]}}