{"id":223983,"date":"2026-01-27T15:05:31","date_gmt":"2026-01-27T14:05:31","guid":{"rendered":"https:\/\/www.tendenzeshabbychic.it\/prodotto\/chemin-de-table-nuvole-dia-violette-155x50-garden-chic\/"},"modified":"2026-01-20T09:30:31","modified_gmt":"2026-01-20T08:30:31","slug":"chemin-de-table-nuvole-dia-violette-155x50-garden-chic","status":"publish","type":"product","link":"https:\/\/www.tendenzeshabbychic.it\/fr\/produit\/chemin-de-table-nuvole-dia-violette-155x50-garden-chic\/","title":{"rendered":"Chemin de table Nuvole dia Violette 155&#215;50 Garden Chic"},"content":{"rendered":"<p>Le Chemin de table Nuvole di Stoffa <strong>Violette<\/strong> (Garden Chic) est ce d\u00e9tail pratique qui rend imm\u00e9diatement la table plus \u00e9l\u00e9gante. Le motif floral sur fond <strong>vert menthe<\/strong>, avec de grandes fleurs blanches, des nuances de <strong>lilas et de glycine<\/strong> et des petites fleurs \u00e9parpill\u00e9es, cr\u00e9e une atmosph\u00e8re fra\u00eeche et lumineuse. La finition <strong>plastifi\u00e9e<\/strong> permet de r\u00e9sister aux gouttes et aux taches : la salet\u00e9 reste \u00e0 la surface et s&rsquo;enl\u00e8ve facilement. Le <strong>volant fris\u00e9 lilas<\/strong> apporte du mouvement et un effet \u00ab\u00a0sur mesure\u00a0\u00bb qui convient parfaitement aux tables, aux consoles et aux buffets.   <\/p>\n<ul>\n<li>Plastique r\u00e9sistant aux taches : nettoyage rapide<\/li>\n<li>Fantaisie violette d\u00e9licate et raffin\u00e9e<\/li>\n<li>Roche d\u00e9corative lilas, look Shabby Chic<\/li>\n<li>Id\u00e9al sur une table, une console ou un meuble d&rsquo;entr\u00e9e<\/li>\n<li>Parfait avec des c\u00e9ramiques blanches et des accessoires lilas\/mint.<\/li>\n<\/ul>\n","protected":false},"excerpt":{"rendered":"<p>Chemin de table <strong>plastifi\u00e9 r\u00e9sistant aux taches<\/strong> de la collection <strong>Garden Chic<\/strong> dans un motif <strong>Violette<\/strong>: fond <strong>vert menthe<\/strong> avec de d\u00e9licates fleurs <strong>lilas, glycine et blanches<\/strong>, effet aquarelle. La surface est <strong>lisse et l\u00e9g\u00e8rement brillante<\/strong>, parfaite pour prot\u00e9ger la table et l&rsquo;essuyer en un clin d&rsquo;\u0153il. Fini avec un <strong>volant<\/strong> romantique <strong>lilas<\/strong> sur le bord final pour une touche Shabby Chic instantan\u00e9e.  <\/p>\n<p><strong>Dimensions<\/strong><br \/>\nDimensions <strong>155 x 50 cm<\/strong><\/p>\n","protected":false},"featured_media":223978,"comment_status":"open","ping_status":"closed","template":"","meta":{"_joinchat":[]},"pwb-brand":[1563],"product_brand":[],"product_cat":[1490,1486],"product_tag":[3422,2940],"class_list":{"0":"post-223983","1":"product","2":"type-product","3":"status-publish","4":"has-post-thumbnail","6":"pwb-brand-nuvole-di-stoffa-fr","7":"product_cat-chemin-de-table","8":"product_cat-la-table","9":"product_tag-collection-garden-chic","10":"product_tag-jardin","12":"first","13":"instock","14":"taxable","15":"shipping-taxable","16":"purchasable","17":"product-type-simple"},"brands":[{"id":1563,"name":"Nuvole di Stoffa","slug":"nuvole-di-stoffa-fr"}],"_links":{"self":[{"href":"https:\/\/www.tendenzeshabbychic.it\/fr\/wp-json\/wp\/v2\/product\/223983","targetHints":{"allow":["GET"]}}],"collection":[{"href":"https:\/\/www.tendenzeshabbychic.it\/fr\/wp-json\/wp\/v2\/product"}],"about":[{"href":"https:\/\/www.tendenzeshabbychic.it\/fr\/wp-json\/wp\/v2\/types\/product"}],"replies":[{"embeddable":true,"href":"https:\/\/www.tendenzeshabbychic.it\/fr\/wp-json\/wp\/v2\/comments?post=223983"}],"wp:featuredmedia":[{"embeddable":true,"href":"https:\/\/www.tendenzeshabbychic.it\/fr\/wp-json\/wp\/v2\/media\/223978"}],"wp:attachment":[{"href":"https:\/\/www.tendenzeshabbychic.it\/fr\/wp-json\/wp\/v2\/media?parent=223983"}],"wp:term":[{"taxonomy":"pwb-brand","embeddable":true,"href":"https:\/\/www.tendenzeshabbychic.it\/fr\/wp-json\/wp\/v2\/pwb-brand?post=223983"},{"taxonomy":"product_brand","embeddable":true,"href":"https:\/\/www.tendenzeshabbychic.it\/fr\/wp-json\/wp\/v2\/product_brand?post=223983"},{"taxonomy":"product_cat","embeddable":true,"href":"https:\/\/www.tendenzeshabbychic.it\/fr\/wp-json\/wp\/v2\/product_cat?post=223983"},{"taxonomy":"product_tag","embeddable":true,"href":"https:\/\/www.tendenzeshabbychic.it\/fr\/wp-json\/wp\/v2\/product_tag?post=223983"}],"curies":[{"name":"wp","href":"https:\/\/api.w.org\/{rel}","templated":true}]}}