{"id":223940,"date":"2026-01-27T15:04:31","date_gmt":"2026-01-27T14:04:31","guid":{"rendered":"https:\/\/www.tendenzeshabbychic.it\/prodotto\/nuvole-di-dioffa-violette-39x54-garden-chic\/"},"modified":"2026-01-21T00:36:20","modified_gmt":"2026-01-20T23:36:20","slug":"nuvole-di-dioffa-violette-39x54-garden-chic","status":"publish","type":"product","link":"https:\/\/www.tendenzeshabbychic.it\/fr\/produit\/nuvole-di-dioffa-violette-39x54-garden-chic\/","title":{"rendered":"Nuvole di Stoffa set de table Violette 39&#215;54 Garden Chic"},"content":{"rendered":"<p>Le set de table Nuvole di Stoffa <strong>Violette<\/strong> (Garden Chic) est l&rsquo;alli\u00e9 id\u00e9al de ceux qui aiment la beaut\u00e9, mais ne veulent pas r\u00e9fl\u00e9chir. Le motif floral sur fond vert menthe, avec de grandes fleurs blanches et des nuances <strong>lilas\/glycine<\/strong>, apporte une touche de fra\u00eecheur et de raffinement \u00e0 la table. La finition <strong>plastifi\u00e9e<\/strong> prot\u00e8ge des taches et des \u00e9claboussures : les salissures restent \u00e0 la surface et s&rsquo;enl\u00e8vent en un clin d&rsquo;\u0153il. Le <strong>volant lilas<\/strong> encadre le set de table d&rsquo;un d\u00e9tail \u00ab\u00a0sartorial\u00a0\u00bb qui cr\u00e9e instantan\u00e9ment une ambiance, parfaite avec des c\u00e9ramiques blanches et des accessoires pastel.   <\/p>\n<ul>\n<li>Plastique r\u00e9sistant aux taches : nettoyage rapide<\/li>\n<li>Fantaisie violette brillante et d\u00e9licate<\/li>\n<li>Bordure avec volants lilas, tr\u00e8s d\u00e9coratifs<\/li>\n<li>Id\u00e9al pour le petit-d\u00e9jeuner, le d\u00e9jeuner et le d\u00eener<\/li>\n<li>Coordonn\u00e9 avec l&rsquo;ensemble de la gamme Garden Chic<\/li>\n<\/ul>\n","protected":false},"excerpt":{"rendered":"<p>Set de table <strong>plastifi\u00e9 r\u00e9sistant aux taches<\/strong> de la collection <strong>Garden Chic<\/strong> dans un motif <strong>Violette<\/strong>: fond <strong>vert menthe<\/strong> avec fleurs \u00e0 effet aquarelle en <strong>lilas, glycine, blanc<\/strong> et petites fleurs \u00e9parses. La surface est <strong>lisse et l\u00e9g\u00e8rement brillante<\/strong>, parfaite pour un usage quotidien car elle se nettoie d&rsquo;un simple coup de chiffon. Fini avec un <strong>volant<\/strong> romantique <strong>lilas<\/strong> tout autour, pour une mise en place instantan\u00e9ment soign\u00e9e.  <\/p>\n<p><strong>Dimensions<\/strong><br \/>\nDimensions <strong>39 x 54 cm<\/strong><\/p>\n","protected":false},"featured_media":223942,"comment_status":"open","ping_status":"closed","template":"","meta":{"_joinchat":[]},"pwb-brand":[2090],"product_brand":[],"product_cat":[1492,1486],"product_tag":[3423,2941],"class_list":{"0":"post-223940","1":"product","2":"type-product","3":"status-publish","4":"has-post-thumbnail","6":"pwb-brand-nuvole-di-stoffa-es","7":"product_cat-sets-de-table","8":"product_cat-la-table","9":"product_tag-coleccion-garden-chic","10":"product_tag-jardin-es","12":"first","13":"instock","14":"taxable","15":"shipping-taxable","16":"purchasable","17":"product-type-simple"},"brands":[{"id":1563,"name":"Nuvole di Stoffa","slug":"nuvole-di-stoffa-fr"}],"_links":{"self":[{"href":"https:\/\/www.tendenzeshabbychic.it\/fr\/wp-json\/wp\/v2\/product\/223940","targetHints":{"allow":["GET"]}}],"collection":[{"href":"https:\/\/www.tendenzeshabbychic.it\/fr\/wp-json\/wp\/v2\/product"}],"about":[{"href":"https:\/\/www.tendenzeshabbychic.it\/fr\/wp-json\/wp\/v2\/types\/product"}],"replies":[{"embeddable":true,"href":"https:\/\/www.tendenzeshabbychic.it\/fr\/wp-json\/wp\/v2\/comments?post=223940"}],"wp:featuredmedia":[{"embeddable":true,"href":"https:\/\/www.tendenzeshabbychic.it\/fr\/wp-json\/wp\/v2\/media\/223942"}],"wp:attachment":[{"href":"https:\/\/www.tendenzeshabbychic.it\/fr\/wp-json\/wp\/v2\/media?parent=223940"}],"wp:term":[{"taxonomy":"pwb-brand","embeddable":true,"href":"https:\/\/www.tendenzeshabbychic.it\/fr\/wp-json\/wp\/v2\/pwb-brand?post=223940"},{"taxonomy":"product_brand","embeddable":true,"href":"https:\/\/www.tendenzeshabbychic.it\/fr\/wp-json\/wp\/v2\/product_brand?post=223940"},{"taxonomy":"product_cat","embeddable":true,"href":"https:\/\/www.tendenzeshabbychic.it\/fr\/wp-json\/wp\/v2\/product_cat?post=223940"},{"taxonomy":"product_tag","embeddable":true,"href":"https:\/\/www.tendenzeshabbychic.it\/fr\/wp-json\/wp\/v2\/product_tag?post=223940"}],"curies":[{"name":"wp","href":"https:\/\/api.w.org\/{rel}","templated":true}]}}