{"id":223920,"date":"2026-01-20T11:40:11","date_gmt":"2026-01-20T10:40:11","guid":{"rendered":"https:\/\/www.tendenzeshabbychic.it\/prodotto\/lapin-pepen-suspendu-en-resine-h-10-cm\/"},"modified":"2026-01-21T00:03:32","modified_gmt":"2026-01-20T23:03:32","slug":"lapin-pepen-suspendu-en-resine-h-10-cm","status":"publish","type":"product","link":"https:\/\/www.tendenzeshabbychic.it\/fr\/produit\/lapin-pepen-suspendu-en-resine-h-10-cm\/","title":{"rendered":"Lapin PePen suspendu en r\u00e9sine H 10 cm"},"content":{"rendered":"<p>Le <strong>lapin suspendu en r\u00e9sine de PePen<\/strong> est une d\u00e9coration de P\u00e2ques raffin\u00e9e, parfaite pour ajouter une touche f\u00e9erique et printani\u00e8re \u00e0 la maison. Chaque pi\u00e8ce est <strong>vendue \u00e0 l&rsquo;unit\u00e9<\/strong> et se pr\u00e9sente dans un <strong>motif assorti<\/strong>, avec des v\u00eatements \u00e9l\u00e9gants et des tons pastel d\u00e9licats rappelant le shabby chic. <\/p>\n<p>R\u00e9alis\u00e9 en r\u00e9sine et avec un grand souci du d\u00e9tail, il pr\u00e9sente une finition douce, des expressions sucr\u00e9es et un cordon pratique pour l&rsquo;accrocher \u00e0 des branches d\u00e9coratives, \u00e0 des guirlandes, \u00e0 des poign\u00e9es ou \u00e0 l&rsquo;arbre de P\u00e2ques. Un petit \u00e9l\u00e9ment d\u00e9coratif capable de cr\u00e9er une atmosph\u00e8re et une harmonie, id\u00e9al aussi comme <strong>cadeau<\/strong> raffin\u00e9. <\/p>\n<p><strong>Points forts :<\/strong><\/p>\n<ul>\n<li>Vendu \u00e0 l&rsquo;unit\u00e9 (mod\u00e8le assorti)<\/li>\n<li>En r\u00e9sine d\u00e9corative<\/li>\n<li>Hauteur 10 cm<\/li>\n<li>Des couleurs pastel d\u00e9licates et des finitions soign\u00e9es<\/li>\n<li>\u00c9quip\u00e9 d&rsquo;une lani\u00e8re pour le suspendre<\/li>\n<li>Parfait pour les d\u00e9corations de P\u00e2ques et du printemps<\/li>\n<\/ul>\n","protected":false},"excerpt":{"rendered":"<p>D\u00e9licat <strong>lapin d\u00e9coratif en r\u00e9sine \u00e0 suspendre<\/strong> de la collection PePen, propos\u00e9 en <strong>4 mod\u00e8les assortis<\/strong>. Avec ses couleurs pastel et ses d\u00e9tails romantiques, il est id\u00e9al pour des d\u00e9corations de P\u00e2ques \u00e9l\u00e9gantes et printani\u00e8res. <\/p>\n<p><strong>Dimensions :<\/strong> H 10 cm<\/p>\n","protected":false},"featured_media":223927,"comment_status":"open","ping_status":"closed","template":"","meta":{"_joinchat":[]},"pwb-brand":[1563],"product_brand":[],"product_cat":[1505,1609],"product_tag":[3431,3393,3438,1379],"class_list":{"0":"post-223920","1":"product","2":"type-product","3":"status-publish","4":"has-post-thumbnail","6":"pwb-brand-nuvole-di-stoffa-fr","7":"product_cat-objets","8":"product_cat-paques","9":"product_tag-arbre-de-paques","10":"product_tag-collection-pepen","11":"product_tag-decorations-suspendues","12":"product_tag-lapins","14":"first","15":"instock","16":"sale","17":"taxable","18":"shipping-taxable","19":"purchasable","20":"product-type-variable"},"brands":[{"id":1563,"name":"Nuvole di Stoffa","slug":"nuvole-di-stoffa-fr"}],"_links":{"self":[{"href":"https:\/\/www.tendenzeshabbychic.it\/fr\/wp-json\/wp\/v2\/product\/223920","targetHints":{"allow":["GET"]}}],"collection":[{"href":"https:\/\/www.tendenzeshabbychic.it\/fr\/wp-json\/wp\/v2\/product"}],"about":[{"href":"https:\/\/www.tendenzeshabbychic.it\/fr\/wp-json\/wp\/v2\/types\/product"}],"replies":[{"embeddable":true,"href":"https:\/\/www.tendenzeshabbychic.it\/fr\/wp-json\/wp\/v2\/comments?post=223920"}],"wp:featuredmedia":[{"embeddable":true,"href":"https:\/\/www.tendenzeshabbychic.it\/fr\/wp-json\/wp\/v2\/media\/223927"}],"wp:attachment":[{"href":"https:\/\/www.tendenzeshabbychic.it\/fr\/wp-json\/wp\/v2\/media?parent=223920"}],"wp:term":[{"taxonomy":"pwb-brand","embeddable":true,"href":"https:\/\/www.tendenzeshabbychic.it\/fr\/wp-json\/wp\/v2\/pwb-brand?post=223920"},{"taxonomy":"product_brand","embeddable":true,"href":"https:\/\/www.tendenzeshabbychic.it\/fr\/wp-json\/wp\/v2\/product_brand?post=223920"},{"taxonomy":"product_cat","embeddable":true,"href":"https:\/\/www.tendenzeshabbychic.it\/fr\/wp-json\/wp\/v2\/product_cat?post=223920"},{"taxonomy":"product_tag","embeddable":true,"href":"https:\/\/www.tendenzeshabbychic.it\/fr\/wp-json\/wp\/v2\/product_tag?post=223920"}],"curies":[{"name":"wp","href":"https:\/\/api.w.org\/{rel}","templated":true}]}}