{"id":223893,"date":"2026-01-20T11:40:10","date_gmt":"2026-01-20T10:40:10","guid":{"rendered":"https:\/\/www.tendenzeshabbychic.it\/prodotto\/nuvole-di-stoffa-decorations-suspendues-lapins-pepen\/"},"modified":"2026-01-21T00:03:27","modified_gmt":"2026-01-20T23:03:27","slug":"nuvole-di-stoffa-decorations-suspendues-lapins-pepen","status":"publish","type":"product","link":"https:\/\/www.tendenzeshabbychic.it\/fr\/produit\/nuvole-di-stoffa-decorations-suspendues-lapins-pepen\/","title":{"rendered":"Nuvole di Stoffa D\u00e9corations suspendues Lapins PePen"},"content":{"rendered":"<p>Ces d\u00e9corations Nuvole di Stoffa (Nuages de Stoffa) de la collection PePen sont fabriqu\u00e9es en \u00e9tain moul\u00e9 et imprim\u00e9es d&rsquo;images de lapins entour\u00e9s de d\u00e9licates compositions florales. La surface est lisse et imprim\u00e9e d&rsquo;un effet pictural dans les tons rose poudr\u00e9, bleu poudr\u00e9 et ivoire. Le profil dor\u00e9 ajoute de la luminosit\u00e9 et de la sophistication, tandis que la ficelle blanche permet de les suspendre. Id\u00e9ales pour d\u00e9corer les branches, les poign\u00e9es, les boutons, les fen\u00eatres ou les murs, elles sont parfaites pour cr\u00e9er une atmosph\u00e8re \u00e9l\u00e9gante et harmonieuse de P\u00e2ques et de printemps, \u00e9galement en combinaison avec d&rsquo;autres articles PePen.   <\/p>\n<p><strong>Points forts<\/strong><\/p>\n<ul>\n<li>D\u00e9corations en \u00e9tain l\u00e9g\u00e8res et durables<\/li>\n<li>Imprim\u00e9 romantique avec des lapins et des fleurs pastel<\/li>\n<li>Bordure dor\u00e9e \u00e9l\u00e9gante et lumineuse<\/li>\n<li>Pr\u00eat \u00e0 \u00eatre accroch\u00e9, id\u00e9al pour les d\u00e9corations de P\u00e2ques<\/li>\n<\/ul>\n","protected":false},"excerpt":{"rendered":"<p>Lot de d\u00e9corations \u00e0 suspendre en \u00e9tain de la collection PePen, en forme d&rsquo;\u0153uf avec de gentils lapins illustr\u00e9s. Chaque d\u00e9coration est orn\u00e9e d&rsquo;une \u00e9l\u00e9gante bordure dor\u00e9e et est accompagn\u00e9e d&rsquo;une ficelle pour la suspendre. Les tons pastel et l&rsquo;effet pictural donnent un charme romantique et printanier, parfait pour le Shabby Chic.  <\/p>\n<p><em>Dimensions :<\/em><br \/>\n7 x 10 x D 1,5 cm<\/p>\n","protected":false},"featured_media":223897,"comment_status":"open","ping_status":"closed","template":"","meta":{"_joinchat":[]},"pwb-brand":[1563],"product_brand":[],"product_cat":[1505,1609],"product_tag":[3431,3393,3438,1379],"class_list":{"0":"post-223893","1":"product","2":"type-product","3":"status-publish","4":"has-post-thumbnail","6":"pwb-brand-nuvole-di-stoffa-fr","7":"product_cat-objets","8":"product_cat-paques","9":"product_tag-arbre-de-paques","10":"product_tag-collection-pepen","11":"product_tag-decorations-suspendues","12":"product_tag-lapins","14":"first","15":"instock","16":"sale","17":"taxable","18":"shipping-taxable","19":"purchasable","20":"product-type-variable"},"brands":[{"id":1563,"name":"Nuvole di Stoffa","slug":"nuvole-di-stoffa-fr"}],"_links":{"self":[{"href":"https:\/\/www.tendenzeshabbychic.it\/fr\/wp-json\/wp\/v2\/product\/223893","targetHints":{"allow":["GET"]}}],"collection":[{"href":"https:\/\/www.tendenzeshabbychic.it\/fr\/wp-json\/wp\/v2\/product"}],"about":[{"href":"https:\/\/www.tendenzeshabbychic.it\/fr\/wp-json\/wp\/v2\/types\/product"}],"replies":[{"embeddable":true,"href":"https:\/\/www.tendenzeshabbychic.it\/fr\/wp-json\/wp\/v2\/comments?post=223893"}],"wp:featuredmedia":[{"embeddable":true,"href":"https:\/\/www.tendenzeshabbychic.it\/fr\/wp-json\/wp\/v2\/media\/223897"}],"wp:attachment":[{"href":"https:\/\/www.tendenzeshabbychic.it\/fr\/wp-json\/wp\/v2\/media?parent=223893"}],"wp:term":[{"taxonomy":"pwb-brand","embeddable":true,"href":"https:\/\/www.tendenzeshabbychic.it\/fr\/wp-json\/wp\/v2\/pwb-brand?post=223893"},{"taxonomy":"product_brand","embeddable":true,"href":"https:\/\/www.tendenzeshabbychic.it\/fr\/wp-json\/wp\/v2\/product_brand?post=223893"},{"taxonomy":"product_cat","embeddable":true,"href":"https:\/\/www.tendenzeshabbychic.it\/fr\/wp-json\/wp\/v2\/product_cat?post=223893"},{"taxonomy":"product_tag","embeddable":true,"href":"https:\/\/www.tendenzeshabbychic.it\/fr\/wp-json\/wp\/v2\/product_tag?post=223893"}],"curies":[{"name":"wp","href":"https:\/\/api.w.org\/{rel}","templated":true}]}}