{"id":223856,"date":"2026-01-27T22:20:01","date_gmt":"2026-01-27T21:20:01","guid":{"rendered":"https:\/\/www.tendenzeshabbychic.it\/prodotto\/nuvole-di-stoffa-diffuseur-sweet-bear-70-ml\/"},"modified":"2026-01-21T00:03:16","modified_gmt":"2026-01-20T23:03:16","slug":"nuvole-di-stoffa-diffuseur-sweet-bear-70-ml","status":"publish","type":"product","link":"https:\/\/www.tendenzeshabbychic.it\/fr\/produit\/nuvole-di-stoffa-diffuseur-sweet-bear-70-ml\/","title":{"rendered":"Nuvole di Stoffa Diffuseur Sweet Bear 70 ml"},"content":{"rendered":"<p>Un parfum qui accueille et un design qui d\u00e9core : le diffuseur Nuvole di Stoffa de Sweet Bear (70 ml) associe un verre transparent, un bouchon dor\u00e9 brillant et une \u00e9tiquette romantique avec des rayures pastel, une guirlande de roses et des d\u00e9tails \u00ab\u00a0ours en peluche\u00a0\u00bb. La fragrance s&rsquo;ouvre sur le <strong>cassis, le pamplemousse et le citron<\/strong>, se poursuit avec le <strong>freesia, le jasmin et le muguet<\/strong> et se termine par le <strong>musc, le bois de santal et l&rsquo;ambre<\/strong> pour un sillage doux et enveloppant. Le coffret assorti en fait un ajout de bon go\u00fbt \u00e0 un hall d&rsquo;entr\u00e9e, une salle de bain ou une chambre \u00e0 coucher.  <\/p>\n<ul>\n<li>Bouchon en or et en verre : aspect \u00e9l\u00e9gant<\/li>\n<li>B\u00e2tons de bois pour une diffusion constante<\/li>\n<li>Pyramide olfactive sophistiqu\u00e9e, fra\u00eeche puis enveloppante.<\/li>\n<li>Emballage Sweet Bear : cadeau instantan\u00e9<\/li>\n<li>Parfait pour coordonner avec la collection<\/li>\n<\/ul>\n","protected":false},"excerpt":{"rendered":"<p>Diffuseur en b\u00e2tonnets de la collection <strong>Sweet<\/strong> Bear, dans un flacon en verre transparent avec une d\u00e9licate \u00e9tiquette ray\u00e9e et une guirlande florale rose\/verte, agr\u00e9ment\u00e9e du doux visage du petit ours. Bouchon <strong>dor\u00e9 brillant<\/strong> et b\u00e2tonnets en bois naturel pour une diffusion \u00e9l\u00e9gante et continue. Bo\u00eete haute coordonn\u00e9e avec des rayures, des pois et un ours illustr\u00e9 : parfait comme cadeau, d\u00e9j\u00e0 pr\u00eat pour la sc\u00e8ne.  <\/p>\n<p><b>(<\/b>capacit\u00e9 70 ml)<\/p>\n","protected":false},"featured_media":223858,"comment_status":"open","ping_status":"closed","template":"","meta":{"_joinchat":[]},"pwb-brand":[1563],"product_brand":[],"product_cat":[1517,1515],"product_tag":[3416],"class_list":{"0":"post-223856","1":"product","2":"type-product","3":"status-publish","4":"has-post-thumbnail","6":"pwb-brand-nuvole-di-stoffa-fr","7":"product_cat-diffuseurs-en-baton","8":"product_cat-parfumeurs","9":"product_tag-collection-sweet-bear","11":"first","12":"instock","13":"taxable","14":"shipping-taxable","15":"purchasable","16":"product-type-simple"},"brands":[{"id":1563,"name":"Nuvole di Stoffa","slug":"nuvole-di-stoffa-fr"}],"_links":{"self":[{"href":"https:\/\/www.tendenzeshabbychic.it\/fr\/wp-json\/wp\/v2\/product\/223856","targetHints":{"allow":["GET"]}}],"collection":[{"href":"https:\/\/www.tendenzeshabbychic.it\/fr\/wp-json\/wp\/v2\/product"}],"about":[{"href":"https:\/\/www.tendenzeshabbychic.it\/fr\/wp-json\/wp\/v2\/types\/product"}],"replies":[{"embeddable":true,"href":"https:\/\/www.tendenzeshabbychic.it\/fr\/wp-json\/wp\/v2\/comments?post=223856"}],"wp:featuredmedia":[{"embeddable":true,"href":"https:\/\/www.tendenzeshabbychic.it\/fr\/wp-json\/wp\/v2\/media\/223858"}],"wp:attachment":[{"href":"https:\/\/www.tendenzeshabbychic.it\/fr\/wp-json\/wp\/v2\/media?parent=223856"}],"wp:term":[{"taxonomy":"pwb-brand","embeddable":true,"href":"https:\/\/www.tendenzeshabbychic.it\/fr\/wp-json\/wp\/v2\/pwb-brand?post=223856"},{"taxonomy":"product_brand","embeddable":true,"href":"https:\/\/www.tendenzeshabbychic.it\/fr\/wp-json\/wp\/v2\/product_brand?post=223856"},{"taxonomy":"product_cat","embeddable":true,"href":"https:\/\/www.tendenzeshabbychic.it\/fr\/wp-json\/wp\/v2\/product_cat?post=223856"},{"taxonomy":"product_tag","embeddable":true,"href":"https:\/\/www.tendenzeshabbychic.it\/fr\/wp-json\/wp\/v2\/product_tag?post=223856"}],"curies":[{"name":"wp","href":"https:\/\/api.w.org\/{rel}","templated":true}]}}