{"id":223829,"date":"2026-01-27T23:03:01","date_gmt":"2026-01-27T22:03:01","guid":{"rendered":"https:\/\/www.tendenzeshabbychic.it\/prodotto\/nuvole-di-stoffa-coeur-dange-orange-12-cm\/"},"modified":"2026-01-21T00:03:08","modified_gmt":"2026-01-20T23:03:08","slug":"nuvole-di-stoffa-coeur-dange-orange-12-cm","status":"publish","type":"product","link":"https:\/\/www.tendenzeshabbychic.it\/fr\/produit\/nuvole-di-stoffa-coeur-dange-orange-12-cm\/","title":{"rendered":"Nuvole di Stoffa Coeur d&rsquo;ange orange 12 cm"},"content":{"rendered":"<p>Un ange d\u00e9licat qui apporte imm\u00e9diatement chaleur et po\u00e9sie \u00e0 la maison. La figurine en r\u00e9sine a une robe orange aux nuances douces et \u00e0 la finition lumineuse ; les <strong>larges ailes<\/strong> sont blanches avec des touches lumineuses qui accrochent la lumi\u00e8re. Le d\u00e9tail phare est la <strong>guirlande de<\/strong> fleurs roses <strong>en forme de c\u0153ur<\/strong>, romantique et symbolique, reprise dans la couronne. Id\u00e9al sur une \u00e9tag\u00e8re, une table de chevet ou dans un coin de l&rsquo;entr\u00e9e : un petit talisman de douceur, parfait aussi comme cadeau pens\u00e9.   <\/p>\n<ul>\n<li>Robe orange p\u00eache d\u00e9lav\u00e9e, \u00e9l\u00e9gante et chaleureuse<\/li>\n<li>Guirlande de fleurs roses en forme de c\u0153ur (d\u00e9tail central)<\/li>\n<li>Ailes blanches aux reflets lumineux<\/li>\n<li>Base d\u00e9cor\u00e9e de fleurs et de treillis en relief<\/li>\n<li>Taille 12 cm : parfait pour les petits espaces<\/li>\n<\/ul>\n","protected":false},"excerpt":{"rendered":"<p>D\u00e9coration <strong>en r\u00e9sine de<\/strong> style romantique : un ange avec une <strong>robe orange p\u00eache<\/strong> et des <strong>ailes blanches<\/strong> aux d\u00e9licats reflets lumineux. Sur l&rsquo;image, elle tient dans ses mains une <strong>guirlande de<\/strong> petites fleurs roses <strong>en forme de c\u0153ur<\/strong>, assortie \u00e0 la <strong>couronne florale<\/strong> qu&rsquo;elle porte dans les cheveux. La base est orn\u00e9e d&rsquo;un motif de <strong>fleurs roses et d&rsquo;une<\/strong> vigne <strong>verte<\/strong> gaufr\u00e9e : doux, \u00e9l\u00e9gant et parfait comme cadeau.  <\/p>\n<p><strong>Dimensions<\/strong><br \/>\nDimensions <strong>8 x 4,5 x 12 cm.<\/strong><\/p>\n","protected":false},"featured_media":223831,"comment_status":"open","ping_status":"closed","template":"","meta":{"_joinchat":[]},"pwb-brand":[1563],"product_brand":[],"product_cat":[1505],"product_tag":[1583,3401],"class_list":{"0":"post-223829","1":"product","2":"type-product","3":"status-publish","4":"has-post-thumbnail","6":"pwb-brand-nuvole-di-stoffa-fr","7":"product_cat-objets","8":"product_tag-anges","9":"product_tag-collection-fiorira","11":"first","12":"instock","13":"taxable","14":"shipping-taxable","15":"purchasable","16":"product-type-simple"},"brands":[{"id":1563,"name":"Nuvole di Stoffa","slug":"nuvole-di-stoffa-fr"}],"_links":{"self":[{"href":"https:\/\/www.tendenzeshabbychic.it\/fr\/wp-json\/wp\/v2\/product\/223829","targetHints":{"allow":["GET"]}}],"collection":[{"href":"https:\/\/www.tendenzeshabbychic.it\/fr\/wp-json\/wp\/v2\/product"}],"about":[{"href":"https:\/\/www.tendenzeshabbychic.it\/fr\/wp-json\/wp\/v2\/types\/product"}],"replies":[{"embeddable":true,"href":"https:\/\/www.tendenzeshabbychic.it\/fr\/wp-json\/wp\/v2\/comments?post=223829"}],"wp:featuredmedia":[{"embeddable":true,"href":"https:\/\/www.tendenzeshabbychic.it\/fr\/wp-json\/wp\/v2\/media\/223831"}],"wp:attachment":[{"href":"https:\/\/www.tendenzeshabbychic.it\/fr\/wp-json\/wp\/v2\/media?parent=223829"}],"wp:term":[{"taxonomy":"pwb-brand","embeddable":true,"href":"https:\/\/www.tendenzeshabbychic.it\/fr\/wp-json\/wp\/v2\/pwb-brand?post=223829"},{"taxonomy":"product_brand","embeddable":true,"href":"https:\/\/www.tendenzeshabbychic.it\/fr\/wp-json\/wp\/v2\/product_brand?post=223829"},{"taxonomy":"product_cat","embeddable":true,"href":"https:\/\/www.tendenzeshabbychic.it\/fr\/wp-json\/wp\/v2\/product_cat?post=223829"},{"taxonomy":"product_tag","embeddable":true,"href":"https:\/\/www.tendenzeshabbychic.it\/fr\/wp-json\/wp\/v2\/product_tag?post=223829"}],"curies":[{"name":"wp","href":"https:\/\/api.w.org\/{rel}","templated":true}]}}