{"id":223720,"date":"2026-01-20T11:40:32","date_gmt":"2026-01-20T10:40:32","guid":{"rendered":"https:\/\/www.tendenzeshabbychic.it\/prodotto\/tissu-nuages-image-lapin-bleu-fleurs-pepen-35-cm\/"},"modified":"2026-04-06T19:44:37","modified_gmt":"2026-04-06T17:44:37","slug":"tissu-nuages-image-lapin-bleu-fleurs-pepen-35-cm","status":"publish","type":"product","link":"https:\/\/www.tendenzeshabbychic.it\/fr\/produit\/tissu-nuages-image-lapin-bleu-fleurs-pepen-35-cm\/","title":{"rendered":"Nuvole di Stoffa tableau Lapin Bleu Fleurs PePen 35 cm"},"content":{"rendered":"<p>Ce tableau Nuvole di Stoffa de la collection PePen constitue une d\u00e9coration murale \u00e9l\u00e9gante et intemporelle. Le lapin, au regard doux et r\u00e9aliste, est entour\u00e9 de fleurs bleues, de tons ivoire et rose p\u00e2le qui cr\u00e9ent un \u00e9quilibre chromatique raffin\u00e9. Le fond clair avec des r\u00e9f\u00e9rences graphiques et des textures \u00e0 effet aquarelle met en valeur l&rsquo;image et lui donne de la profondeur visuelle. D\u00e9j\u00e0 encadr\u00e9e et pr\u00eate \u00e0 \u00eatre accroch\u00e9e, elle est id\u00e9ale pour rehausser les murs du salon, de la chambre ou de l&rsquo;entr\u00e9e, en cr\u00e9ant une atmosph\u00e8re chaleureuse, romantique et harmonieuse.   <\/p>\n<p><strong>Points forts<\/strong><\/p>\n<ul>\n<li>Cadre d\u00e9j\u00e0 encadr\u00e9, pr\u00eat \u00e0 l&#8217;emploi<\/li>\n<li>Imprim\u00e9 \u00e0 effet pictural avec des couleurs pastel<\/li>\n<li>Sujet d\u00e9licat avec lapin et fleurs bleues<\/li>\n<li>Parfait pour une d\u00e9coration Shabby Chic et printani\u00e8re.<\/li>\n<\/ul>\n","protected":false},"excerpt":{"rendered":"<p>Un tableau d\u00e9coratif raffin\u00e9 et pr\u00e9-encadr\u00e9 de la collection PePen, mettant en sc\u00e8ne un doux lapin nich\u00e9 dans une composition florale aux tons bleu clair, poudr\u00e9s et naturels. L&rsquo;impression d\u00e9licate et lumineuse \u00e0 effet de peinture conf\u00e8re une \u00e9l\u00e9gance romantique parfaite pour les environnements Shabby Chic et printaniers. <\/p>\n<p><em>Dimensions :<\/em><br \/>\n22 x 35 x D 2,5 cm<\/p>\n","protected":false},"featured_media":228821,"comment_status":"open","ping_status":"closed","template":"","meta":{"_joinchat":[]},"pwb-brand":[1563],"product_brand":[],"product_cat":[1524,1609],"product_tag":[3393],"class_list":{"0":"post-223720","1":"product","2":"type-product","3":"status-publish","4":"has-post-thumbnail","6":"pwb-brand-nuvole-di-stoffa-fr","7":"product_cat-peintures-et-toiles","8":"product_cat-paques","9":"product_tag-collection-pepen","11":"first","12":"instock","13":"sale","14":"taxable","15":"shipping-taxable","16":"purchasable","17":"product-type-simple"},"brands":[{"id":1563,"name":"Nuvole di Stoffa","slug":"nuvole-di-stoffa-fr"}],"_links":{"self":[{"href":"https:\/\/www.tendenzeshabbychic.it\/fr\/wp-json\/wp\/v2\/product\/223720","targetHints":{"allow":["GET"]}}],"collection":[{"href":"https:\/\/www.tendenzeshabbychic.it\/fr\/wp-json\/wp\/v2\/product"}],"about":[{"href":"https:\/\/www.tendenzeshabbychic.it\/fr\/wp-json\/wp\/v2\/types\/product"}],"replies":[{"embeddable":true,"href":"https:\/\/www.tendenzeshabbychic.it\/fr\/wp-json\/wp\/v2\/comments?post=223720"}],"wp:featuredmedia":[{"embeddable":true,"href":"https:\/\/www.tendenzeshabbychic.it\/fr\/wp-json\/wp\/v2\/media\/228821"}],"wp:attachment":[{"href":"https:\/\/www.tendenzeshabbychic.it\/fr\/wp-json\/wp\/v2\/media?parent=223720"}],"wp:term":[{"taxonomy":"pwb-brand","embeddable":true,"href":"https:\/\/www.tendenzeshabbychic.it\/fr\/wp-json\/wp\/v2\/pwb-brand?post=223720"},{"taxonomy":"product_brand","embeddable":true,"href":"https:\/\/www.tendenzeshabbychic.it\/fr\/wp-json\/wp\/v2\/product_brand?post=223720"},{"taxonomy":"product_cat","embeddable":true,"href":"https:\/\/www.tendenzeshabbychic.it\/fr\/wp-json\/wp\/v2\/product_cat?post=223720"},{"taxonomy":"product_tag","embeddable":true,"href":"https:\/\/www.tendenzeshabbychic.it\/fr\/wp-json\/wp\/v2\/product_tag?post=223720"}],"curies":[{"name":"wp","href":"https:\/\/api.w.org\/{rel}","templated":true}]}}