{"id":223560,"date":"2026-01-20T12:40:06","date_gmt":"2026-01-20T11:40:06","guid":{"rendered":"https:\/\/www.tendenzeshabbychic.it\/prodotto\/nuvole-di-stoffa-nappes-lapins-pepen-160x200-cm\/"},"modified":"2026-01-20T23:28:05","modified_gmt":"2026-01-20T22:28:05","slug":"nuvole-di-stoffa-nappes-lapins-pepen-160x200-cm","status":"publish","type":"product","link":"https:\/\/www.tendenzeshabbychic.it\/fr\/produit\/nuvole-di-stoffa-nappes-lapins-pepen-160x200-cm\/","title":{"rendered":"Nuvole di Stoffa Nappes Lapins PePen 160&#215;200 cm"},"content":{"rendered":"<p>La nappe Rabbit PePen de Nuvole di Stoffa est con\u00e7ue pour habiller la table de P\u00e2ques avec \u00e9l\u00e9gance et douceur. Le tissu pr\u00e9sente un imprim\u00e9 d\u00e9taill\u00e9 avec des lapins r\u00e9alistes, des \u0153ufs d\u00e9coratifs et des petites fleurs, dispos\u00e9s sur un fond \u00e0 carreaux vert sauge \u00e0 l&rsquo;effet frais et lumineux. <\/p>\n<p>Les tons pastel, associ\u00e9s \u00e0 une finition soign\u00e9e et \u00e0 des angles bien d\u00e9finis, rendent cette nappe id\u00e9ale pour les repas en int\u00e9rieur comme en ext\u00e9rieur. Un compl\u00e9ment d\u00e9coratif qui transmet chaleur, convivialit\u00e9 et souci du d\u00e9tail, id\u00e9al pour les repas de famille ou les moments privil\u00e9gi\u00e9s. <\/p>\n<p><strong>Points forts :<\/strong><\/p>\n<ul>\n<li>Impression de P\u00e2ques riche en d\u00e9tails et en couleurs d\u00e9licates<\/li>\n<li>Fond \u00e0 carreaux donnant une harmonie et un style Shabby Chic<\/li>\n<li>Bords finis avec un motif continu<\/li>\n<li>Id\u00e9al pour les tables printani\u00e8res et festives<\/li>\n<li>Sign\u00e9 Nuvole di Stoffa, Collection PePen<\/li>\n<\/ul>\n","protected":false},"excerpt":{"rendered":"<p>Nappe en tissu avec imprim\u00e9 de P\u00e2ques de la collection PePen. Fond \u00e0 carreaux vert sauge avec de d\u00e9licats lapins, des \u0153ufs d\u00e9cor\u00e9s et des fleurs printani\u00e8res dans des tons pastel. L&rsquo;impression est \u00e9galement continue sur les bords, avec des coins finis et un design harmonieux qui met en valeur la table. Id\u00e9al pour cr\u00e9er une atmosph\u00e8re chaleureuse et raffin\u00e9e \u00e0 l&rsquo;occasion des f\u00eates de P\u00e2ques.   <\/p>\n<p><em>Dimensions :<\/em><br \/>\n160 x 200 cm<\/p>\n","protected":false},"featured_media":223563,"comment_status":"open","ping_status":"closed","template":"","meta":{"_joinchat":[]},"pwb-brand":[1563],"product_brand":[],"product_cat":[1491,1609],"product_tag":[3393],"class_list":{"0":"post-223560","1":"product","2":"type-product","3":"status-publish","4":"has-post-thumbnail","6":"pwb-brand-nuvole-di-stoffa-fr","7":"product_cat-nappes","8":"product_cat-paques","9":"product_tag-collection-pepen","11":"first","12":"instock","13":"sale","14":"taxable","15":"shipping-taxable","16":"purchasable","17":"product-type-simple"},"brands":[{"id":1563,"name":"Nuvole di Stoffa","slug":"nuvole-di-stoffa-fr"}],"_links":{"self":[{"href":"https:\/\/www.tendenzeshabbychic.it\/fr\/wp-json\/wp\/v2\/product\/223560","targetHints":{"allow":["GET"]}}],"collection":[{"href":"https:\/\/www.tendenzeshabbychic.it\/fr\/wp-json\/wp\/v2\/product"}],"about":[{"href":"https:\/\/www.tendenzeshabbychic.it\/fr\/wp-json\/wp\/v2\/types\/product"}],"replies":[{"embeddable":true,"href":"https:\/\/www.tendenzeshabbychic.it\/fr\/wp-json\/wp\/v2\/comments?post=223560"}],"wp:featuredmedia":[{"embeddable":true,"href":"https:\/\/www.tendenzeshabbychic.it\/fr\/wp-json\/wp\/v2\/media\/223563"}],"wp:attachment":[{"href":"https:\/\/www.tendenzeshabbychic.it\/fr\/wp-json\/wp\/v2\/media?parent=223560"}],"wp:term":[{"taxonomy":"pwb-brand","embeddable":true,"href":"https:\/\/www.tendenzeshabbychic.it\/fr\/wp-json\/wp\/v2\/pwb-brand?post=223560"},{"taxonomy":"product_brand","embeddable":true,"href":"https:\/\/www.tendenzeshabbychic.it\/fr\/wp-json\/wp\/v2\/product_brand?post=223560"},{"taxonomy":"product_cat","embeddable":true,"href":"https:\/\/www.tendenzeshabbychic.it\/fr\/wp-json\/wp\/v2\/product_cat?post=223560"},{"taxonomy":"product_tag","embeddable":true,"href":"https:\/\/www.tendenzeshabbychic.it\/fr\/wp-json\/wp\/v2\/product_tag?post=223560"}],"curies":[{"name":"wp","href":"https:\/\/api.w.org\/{rel}","templated":true}]}}