{"id":223449,"date":"2026-01-27T23:03:01","date_gmt":"2026-01-27T22:03:01","guid":{"rendered":"https:\/\/www.tendenzeshabbychic.it\/prodotto\/nuvole-di-stoffa-jaune-12-cm\/"},"modified":"2026-01-20T10:00:41","modified_gmt":"2026-01-20T09:00:41","slug":"nuvole-di-stoffa-jaune-12-cm","status":"publish","type":"product","link":"https:\/\/www.tendenzeshabbychic.it\/fr\/produit\/nuvole-di-stoffa-jaune-12-cm\/","title":{"rendered":"Nuvole di Stoffa jaune 12 cm"},"content":{"rendered":"<p>Un ange qui apporte lumi\u00e8re et tendresse dans tous les coins de la maison. R\u00e9alis\u00e9 en <strong>r\u00e9sine<\/strong>, il a une robe jaune d\u00e9licatement nuanc\u00e9e, de <strong>larges ailes<\/strong> aux reflets dor\u00e9s et un <strong>c\u0153ur rose<\/strong> entre ses mains, symbole d&rsquo;affection et de protection. Les d\u00e9tails floraux sur le bord de la robe et la couronne de fleurs rappellent toute la po\u00e9sie de la collection <strong>Fiorir\u00e0<\/strong>. Parfait sur une \u00e9tag\u00e8re, une table de chevet ou dans un coin de l&rsquo;entr\u00e9e, il est \u00e9galement id\u00e9al comme cadeau pens\u00e9 ou comme faveur de mariage raffin\u00e9e.   <\/p>\n<ul>\n<li>R\u00e9sine avec attention aux d\u00e9tails, finition d\u00e9licate<\/li>\n<li>Ailes avec bordure \u00e0 effet paillet\u00e9<\/li>\n<li>Coeur central rose : message doux et symbolique<\/li>\n<li>D\u00e9corations florales en relief sur la base et la robe<\/li>\n<li>Taille parfaite pour les petits espaces<\/li>\n<\/ul>\n","protected":false},"excerpt":{"rendered":"<p>D\u00e9licat ange <strong>en r\u00e9sine<\/strong> de la collection <strong>Fiorir\u00e0<\/strong>, avec une robe jaune nuanc\u00e9e et des d\u00e9tails romantiques. La photo montre une couronne de fleurs roses dans ses cheveux rassembl\u00e9s, des <strong>ailes blanches avec des bords dor\u00e9s\/paillet\u00e9s<\/strong> et un <strong>c\u0153ur rose<\/strong> dans ses mains, l\u00e9g\u00e8rement brillant. La base est orn\u00e9e de petites fleurs et de feuilles gaufr\u00e9es &#8211; une touche de douceur qui d\u00e9core instantan\u00e9ment.  <\/p>\n<p><strong>Dimensions<\/strong><br \/>\nDimensions <strong>8 x 4,5 x 12 cm.<\/strong><\/p>\n","protected":false},"featured_media":223437,"comment_status":"open","ping_status":"closed","template":"","meta":{"_joinchat":[]},"pwb-brand":[1563],"product_brand":[],"product_cat":[1505],"product_tag":[1583,3401],"class_list":{"0":"post-223449","1":"product","2":"type-product","3":"status-publish","4":"has-post-thumbnail","6":"pwb-brand-nuvole-di-stoffa-fr","7":"product_cat-objets","8":"product_tag-anges","9":"product_tag-collection-fiorira","11":"first","12":"instock","13":"taxable","14":"shipping-taxable","15":"purchasable","16":"product-type-simple"},"brands":[{"id":1563,"name":"Nuvole di Stoffa","slug":"nuvole-di-stoffa-fr"}],"_links":{"self":[{"href":"https:\/\/www.tendenzeshabbychic.it\/fr\/wp-json\/wp\/v2\/product\/223449","targetHints":{"allow":["GET"]}}],"collection":[{"href":"https:\/\/www.tendenzeshabbychic.it\/fr\/wp-json\/wp\/v2\/product"}],"about":[{"href":"https:\/\/www.tendenzeshabbychic.it\/fr\/wp-json\/wp\/v2\/types\/product"}],"replies":[{"embeddable":true,"href":"https:\/\/www.tendenzeshabbychic.it\/fr\/wp-json\/wp\/v2\/comments?post=223449"}],"wp:featuredmedia":[{"embeddable":true,"href":"https:\/\/www.tendenzeshabbychic.it\/fr\/wp-json\/wp\/v2\/media\/223437"}],"wp:attachment":[{"href":"https:\/\/www.tendenzeshabbychic.it\/fr\/wp-json\/wp\/v2\/media?parent=223449"}],"wp:term":[{"taxonomy":"pwb-brand","embeddable":true,"href":"https:\/\/www.tendenzeshabbychic.it\/fr\/wp-json\/wp\/v2\/pwb-brand?post=223449"},{"taxonomy":"product_brand","embeddable":true,"href":"https:\/\/www.tendenzeshabbychic.it\/fr\/wp-json\/wp\/v2\/product_brand?post=223449"},{"taxonomy":"product_cat","embeddable":true,"href":"https:\/\/www.tendenzeshabbychic.it\/fr\/wp-json\/wp\/v2\/product_cat?post=223449"},{"taxonomy":"product_tag","embeddable":true,"href":"https:\/\/www.tendenzeshabbychic.it\/fr\/wp-json\/wp\/v2\/product_tag?post=223449"}],"curies":[{"name":"wp","href":"https:\/\/api.w.org\/{rel}","templated":true}]}}