{"id":223445,"date":"2026-01-27T23:03:01","date_gmt":"2026-01-27T22:03:01","guid":{"rendered":"https:\/\/www.tendenzeshabbychic.it\/prodotto\/tissu-nuages-rose-ange-jaune-fleurs-12-cm\/"},"modified":"2026-01-20T10:00:42","modified_gmt":"2026-01-20T09:00:42","slug":"tissu-nuages-rose-ange-jaune-fleurs-12-cm","status":"publish","type":"product","link":"https:\/\/www.tendenzeshabbychic.it\/fr\/produit\/tissu-nuages-rose-ange-jaune-fleurs-12-cm\/","title":{"rendered":"Tissu Nuages Rose Ange Jaune Fleurs 12 cm"},"content":{"rendered":"<p>Un ange doux qui apporte une note de lumi\u00e8re et de s\u00e9r\u00e9nit\u00e9 \u00e0 la maison. R\u00e9alis\u00e9 en r\u00e9sine et avec un grand souci du d\u00e9tail, il est dot\u00e9 d&rsquo;une robe rose fluide, de d\u00e9licates <strong>ailes rose poudr\u00e9<\/strong> et d&rsquo;un bouquet de <strong>fleurs jaunes<\/strong> en relief, repris dans la couronne et les d\u00e9corations de la base. Parfaite sur la table de chevet, sur une \u00e9tag\u00e8re ou dans l&rsquo;entr\u00e9e, c&rsquo;est aussi une id\u00e9e de cadeau raffin\u00e9e pour une pens\u00e9e qui \u00ab\u00a0parle\u00a0\u00bb d&rsquo;affection et de protection.  <\/p>\n<ul>\n<li>Robe rose ombr\u00e9e, \u00e9l\u00e9gante et l\u00e9g\u00e8re<\/li>\n<li>Ailes roses avec finition lumineuse<\/li>\n<li>Chaplet et bouquet de fleurs jaunes gaufr\u00e9es<\/li>\n<li>Base d\u00e9cor\u00e9e de fleurs et de feuilles, aspect printanier<\/li>\n<li>Taille id\u00e9ale pour les petits coins de meubles<\/li>\n<\/ul>\n","protected":false},"excerpt":{"rendered":"<p>D\u00e9licate figurine <strong>en r\u00e9sine<\/strong>: un ange de style romantique avec une <strong>robe rose ombr\u00e9e<\/strong> et des d\u00e9tails printaniers. L&rsquo;image montre des <strong>ailes rose poudr\u00e9<\/strong> aux reflets lumineux, des cheveux bruns rassembl\u00e9s en une <strong>tresse sur le c\u00f4t\u00e9<\/strong> et une <strong>petite couronne de fleurs jaunes<\/strong>. Elle tient dans ses mains un petit bouquet assorti ; sur la base, des d\u00e9corations florales jaunes avec des feuilles vertes en relief.  <\/p>\n<p><strong>Dimensions<\/strong><br \/>\nDimensions <strong>8 x 4,5 x 12 cm.<\/strong><\/p>\n","protected":false},"featured_media":223435,"comment_status":"open","ping_status":"closed","template":"","meta":{"_joinchat":[]},"pwb-brand":[1563],"product_brand":[],"product_cat":[1505],"product_tag":[1583,3401],"class_list":{"0":"post-223445","1":"product","2":"type-product","3":"status-publish","4":"has-post-thumbnail","6":"pwb-brand-nuvole-di-stoffa-fr","7":"product_cat-objets","8":"product_tag-anges","9":"product_tag-collection-fiorira","11":"first","12":"instock","13":"taxable","14":"shipping-taxable","15":"purchasable","16":"product-type-simple"},"brands":[{"id":1563,"name":"Nuvole di Stoffa","slug":"nuvole-di-stoffa-fr"}],"_links":{"self":[{"href":"https:\/\/www.tendenzeshabbychic.it\/fr\/wp-json\/wp\/v2\/product\/223445","targetHints":{"allow":["GET"]}}],"collection":[{"href":"https:\/\/www.tendenzeshabbychic.it\/fr\/wp-json\/wp\/v2\/product"}],"about":[{"href":"https:\/\/www.tendenzeshabbychic.it\/fr\/wp-json\/wp\/v2\/types\/product"}],"replies":[{"embeddable":true,"href":"https:\/\/www.tendenzeshabbychic.it\/fr\/wp-json\/wp\/v2\/comments?post=223445"}],"wp:featuredmedia":[{"embeddable":true,"href":"https:\/\/www.tendenzeshabbychic.it\/fr\/wp-json\/wp\/v2\/media\/223435"}],"wp:attachment":[{"href":"https:\/\/www.tendenzeshabbychic.it\/fr\/wp-json\/wp\/v2\/media?parent=223445"}],"wp:term":[{"taxonomy":"pwb-brand","embeddable":true,"href":"https:\/\/www.tendenzeshabbychic.it\/fr\/wp-json\/wp\/v2\/pwb-brand?post=223445"},{"taxonomy":"product_brand","embeddable":true,"href":"https:\/\/www.tendenzeshabbychic.it\/fr\/wp-json\/wp\/v2\/product_brand?post=223445"},{"taxonomy":"product_cat","embeddable":true,"href":"https:\/\/www.tendenzeshabbychic.it\/fr\/wp-json\/wp\/v2\/product_cat?post=223445"},{"taxonomy":"product_tag","embeddable":true,"href":"https:\/\/www.tendenzeshabbychic.it\/fr\/wp-json\/wp\/v2\/product_tag?post=223445"}],"curies":[{"name":"wp","href":"https:\/\/api.w.org\/{rel}","templated":true}]}}