{"id":223335,"date":"2026-01-20T11:40:08","date_gmt":"2026-01-20T10:40:08","guid":{"rendered":"https:\/\/www.tendenzeshabbychic.it\/prodotto\/nuvole-dioffa-set-3-bougies-vertes-egg-pepen-9h\/"},"modified":"2026-01-20T11:40:08","modified_gmt":"2026-01-20T10:40:08","slug":"nuvole-dioffa-set-3-bougies-vertes-egg-pepen-9h","status":"publish","type":"product","link":"https:\/\/www.tendenzeshabbychic.it\/fr\/produit\/nuvole-dioffa-set-3-bougies-vertes-egg-pepen-9h\/","title":{"rendered":"Nuvole dioffa Set 3 bougies vertes Egg PePen 9h"},"content":{"rendered":"<p>Le set de 3 bougies parfum\u00e9es vertes de la collection PePen de Nuvole di Stoffa est con\u00e7u pour ceux qui aiment les d\u00e9corations de P\u00e2ques d\u00e9licates et lumineuses. Les bougies, avec leur surface lisse et opaque, reproduisent la forme d&rsquo;un \u0153uf avec de petites oreilles stylis\u00e9es et sont plac\u00e9es dans d&rsquo;\u00e9l\u00e9gantes coupes en verre qui mettent en valeur leur couleur fra\u00eeche et naturelle. L&#8217;emballage illustr\u00e9, avec son souci du d\u00e9tail, en fait \u00e9galement un cadeau id\u00e9al.<br \/>\nLe parfum est p\u00e9tillant et harmonieux : des notes de t\u00eate d&rsquo;ananas, de fruits rouges, d&rsquo;orange et de pomme verte ouvrent le parfum, suivies d&rsquo;un c\u0153ur floral et aquatique de jasmin et de muguet, et se terminant sur une base douce et enveloppante de vanille, de bois de santal, de tonka et de musc. Parfait pour les tables printani\u00e8res, les centres de table de P\u00e2ques ou les petits coins d\u00e9coratifs.   <\/p>\n<p><strong>Points forts :<\/strong><\/p>\n<ul>\n<li>\u0152uf de P\u00e2ques avec oreilles<\/li>\n<li>Teinte vert sauge raffin\u00e9e<\/li>\n<li>B\u00e9cher en verre \u00e9l\u00e9gant et r\u00e9utilisable<\/li>\n<li>Parfum frais et fruit\u00e9 avec une base chaude<\/li>\n<li>Emballage illustr\u00e9 id\u00e9al comme id\u00e9e de cadeau<\/li>\n<\/ul>\n","protected":false},"excerpt":{"rendered":"<p>\u00c9l\u00e9gant lot de 3 bougies parfum\u00e9es Nuvole di Stoffa en forme d&rsquo;\u0153uf avec des oreilles, dans une d\u00e9licate teinte vert sauge. Chaque bougie est plac\u00e9e dans un \u00e9l\u00e9gant bol en verre transparent et emball\u00e9e dans un paquet illustr\u00e9 sur le th\u00e8me de P\u00e2ques. Parfum frais et fruit\u00e9. Collection PePen.   <\/p>\n<p><em>Dimensions :<\/em><br \/>\n5,3 x 3,5 cm &#8211; dur\u00e9e environ 9 heures<\/p>\n","protected":false},"featured_media":223333,"comment_status":"open","ping_status":"closed","template":"","meta":{"_joinchat":[]},"pwb-brand":[1563],"product_brand":[],"product_cat":[1516,1460,1609,1515],"product_tag":[3393,1379],"class_list":{"0":"post-223335","1":"product","2":"type-product","3":"status-publish","4":"has-post-thumbnail","6":"pwb-brand-nuvole-di-stoffa-fr","7":"product_cat-bougies-parfumees","8":"product_cat-bougies","9":"product_cat-paques","10":"product_cat-parfumeurs","11":"product_tag-collection-pepen","12":"product_tag-lapins","14":"first","15":"instock","16":"sale","17":"taxable","18":"shipping-taxable","19":"purchasable","20":"product-type-simple"},"brands":[{"id":1563,"name":"Nuvole di Stoffa","slug":"nuvole-di-stoffa-fr"}],"_links":{"self":[{"href":"https:\/\/www.tendenzeshabbychic.it\/fr\/wp-json\/wp\/v2\/product\/223335","targetHints":{"allow":["GET"]}}],"collection":[{"href":"https:\/\/www.tendenzeshabbychic.it\/fr\/wp-json\/wp\/v2\/product"}],"about":[{"href":"https:\/\/www.tendenzeshabbychic.it\/fr\/wp-json\/wp\/v2\/types\/product"}],"replies":[{"embeddable":true,"href":"https:\/\/www.tendenzeshabbychic.it\/fr\/wp-json\/wp\/v2\/comments?post=223335"}],"wp:featuredmedia":[{"embeddable":true,"href":"https:\/\/www.tendenzeshabbychic.it\/fr\/wp-json\/wp\/v2\/media\/223333"}],"wp:attachment":[{"href":"https:\/\/www.tendenzeshabbychic.it\/fr\/wp-json\/wp\/v2\/media?parent=223335"}],"wp:term":[{"taxonomy":"pwb-brand","embeddable":true,"href":"https:\/\/www.tendenzeshabbychic.it\/fr\/wp-json\/wp\/v2\/pwb-brand?post=223335"},{"taxonomy":"product_brand","embeddable":true,"href":"https:\/\/www.tendenzeshabbychic.it\/fr\/wp-json\/wp\/v2\/product_brand?post=223335"},{"taxonomy":"product_cat","embeddable":true,"href":"https:\/\/www.tendenzeshabbychic.it\/fr\/wp-json\/wp\/v2\/product_cat?post=223335"},{"taxonomy":"product_tag","embeddable":true,"href":"https:\/\/www.tendenzeshabbychic.it\/fr\/wp-json\/wp\/v2\/product_tag?post=223335"}],"curies":[{"name":"wp","href":"https:\/\/api.w.org\/{rel}","templated":true}]}}