{"id":223167,"date":"2026-04-01T06:59:19","date_gmt":"2026-04-01T04:59:19","guid":{"rendered":"https:\/\/www.tendenzeshabbychic.it\/prodotto\/nuvole-di-stoffa-container-rien-nest-perdu-13-cm\/"},"modified":"2026-04-17T08:59:28","modified_gmt":"2026-04-17T06:59:28","slug":"nuvole-di-stoffa-container-rien-nest-perdu-13-cm","status":"publish","type":"product","link":"https:\/\/www.tendenzeshabbychic.it\/fr\/produit\/nuvole-di-stoffa-container-rien-nest-perdu-13-cm\/","title":{"rendered":"Nuvole di Stoffa Container Rien n&rsquo;est perdu 13 cm"},"content":{"rendered":"<p>Ce r\u00e9cipient Nuvole di Stoffa interpr\u00e8te la valeur de la cuisine d&rsquo;antan avec un style contemporain et raffin\u00e9. R\u00e9alis\u00e9 en gr\u00e8s fin, il pr\u00e9sente une finition mate et velout\u00e9e au toucher, dans une d\u00e9licate teinte neutre qui s&rsquo;int\u00e8gre facilement \u00e0 tous les environnements. <\/p>\n<p>L&rsquo;inscription \u00ab\u00a0Rien n&rsquo;est gaspill\u00e9\u00a0\u00bb, imprim\u00e9e en caract\u00e8res essentiels et orn\u00e9e d&rsquo;un c\u0153ur central, transmet un message authentique d&rsquo;attention et d&rsquo;amour pour la nourriture. Le bouchon en plastique transparent avec fermeture \u00e0 pression est con\u00e7u pour prot\u00e9ger les petites quantit\u00e9s d&rsquo;aliments, les restes ou les pr\u00e9parations maison. Un objet pratique, beau \u00e0 regarder et plein de sens.  <\/p>\n<p><strong>Points forts<\/strong><\/p>\n<ul>\n<li>Gr\u00e8s fin \u00e9l\u00e9gant et durable<\/li>\n<li>Lettres d\u00e9coratives \u00e0 forte valeur symbolique<\/li>\n<li>Format compact et fonctionnel<\/li>\n<li>Capuchon en plastique pratique pour un usage quotidien<\/li>\n<li>Parfait pour une cuisine ordonn\u00e9e et consciente<\/li>\n<\/ul>\n","protected":false},"excerpt":{"rendered":"<p>Nuvole di Stoffa r\u00e9cipient en gr\u00e8s fin (c\u00e9ramique) avec un bouchon en plastique transparent dot\u00e9 d&rsquo;une fermeture pratique. La forme compacte et la surface lisse de couleur cr\u00e8me sont rehauss\u00e9es par l&rsquo;inscription \u00ab\u00a0Rien n&rsquo;est gaspill\u00e9\u00a0\u00bb dans une teinte chaude, accompagn\u00e9e d&rsquo;un petit c\u0153ur d\u00e9coratif. Id\u00e9al pour conserver avec soin et conscience.  <\/p>\n<ul>\n<li>vous pouvez l&rsquo;utiliser au micro-ondes (sans couvercle)<\/li>\n<li>la valve sur le couvercle permet de mieux conserver les aliments (chauds et froids)<\/li>\n<li>lavable au lave-vaisselle<\/li>\n<\/ul>\n<p><em>Dimensions :<\/em><br \/>\n13 x 13 x 6 cm<\/p>\n","protected":false},"featured_media":223165,"comment_status":"open","ping_status":"closed","template":"","meta":{"_joinchat":[]},"pwb-brand":[1563],"product_brand":[],"product_cat":[1471,1472],"product_tag":[1416],"class_list":{"0":"post-223167","1":"product","2":"type-product","3":"status-publish","4":"has-post-thumbnail","6":"pwb-brand-nuvole-di-stoffa-fr","7":"product_cat-accessoires-de-cuisine","8":"product_cat-cuisine","9":"product_tag-my-home-fr","11":"first","12":"instock","13":"taxable","14":"shipping-taxable","15":"purchasable","16":"product-type-simple"},"brands":[{"id":1563,"name":"Nuvole di Stoffa","slug":"nuvole-di-stoffa-fr"}],"_links":{"self":[{"href":"https:\/\/www.tendenzeshabbychic.it\/fr\/wp-json\/wp\/v2\/product\/223167","targetHints":{"allow":["GET"]}}],"collection":[{"href":"https:\/\/www.tendenzeshabbychic.it\/fr\/wp-json\/wp\/v2\/product"}],"about":[{"href":"https:\/\/www.tendenzeshabbychic.it\/fr\/wp-json\/wp\/v2\/types\/product"}],"replies":[{"embeddable":true,"href":"https:\/\/www.tendenzeshabbychic.it\/fr\/wp-json\/wp\/v2\/comments?post=223167"}],"wp:featuredmedia":[{"embeddable":true,"href":"https:\/\/www.tendenzeshabbychic.it\/fr\/wp-json\/wp\/v2\/media\/223165"}],"wp:attachment":[{"href":"https:\/\/www.tendenzeshabbychic.it\/fr\/wp-json\/wp\/v2\/media?parent=223167"}],"wp:term":[{"taxonomy":"pwb-brand","embeddable":true,"href":"https:\/\/www.tendenzeshabbychic.it\/fr\/wp-json\/wp\/v2\/pwb-brand?post=223167"},{"taxonomy":"product_brand","embeddable":true,"href":"https:\/\/www.tendenzeshabbychic.it\/fr\/wp-json\/wp\/v2\/product_brand?post=223167"},{"taxonomy":"product_cat","embeddable":true,"href":"https:\/\/www.tendenzeshabbychic.it\/fr\/wp-json\/wp\/v2\/product_cat?post=223167"},{"taxonomy":"product_tag","embeddable":true,"href":"https:\/\/www.tendenzeshabbychic.it\/fr\/wp-json\/wp\/v2\/product_tag?post=223167"}],"curies":[{"name":"wp","href":"https:\/\/api.w.org\/{rel}","templated":true}]}}