{"id":223030,"date":"2026-01-27T14:51:25","date_gmt":"2026-01-27T13:51:25","guid":{"rendered":"https:\/\/www.tendenzeshabbychic.it\/prodotto\/nuvole-di-dioffa-nappe-garden-chic-155x260\/"},"modified":"2026-01-20T09:30:25","modified_gmt":"2026-01-20T08:30:25","slug":"nuvole-di-dioffa-nappe-garden-chic-155x260","status":"publish","type":"product","link":"https:\/\/www.tendenzeshabbychic.it\/fr\/produit\/nuvole-di-dioffa-nappe-garden-chic-155x260\/","title":{"rendered":"Nuvole di dioffa Nappe Garden Chic 155&#215;260"},"content":{"rendered":"<p>La nappe Nuvole di Stoffa <strong>Garden Chic<\/strong> est l&rsquo;alli\u00e9e id\u00e9ale de ceux qui veulent allier style et praticit\u00e9. Le d\u00e9licat imprim\u00e9 floral, avec des fleurs bleu clair et cr\u00e8me et des feuilles beiges, illumine la table avec une douce \u00e9l\u00e9gance. La finition <strong>plastifi\u00e9e<\/strong> prot\u00e8ge des taches et des \u00e9claboussures : les gouttes restent \u00e0 la surface et s&rsquo;enl\u00e8vent facilement, ce qui est parfait pour un usage quotidien. Le <strong>volant fris\u00e9 bleu clair<\/strong> encadre la table et donne un effet \u00ab\u00a0sur mesure\u00a0\u00bb qui cr\u00e9e instantan\u00e9ment une ambiance, que ce soit dans la cuisine, sur la v\u00e9randa ou dans le salon.   <\/p>\n<ul>\n<li>Plastique r\u00e9sistant aux taches : nettoyage rapide<\/li>\n<li>Motif floral romantique dans les tons bleu clair\/cr\u00e8me<\/li>\n<li>Bordure \u00e0 volants bleus, look Shabby Chic<\/li>\n<li>Id\u00e9al pour les d\u00e9jeuners en famille et les d\u00eeners avec des invit\u00e9s<\/li>\n<li>Format polyvalent pour les longues tables<\/li>\n<\/ul>\n","protected":false},"excerpt":{"rendered":"<p>Nappe <strong>plastifi\u00e9e antitache<\/strong> de la collection <strong>Garden Chic<\/strong>, dans une palette <strong>bleu clair\/bleu clair<\/strong> avec un \u00e9l\u00e9gant motif floral sur fond cr\u00e8me et des feuilles dans les tons beiges. La surface est <strong>lisse et l\u00e9g\u00e8rement brillante<\/strong>, facile \u00e0 nettoyer. La bordure avec un <strong>volant<\/strong> romantique <strong>bleu clair<\/strong> ajoute une touche Shabby Chic instantan\u00e9e, parfaite pour une table soign\u00e9e.  <\/p>\n<p><strong>Dimensions<\/strong><br \/>\nDimensions <strong>155 x 260 cm<\/strong><\/p>\n","protected":false},"featured_media":223026,"comment_status":"open","ping_status":"closed","template":"","meta":{"_joinchat":[]},"pwb-brand":[2090],"product_brand":[],"product_cat":[1491,1486],"product_tag":[3423,2941],"class_list":{"0":"post-223030","1":"product","2":"type-product","3":"status-publish","4":"has-post-thumbnail","6":"pwb-brand-nuvole-di-stoffa-es","7":"product_cat-nappes","8":"product_cat-la-table","9":"product_tag-coleccion-garden-chic","10":"product_tag-jardin-es","12":"first","13":"instock","14":"taxable","15":"shipping-taxable","16":"purchasable","17":"product-type-simple"},"brands":[{"id":1563,"name":"Nuvole di Stoffa","slug":"nuvole-di-stoffa-fr"}],"_links":{"self":[{"href":"https:\/\/www.tendenzeshabbychic.it\/fr\/wp-json\/wp\/v2\/product\/223030","targetHints":{"allow":["GET"]}}],"collection":[{"href":"https:\/\/www.tendenzeshabbychic.it\/fr\/wp-json\/wp\/v2\/product"}],"about":[{"href":"https:\/\/www.tendenzeshabbychic.it\/fr\/wp-json\/wp\/v2\/types\/product"}],"replies":[{"embeddable":true,"href":"https:\/\/www.tendenzeshabbychic.it\/fr\/wp-json\/wp\/v2\/comments?post=223030"}],"wp:featuredmedia":[{"embeddable":true,"href":"https:\/\/www.tendenzeshabbychic.it\/fr\/wp-json\/wp\/v2\/media\/223026"}],"wp:attachment":[{"href":"https:\/\/www.tendenzeshabbychic.it\/fr\/wp-json\/wp\/v2\/media?parent=223030"}],"wp:term":[{"taxonomy":"pwb-brand","embeddable":true,"href":"https:\/\/www.tendenzeshabbychic.it\/fr\/wp-json\/wp\/v2\/pwb-brand?post=223030"},{"taxonomy":"product_brand","embeddable":true,"href":"https:\/\/www.tendenzeshabbychic.it\/fr\/wp-json\/wp\/v2\/product_brand?post=223030"},{"taxonomy":"product_cat","embeddable":true,"href":"https:\/\/www.tendenzeshabbychic.it\/fr\/wp-json\/wp\/v2\/product_cat?post=223030"},{"taxonomy":"product_tag","embeddable":true,"href":"https:\/\/www.tendenzeshabbychic.it\/fr\/wp-json\/wp\/v2\/product_tag?post=223030"}],"curies":[{"name":"wp","href":"https:\/\/api.w.org\/{rel}","templated":true}]}}