{"id":223007,"date":"2026-01-27T22:30:01","date_gmt":"2026-01-27T21:30:01","guid":{"rendered":"https:\/\/www.tendenzeshabbychic.it\/prodotto\/nuvole-di-stoffa-ourson-doux-24-cm-2-modeles\/"},"modified":"2026-02-15T20:37:47","modified_gmt":"2026-02-15T19:37:47","slug":"nuvole-di-stoffa-ourson-doux-24-cm-2-modeles","status":"publish","type":"product","link":"https:\/\/www.tendenzeshabbychic.it\/fr\/produit\/nuvole-di-stoffa-ourson-doux-24-cm-2-modeles\/","title":{"rendered":"Nuvole di Stoffa Ourson doux 24 cm &#8211; 2 mod\u00e8les"},"content":{"rendered":"<p>Un petit accessoire qui met imm\u00e9diatement de l&rsquo;ordre (et du style) sur le plan de travail de la cuisine. Le porte-louche <strong>Sweet Bear de<\/strong> Nuvole di Stoffa est en porcelaine, avec une forme allong\u00e9e et un bord doux pour placer les cuill\u00e8res et les louches sans les salir. L&rsquo;impression, dans des tons pastel, repr\u00e9sente deux oursons dans un ovale avec une guirlande de petites fleurs ; l&rsquo;assortiment alterne entre un fond <strong>ray\u00e9<\/strong> ou <strong>pointill\u00e9<\/strong> pour un look shabby tr\u00e8s doux. Livr\u00e9 dans une <strong>bo\u00eete cadeau<\/strong> assortie : id\u00e9al aussi pour un petit cadeau chic.   <\/p>\n<ul>\n<li>Porcelaine \u00e9l\u00e9gante et facile \u00e0 nettoyer<\/li>\n<li>Illustration de l&rsquo;ourson doux et c\u00e2lin<\/li>\n<li>Assortiment ray\u00e9\/pois dans une palette d\u00e9licate<\/li>\n<li>Prot\u00e8ge le plan de travail de la cuisine contre les gouttes et les sauces<\/li>\n<li>Coffret cadeau inclus<\/li>\n<\/ul>\n","protected":false},"excerpt":{"rendered":"<p>Repose-cuill\u00e8re <strong>en porcelaine<\/strong> de la collection <strong>Sweet<\/strong> Bear, avec une douce illustration d&rsquo;oursons dans un cadre floral. En assortiment avec des d\u00e9corations d\u00e9licates : <strong>rayures subtiles<\/strong> ou <strong>pois<\/strong> sur fond cr\u00e8me, pour une cuisine romantique et soign\u00e9e. <strong>Bo\u00eete cadeau<\/strong> assortie \u00e0 rayures et micro-fleurs, parfaite pour offrir.  <\/p>\n<p><strong>Dimensions<\/strong><br \/>\nDimensions <strong>24 x 9 x 2,5 cm<\/strong><\/p>\n","protected":false},"featured_media":223005,"comment_status":"open","ping_status":"closed","template":"","meta":{"_joinchat":[]},"pwb-brand":[1563],"product_brand":[],"product_cat":[1471,1472],"product_tag":[2916,3416,1296],"class_list":{"0":"post-223007","1":"product","2":"type-product","3":"status-publish","4":"has-post-thumbnail","6":"pwb-brand-nuvole-di-stoffa-fr","7":"product_cat-accessoires-de-cuisine","8":"product_cat-cuisine","9":"product_tag-ceramique-et-porcelaine","10":"product_tag-collection-sweet-bear","11":"product_tag-idee-de-cadeau","13":"first","14":"outofstock","15":"taxable","16":"shipping-taxable","17":"purchasable","18":"product-type-variable"},"brands":[{"id":1563,"name":"Nuvole di Stoffa","slug":"nuvole-di-stoffa-fr"}],"_links":{"self":[{"href":"https:\/\/www.tendenzeshabbychic.it\/fr\/wp-json\/wp\/v2\/product\/223007","targetHints":{"allow":["GET"]}}],"collection":[{"href":"https:\/\/www.tendenzeshabbychic.it\/fr\/wp-json\/wp\/v2\/product"}],"about":[{"href":"https:\/\/www.tendenzeshabbychic.it\/fr\/wp-json\/wp\/v2\/types\/product"}],"replies":[{"embeddable":true,"href":"https:\/\/www.tendenzeshabbychic.it\/fr\/wp-json\/wp\/v2\/comments?post=223007"}],"wp:featuredmedia":[{"embeddable":true,"href":"https:\/\/www.tendenzeshabbychic.it\/fr\/wp-json\/wp\/v2\/media\/223005"}],"wp:attachment":[{"href":"https:\/\/www.tendenzeshabbychic.it\/fr\/wp-json\/wp\/v2\/media?parent=223007"}],"wp:term":[{"taxonomy":"pwb-brand","embeddable":true,"href":"https:\/\/www.tendenzeshabbychic.it\/fr\/wp-json\/wp\/v2\/pwb-brand?post=223007"},{"taxonomy":"product_brand","embeddable":true,"href":"https:\/\/www.tendenzeshabbychic.it\/fr\/wp-json\/wp\/v2\/product_brand?post=223007"},{"taxonomy":"product_cat","embeddable":true,"href":"https:\/\/www.tendenzeshabbychic.it\/fr\/wp-json\/wp\/v2\/product_cat?post=223007"},{"taxonomy":"product_tag","embeddable":true,"href":"https:\/\/www.tendenzeshabbychic.it\/fr\/wp-json\/wp\/v2\/product_tag?post=223007"}],"curies":[{"name":"wp","href":"https:\/\/api.w.org\/{rel}","templated":true}]}}