{"id":222994,"date":"2026-01-27T00:00:01","date_gmt":"2026-01-26T23:00:01","guid":{"rendered":"https:\/\/www.tendenzeshabbychic.it\/prodotto\/nuvole-di-stoffa-cahier-de-papier-14x20-cm\/"},"modified":"2026-01-20T10:00:26","modified_gmt":"2026-01-20T09:00:26","slug":"nuvole-di-stoffa-cahier-de-papier-14x20-cm","status":"publish","type":"product","link":"https:\/\/www.tendenzeshabbychic.it\/fr\/produit\/nuvole-di-stoffa-cahier-de-papier-14x20-cm\/","title":{"rendered":"Nuvole di Stoffa Cahier de papier 14&#215;20 cm"},"content":{"rendered":"<p>Un carnet qui donne envie d&rsquo;\u00e9crire avant m\u00eame de l&rsquo;ouvrir. La couverture a une <strong>texture d\u00e9licate<\/strong>, presque artisanale, et les illustrations \u00e0 l&rsquo;aquarelle lui conf\u00e8rent une \u00e9l\u00e9gance romantique : des fleurs sauvages, des feuilles l\u00e9g\u00e8res et un papillon dans le mod\u00e8le rose ; une guirlande florale avec un oiseau dans le mod\u00e8le vert sauge, avec un cadre subtil de petites fleurs. La fermeture \u00e0 l&rsquo;aide d&rsquo;une <strong>ficelle de jute<\/strong> et d&rsquo;une \u00e9tiquette rend chaque pi\u00e8ce soign\u00e9e et pr\u00e9cieuse, parfaite pour des notes, un journal ou des pens\u00e9es \u00e0 garder avec vous.  <\/p>\n<ul>\n<li>2 couleurs assorties : chaque commande est une petite surprise<\/li>\n<li>Couverture \u00e0 effet artisanal, agr\u00e9able au toucher<\/li>\n<li>Illustrations florales pastel et d\u00e9tails d\u00e9licats<\/li>\n<li>Ficelle naturelle avec \u00e9tiquette assortie, id\u00e9al comme cadeau<\/li>\n<li>Format 14&#215;20 cm pratique dans un sac<\/li>\n<\/ul>\n","protected":false},"excerpt":{"rendered":"<p>Cahier en papier fabriqu\u00e9 \u00e0 la main avec une <strong>couverture textur\u00e9e<\/strong> et des bordures l\u00e9g\u00e8rement irr\u00e9guli\u00e8res. Vous voyez ici <strong>deux couleurs assorties<\/strong>: l&rsquo;une <strong>rose poudr\u00e9<\/strong> avec une illustration botanique et un papillon, l&rsquo;autre <strong>vert sauge<\/strong> avec une guirlande florale et un oiseau. Chaque carnet est termin\u00e9 par une <strong>ficelle naturelle nou\u00e9e<\/strong> et une <strong>\u00e9tiquette d\u00e9corative<\/strong> assortie : un simple d\u00e9tail qui le rend imm\u00e9diatement \u00ab\u00a0digne d&rsquo;\u00eatre offert\u00a0\u00bb.  <\/p>\n<p><strong>Dimensions<\/strong><br \/>\nDimensions 14 x 20 cm.<\/p>\n","protected":false},"featured_media":222989,"comment_status":"open","ping_status":"closed","template":"","meta":{"_joinchat":[]},"pwb-brand":[2090],"product_brand":[],"product_cat":[1505],"product_tag":[3402,2283],"class_list":{"0":"post-222994","1":"product","2":"type-product","3":"status-publish","4":"has-post-thumbnail","6":"pwb-brand-nuvole-di-stoffa-es","7":"product_cat-objets","8":"product_tag-colleccion-fiorira","9":"product_tag-idea-de-regalo","11":"first","12":"instock","13":"taxable","14":"shipping-taxable","15":"purchasable","16":"product-type-variable"},"brands":[{"id":1563,"name":"Nuvole di Stoffa","slug":"nuvole-di-stoffa-fr"}],"_links":{"self":[{"href":"https:\/\/www.tendenzeshabbychic.it\/fr\/wp-json\/wp\/v2\/product\/222994","targetHints":{"allow":["GET"]}}],"collection":[{"href":"https:\/\/www.tendenzeshabbychic.it\/fr\/wp-json\/wp\/v2\/product"}],"about":[{"href":"https:\/\/www.tendenzeshabbychic.it\/fr\/wp-json\/wp\/v2\/types\/product"}],"replies":[{"embeddable":true,"href":"https:\/\/www.tendenzeshabbychic.it\/fr\/wp-json\/wp\/v2\/comments?post=222994"}],"wp:featuredmedia":[{"embeddable":true,"href":"https:\/\/www.tendenzeshabbychic.it\/fr\/wp-json\/wp\/v2\/media\/222989"}],"wp:attachment":[{"href":"https:\/\/www.tendenzeshabbychic.it\/fr\/wp-json\/wp\/v2\/media?parent=222994"}],"wp:term":[{"taxonomy":"pwb-brand","embeddable":true,"href":"https:\/\/www.tendenzeshabbychic.it\/fr\/wp-json\/wp\/v2\/pwb-brand?post=222994"},{"taxonomy":"product_brand","embeddable":true,"href":"https:\/\/www.tendenzeshabbychic.it\/fr\/wp-json\/wp\/v2\/product_brand?post=222994"},{"taxonomy":"product_cat","embeddable":true,"href":"https:\/\/www.tendenzeshabbychic.it\/fr\/wp-json\/wp\/v2\/product_cat?post=222994"},{"taxonomy":"product_tag","embeddable":true,"href":"https:\/\/www.tendenzeshabbychic.it\/fr\/wp-json\/wp\/v2\/product_tag?post=222994"}],"curies":[{"name":"wp","href":"https:\/\/api.w.org\/{rel}","templated":true}]}}