{"id":222978,"date":"2026-01-27T00:00:01","date_gmt":"2026-01-26T23:00:01","guid":{"rendered":"https:\/\/www.tendenzeshabbychic.it\/prodotto\/nuvole-di-stoffa-carnet-de-notes-fleurira-11x21-cm\/"},"modified":"2026-01-20T11:55:11","modified_gmt":"2026-01-20T10:55:11","slug":"nuvole-di-stoffa-carnet-de-notes-fleurira-11x21-cm","status":"publish","type":"product","link":"https:\/\/www.tendenzeshabbychic.it\/fr\/produit\/nuvole-di-stoffa-carnet-de-notes-fleurira-11x21-cm\/","title":{"rendered":"Nuvole di Stoffa Carnet de notes fleurira 11&#215;21 cm"},"content":{"rendered":"<p>Un carnet qui apporte imm\u00e9diatement un air de printemps sur le bureau. La photo montre des couvertures aux <strong>illustrations d\u00e9licates<\/strong> et \u00e0 la finition \u00ab\u00a0textur\u00e9e\u00a0\u00bb, avec des bords l\u00e9g\u00e8rement irr\u00e9guliers qui rappellent le papier fait \u00e0 la main. Le d\u00e9tail en <strong>ficelle de jute<\/strong> avec une \u00e9tiquette rend chaque pi\u00e8ce soign\u00e9e et pr\u00eate \u00e0 \u00eatre offerte : id\u00e9al pour les notes, les listes, le journal ou les pens\u00e9es de tous les jours. <strong>Assortis en 2 graphismes<\/strong>, c&rsquo;est un choix facile et surprenant : chaque commande est une petite d\u00e9couverte dans le style de Fiorir\u00e0.   <\/p>\n<ul>\n<li>2 mod\u00e8les assortis, des looks toujours diff\u00e9rents<\/li>\n<li>Illustrations pastel romantiques (fleurs, cages, oiseaux)<\/li>\n<li>Fermeture d\u00e9corative avec ficelle naturelle et \u00e9tiquette assortie<\/li>\n<li>Format mince 11&#215;21 cm : pratique dans un sac<\/li>\n<li>Parfait pour un cadeau \u00ab\u00a0pr\u00eat \u00e0 offrir\u00a0\u00bb.<\/li>\n<\/ul>\n","protected":false},"excerpt":{"rendered":"<p>Cahier en papier de style Shabby Chic, <strong>collection Fiorir\u00e0<\/strong>, avec couvertures illustr\u00e9es \u00e0 l&rsquo;aquarelle dans des tons pastel. Vous voyez ici <strong>deux mod\u00e8les assortis<\/strong>: l&rsquo;un vert sauge avec une guirlande florale et une <strong>cage d\u00e9corative<\/strong>, l&rsquo;autre blanc avec un motif romantique (fleurs, oiseaux, charrettes) et l&rsquo;inscription <strong>\u00ab\u00a0GROW in your own time\u00a0\u00bb (grandissez \u00e0 votre rythme)<\/strong>. Chaque carnet est termin\u00e9 par une <strong>ficelle naturelle nou\u00e9e<\/strong> et une <strong>\u00e9tiquette<\/strong> assortie. Il est \u00e9galement parfait comme petit cadeau.  <\/p>\n<p><strong>Dimensions<\/strong><br \/>\nDimensions 11 x 21 cm.<\/p>\n","protected":false},"featured_media":222976,"comment_status":"open","ping_status":"closed","template":"","meta":{"_joinchat":[]},"pwb-brand":[1563],"product_brand":[],"product_cat":[1505],"product_tag":[3401,1296],"class_list":{"0":"post-222978","1":"product","2":"type-product","3":"status-publish","4":"has-post-thumbnail","6":"pwb-brand-nuvole-di-stoffa-fr","7":"product_cat-objets","8":"product_tag-collection-fiorira","9":"product_tag-idee-de-cadeau","11":"first","12":"instock","13":"taxable","14":"shipping-taxable","15":"purchasable","16":"product-type-variable"},"brands":[{"id":1563,"name":"Nuvole di Stoffa","slug":"nuvole-di-stoffa-fr"}],"_links":{"self":[{"href":"https:\/\/www.tendenzeshabbychic.it\/fr\/wp-json\/wp\/v2\/product\/222978","targetHints":{"allow":["GET"]}}],"collection":[{"href":"https:\/\/www.tendenzeshabbychic.it\/fr\/wp-json\/wp\/v2\/product"}],"about":[{"href":"https:\/\/www.tendenzeshabbychic.it\/fr\/wp-json\/wp\/v2\/types\/product"}],"replies":[{"embeddable":true,"href":"https:\/\/www.tendenzeshabbychic.it\/fr\/wp-json\/wp\/v2\/comments?post=222978"}],"wp:featuredmedia":[{"embeddable":true,"href":"https:\/\/www.tendenzeshabbychic.it\/fr\/wp-json\/wp\/v2\/media\/222976"}],"wp:attachment":[{"href":"https:\/\/www.tendenzeshabbychic.it\/fr\/wp-json\/wp\/v2\/media?parent=222978"}],"wp:term":[{"taxonomy":"pwb-brand","embeddable":true,"href":"https:\/\/www.tendenzeshabbychic.it\/fr\/wp-json\/wp\/v2\/pwb-brand?post=222978"},{"taxonomy":"product_brand","embeddable":true,"href":"https:\/\/www.tendenzeshabbychic.it\/fr\/wp-json\/wp\/v2\/product_brand?post=222978"},{"taxonomy":"product_cat","embeddable":true,"href":"https:\/\/www.tendenzeshabbychic.it\/fr\/wp-json\/wp\/v2\/product_cat?post=222978"},{"taxonomy":"product_tag","embeddable":true,"href":"https:\/\/www.tendenzeshabbychic.it\/fr\/wp-json\/wp\/v2\/product_tag?post=222978"}],"curies":[{"name":"wp","href":"https:\/\/api.w.org\/{rel}","templated":true}]}}