{"id":222958,"date":"2026-01-20T11:30:34","date_gmt":"2026-01-20T10:30:34","guid":{"rendered":"https:\/\/www.tendenzeshabbychic.it\/prodotto\/nuvole-di-stoffa-peluche-lapin-rose-pepen-h-25-cm\/"},"modified":"2026-01-20T11:30:34","modified_gmt":"2026-01-20T10:30:34","slug":"nuvole-di-stoffa-peluche-lapin-rose-pepen-h-25-cm","status":"publish","type":"product","link":"https:\/\/www.tendenzeshabbychic.it\/fr\/produit\/nuvole-di-stoffa-peluche-lapin-rose-pepen-h-25-cm\/","title":{"rendered":"Nuvole di Stoffa peluche lapin rose PePen H 25 cm"},"content":{"rendered":"<p>Ce lapin peluche Nuvole di Stoffa de PePen est con\u00e7u pour ceux qui aiment les ambiances douces et cosy. Le doux rev\u00eatement rose poudr\u00e9 est extr\u00eamement agr\u00e9able au toucher et donne une impression de confort et de qualit\u00e9. Les d\u00e9tails ivoire sur le museau, les pattes et le n\u0153ud cr\u00e9ent un contraste de couleurs raffin\u00e9, ce qui permet de l&rsquo;assortir facilement \u00e0 diff\u00e9rents styles d&rsquo;ameublement.  <\/p>\n<p>Sa taille compacte le rend id\u00e9al pour les \u00e9tag\u00e8res, les chaises longues, les fauteuils ou comme cadeau \u00e9l\u00e9gant et affectueux, parfait non seulement pour P\u00e2ques mais aussi pour toute occasion sp\u00e9ciale.<\/p>\n<p><strong>Points forts<\/strong><\/p>\n<ul>\n<li>Peluche douce et moelleuse de haute qualit\u00e9<\/li>\n<li>Couleur rose poudr\u00e9 d\u00e9licate et \u00e9l\u00e9gante<\/li>\n<li>Noeud d\u00e9coratif en ivoire<\/li>\n<li>Taille compacte, id\u00e9ale comme d\u00e9coration ou cadeau<\/li>\n<\/ul>\n","protected":false},"excerpt":{"rendered":"<p>Un adorable lapin rose en peluche de la collection PePen, fabriqu\u00e9 dans un tissu ultra-doux et velout\u00e9. Les longues oreilles, le n\u0153ud ivoire et les pattes assorties cr\u00e9ent un design d\u00e9licat et \u00e9l\u00e9gant, parfait comme d\u00e9coration Shabby Chic ou comme id\u00e9e cadeau tendre et raffin\u00e9e. <\/p>\n<p><em>Dimensions :<\/em><br \/>\nH 25 cm<\/p>\n","protected":false},"featured_media":222956,"comment_status":"open","ping_status":"closed","template":"","meta":{"_joinchat":[]},"pwb-brand":[1563],"product_brand":[],"product_cat":[1505,1609],"product_tag":[3393,1379,3399],"class_list":{"0":"post-222958","1":"product","2":"type-product","3":"status-publish","4":"has-post-thumbnail","6":"pwb-brand-nuvole-di-stoffa-fr","7":"product_cat-objets","8":"product_cat-paques","9":"product_tag-collection-pepen","10":"product_tag-lapins","11":"product_tag-poupees-et-peluches","13":"first","14":"instock","15":"sale","16":"taxable","17":"shipping-taxable","18":"purchasable","19":"product-type-simple"},"brands":[{"id":1563,"name":"Nuvole di Stoffa","slug":"nuvole-di-stoffa-fr"}],"_links":{"self":[{"href":"https:\/\/www.tendenzeshabbychic.it\/fr\/wp-json\/wp\/v2\/product\/222958","targetHints":{"allow":["GET"]}}],"collection":[{"href":"https:\/\/www.tendenzeshabbychic.it\/fr\/wp-json\/wp\/v2\/product"}],"about":[{"href":"https:\/\/www.tendenzeshabbychic.it\/fr\/wp-json\/wp\/v2\/types\/product"}],"replies":[{"embeddable":true,"href":"https:\/\/www.tendenzeshabbychic.it\/fr\/wp-json\/wp\/v2\/comments?post=222958"}],"wp:featuredmedia":[{"embeddable":true,"href":"https:\/\/www.tendenzeshabbychic.it\/fr\/wp-json\/wp\/v2\/media\/222956"}],"wp:attachment":[{"href":"https:\/\/www.tendenzeshabbychic.it\/fr\/wp-json\/wp\/v2\/media?parent=222958"}],"wp:term":[{"taxonomy":"pwb-brand","embeddable":true,"href":"https:\/\/www.tendenzeshabbychic.it\/fr\/wp-json\/wp\/v2\/pwb-brand?post=222958"},{"taxonomy":"product_brand","embeddable":true,"href":"https:\/\/www.tendenzeshabbychic.it\/fr\/wp-json\/wp\/v2\/product_brand?post=222958"},{"taxonomy":"product_cat","embeddable":true,"href":"https:\/\/www.tendenzeshabbychic.it\/fr\/wp-json\/wp\/v2\/product_cat?post=222958"},{"taxonomy":"product_tag","embeddable":true,"href":"https:\/\/www.tendenzeshabbychic.it\/fr\/wp-json\/wp\/v2\/product_tag?post=222958"}],"curies":[{"name":"wp","href":"https:\/\/api.w.org\/{rel}","templated":true}]}}