{"id":222954,"date":"2026-01-20T11:30:53","date_gmt":"2026-01-20T10:30:53","guid":{"rendered":"https:\/\/www.tendenzeshabbychic.it\/prodotto\/nuvole-di-stoffa-peluche-lapin-gris-pepen-h-25-cm\/"},"modified":"2026-01-20T11:30:53","modified_gmt":"2026-01-20T10:30:53","slug":"nuvole-di-stoffa-peluche-lapin-gris-pepen-h-25-cm","status":"publish","type":"product","link":"https:\/\/www.tendenzeshabbychic.it\/fr\/produit\/nuvole-di-stoffa-peluche-lapin-gris-pepen-h-25-cm\/","title":{"rendered":"Nuvole di Stoffa peluche lapin gris PePen H 25 cm"},"content":{"rendered":"<p>Ce lapin en peluche Nuvole dioffa est con\u00e7u pour v\u00e9hiculer le confort et la douceur. Le doux rev\u00eatement gris clair a une texture velout\u00e9e agr\u00e9able au toucher, id\u00e9ale pour cr\u00e9er une atmosph\u00e8re chaleureuse. Les d\u00e9tails de couleur ivoire sur le museau, les pattes et le n\u0153ud ajoutent de la luminosit\u00e9 et de la sophistication, ce qui permet de l&rsquo;assortir facilement \u00e0 diff\u00e9rents styles d&rsquo;ameublement. Gr\u00e2ce \u00e0 sa taille compacte, il est parfait pour les \u00e9tag\u00e8res, les chambres \u00e0 coucher, les lits d&rsquo;enfant ou les coins d\u00e9tente, mais aussi comme cadeau \u00e9l\u00e9gant et intemporel.   <\/p>\n<p><strong>Points forts<\/strong><\/p>\n<ul>\n<li>Peluche douce et moelleuse de haute qualit\u00e9<\/li>\n<li>Couleur gris perle d\u00e9licate et \u00e9l\u00e9gante<\/li>\n<li>Noeud d\u00e9coratif en ivoire<\/li>\n<li>Taille compacte, id\u00e9ale comme d\u00e9coration ou cadeau<\/li>\n<\/ul>\n","protected":false},"excerpt":{"rendered":"<p>D\u00e9licat lapin en peluche gris perle de la collection PePen, en tissu ultra-doux et velout\u00e9. Les longues oreilles, le n\u0153ud de couleur ivoire et les pattes assorties cr\u00e9ent un design \u00e9l\u00e9gant et rassurant, parfait comme accessoire d&rsquo;ameublement ou comme id\u00e9e de cadeau. <\/p>\n<p><em>Dimensions :<\/em><br \/>\nH 25 cm<\/p>\n","protected":false},"featured_media":222952,"comment_status":"open","ping_status":"closed","template":"","meta":{"_joinchat":[]},"pwb-brand":[1563],"product_brand":[],"product_cat":[1505,1609],"product_tag":[3393,1379,3399],"class_list":{"0":"post-222954","1":"product","2":"type-product","3":"status-publish","4":"has-post-thumbnail","6":"pwb-brand-nuvole-di-stoffa-fr","7":"product_cat-objets","8":"product_cat-paques","9":"product_tag-collection-pepen","10":"product_tag-lapins","11":"product_tag-poupees-et-peluches","13":"first","14":"instock","15":"sale","16":"taxable","17":"shipping-taxable","18":"purchasable","19":"product-type-simple"},"brands":[{"id":1563,"name":"Nuvole di Stoffa","slug":"nuvole-di-stoffa-fr"}],"_links":{"self":[{"href":"https:\/\/www.tendenzeshabbychic.it\/fr\/wp-json\/wp\/v2\/product\/222954","targetHints":{"allow":["GET"]}}],"collection":[{"href":"https:\/\/www.tendenzeshabbychic.it\/fr\/wp-json\/wp\/v2\/product"}],"about":[{"href":"https:\/\/www.tendenzeshabbychic.it\/fr\/wp-json\/wp\/v2\/types\/product"}],"replies":[{"embeddable":true,"href":"https:\/\/www.tendenzeshabbychic.it\/fr\/wp-json\/wp\/v2\/comments?post=222954"}],"wp:featuredmedia":[{"embeddable":true,"href":"https:\/\/www.tendenzeshabbychic.it\/fr\/wp-json\/wp\/v2\/media\/222952"}],"wp:attachment":[{"href":"https:\/\/www.tendenzeshabbychic.it\/fr\/wp-json\/wp\/v2\/media?parent=222954"}],"wp:term":[{"taxonomy":"pwb-brand","embeddable":true,"href":"https:\/\/www.tendenzeshabbychic.it\/fr\/wp-json\/wp\/v2\/pwb-brand?post=222954"},{"taxonomy":"product_brand","embeddable":true,"href":"https:\/\/www.tendenzeshabbychic.it\/fr\/wp-json\/wp\/v2\/product_brand?post=222954"},{"taxonomy":"product_cat","embeddable":true,"href":"https:\/\/www.tendenzeshabbychic.it\/fr\/wp-json\/wp\/v2\/product_cat?post=222954"},{"taxonomy":"product_tag","embeddable":true,"href":"https:\/\/www.tendenzeshabbychic.it\/fr\/wp-json\/wp\/v2\/product_tag?post=222954"}],"curies":[{"name":"wp","href":"https:\/\/api.w.org\/{rel}","templated":true}]}}